{"id":9912,"date":"2024-04-10T17:47:41","date_gmt":"2024-04-10T17:47:41","guid":{"rendered":"https:\/\/thecozylady.com\/contact-us\/"},"modified":"2024-08-18T10:21:16","modified_gmt":"2024-08-18T10:21:16","slug":"bize-ulasin","status":"publish","type":"page","link":"https:\/\/thecozylady.com\/tr\/bize-ulasin\/","title":{"rendered":"Bize Ula\u015f\u0131n"},"content":{"rendered":"\t\t<div data-elementor-type=\"wp-page\" data-elementor-id=\"9912\" class=\"elementor elementor-9912 elementor-3716\">\n\t\t\t\t\t\t<section class=\"elementor-section elementor-top-section elementor-element elementor-element-3910f5d8 elementor-section-boxed elementor-section-height-default elementor-section-height-default\" data-id=\"3910f5d8\" data-element_type=\"section\">\n\t\t\t\t\t\t<div class=\"elementor-container elementor-column-gap-default\">\n\t\t\t\t\t<div class=\"elementor-column elementor-col-33 elementor-top-column elementor-element elementor-element-702cb635\" data-id=\"702cb635\" data-element_type=\"column\">\n\t\t\t<div class=\"elementor-widget-wrap elementor-element-populated\">\n\t\t\t\t\t\t<div class=\"elementor-element elementor-element-66cf29dd elementor-widget elementor-widget-google_maps\" data-id=\"66cf29dd\" data-element_type=\"widget\" data-widget_type=\"google_maps.default\">\n\t\t\t\t<div class=\"elementor-widget-container\">\n\t\t\t<style>\/*! elementor - v3.20.0 - 10-04-2024 *\/\n.elementor-widget-google_maps .elementor-widget-container{overflow:hidden}.elementor-widget-google_maps .elementor-custom-embed{line-height:0}.elementor-widget-google_maps iframe{height:300px}<\/style>\t\t<div class=\"elementor-custom-embed\">\n\t\t\t<iframe loading=\"lazy\"\n\t\t\t\t\tsrc=\"https:\/\/maps.google.com\/maps?q=Orhangazi%20mah.%20Ataol%20sk.%20no.4%20Eski%C5%9Fehir%20%2F%20T%C3%BCrkiye&#038;t=m&#038;z=16&#038;output=embed&#038;iwloc=near\"\n\t\t\t\t\ttitle=\"Orhangazi mah. Ataol sk. no.4 Eski\u015fehir \/ T\u00fcrkiye\"\n\t\t\t\t\taria-label=\"Orhangazi mah. Ataol sk. no.4 Eski\u015fehir \/ T\u00fcrkiye\"\n\t\t\t><\/iframe>\n\t\t<\/div>\n\t\t\t\t<\/div>\n\t\t\t\t<\/div>\n\t\t\t\t\t<\/div>\n\t\t<\/div>\n\t\t\t\t<div class=\"elementor-column elementor-col-66 elementor-top-column elementor-element elementor-element-61c17b71\" data-id=\"61c17b71\" data-element_type=\"column\">\n\t\t\t<div class=\"elementor-widget-wrap elementor-element-populated\">\n\t\t\t\t\t\t<section class=\"elementor-section elementor-inner-section elementor-element elementor-element-44ef4767 elementor-section-boxed elementor-section-height-default elementor-section-height-default\" data-id=\"44ef4767\" data-element_type=\"section\">\n\t\t\t\t\t\t<div class=\"elementor-container elementor-column-gap-default\">\n\t\t\t\t\t<div class=\"elementor-column elementor-col-50 elementor-inner-column elementor-element elementor-element-182f25b0\" data-id=\"182f25b0\" data-element_type=\"column\">\n\t\t\t<div class=\"elementor-widget-wrap elementor-element-populated\">\n\t\t\t\t\t\t<div class=\"elementor-element elementor-element-169f1741 elementor-widget elementor-widget-heading\" data-id=\"169f1741\" data-element_type=\"widget\" data-widget_type=\"heading.default\">\n\t\t\t\t<div class=\"elementor-widget-container\">\n\t\t\t<style>\/*! elementor - v3.20.0 - 10-04-2024 *\/\n.elementor-heading-title{padding:0;margin:0;line-height:1}.elementor-widget-heading .elementor-heading-title[class*=elementor-size-]>a{color:inherit;font-size:inherit;line-height:inherit}.elementor-widget-heading .elementor-heading-title.elementor-size-small{font-size:15px}.elementor-widget-heading .elementor-heading-title.elementor-size-medium{font-size:19px}.elementor-widget-heading .elementor-heading-title.elementor-size-large{font-size:29px}.elementor-widget-heading .elementor-heading-title.elementor-size-xl{font-size:39px}.elementor-widget-heading .elementor-heading-title.elementor-size-xxl{font-size:59px}<\/style><h3 class=\"elementor-heading-title elementor-size-default\">Adresimiz<\/h3>\t\t<\/div>\n\t\t\t\t<\/div>\n\t\t\t\t<div class=\"elementor-element elementor-element-587b5103 elementor-widget elementor-widget-text-editor\" data-id=\"587b5103\" data-element_type=\"widget\" data-widget_type=\"text-editor.default\">\n\t\t\t\t<div class=\"elementor-widget-container\">\n\t\t\t<style>\/*! elementor - v3.20.0 - 10-04-2024 *\/\n.elementor-widget-text-editor.elementor-drop-cap-view-stacked .elementor-drop-cap{background-color:#69727d;color:#fff}.elementor-widget-text-editor.elementor-drop-cap-view-framed .elementor-drop-cap{color:#69727d;border:3px solid;background-color:transparent}.elementor-widget-text-editor:not(.elementor-drop-cap-view-default) .elementor-drop-cap{margin-top:8px}.elementor-widget-text-editor:not(.elementor-drop-cap-view-default) .elementor-drop-cap-letter{width:1em;height:1em}.elementor-widget-text-editor .elementor-drop-cap{float:left;text-align:center;line-height:1;font-size:50px}.elementor-widget-text-editor .elementor-drop-cap-letter{display:inline-block}<\/style>\t\t\t\t<p>Orhangazi mah. Ataol sk. no.4 Eski\u015fehir\/T\u00fcrkiye<\/p>\t\t\t\t\t\t<\/div>\n\t\t\t\t<\/div>\n\t\t\t\t\t<\/div>\n\t\t<\/div>\n\t\t\t\t<div class=\"elementor-column elementor-col-50 elementor-inner-column elementor-element elementor-element-18e715d8\" data-id=\"18e715d8\" data-element_type=\"column\">\n\t\t\t<div class=\"elementor-widget-wrap elementor-element-populated\">\n\t\t\t\t\t\t<div class=\"elementor-element elementor-element-40ff2cfa elementor-widget elementor-widget-heading\" data-id=\"40ff2cfa\" data-element_type=\"widget\" data-widget_type=\"heading.default\">\n\t\t\t\t<div class=\"elementor-widget-container\">\n\t\t\t<h3 class=\"elementor-heading-title elementor-size-default\">Telefonumuz<\/h3>\t\t<\/div>\n\t\t\t\t<\/div>\n\t\t\t\t<div class=\"elementor-element elementor-element-325502ab elementor-widget elementor-widget-text-editor\" data-id=\"325502ab\" data-element_type=\"widget\" data-widget_type=\"text-editor.default\">\n\t\t\t\t<div class=\"elementor-widget-container\">\n\t\t\t\t\t\t\t<p>(+90) 551 885 21 75<\/p>\t\t\t\t\t\t<\/div>\n\t\t\t\t<\/div>\n\t\t\t\t\t<\/div>\n\t\t<\/div>\n\t\t\t\t\t<\/div>\n\t\t<\/section>\n\t\t\t\t<section class=\"elementor-section elementor-inner-section elementor-element elementor-element-1cf258c2 elementor-section-boxed elementor-section-height-default elementor-section-height-default\" data-id=\"1cf258c2\" data-element_type=\"section\">\n\t\t\t\t\t\t<div class=\"elementor-container elementor-column-gap-default\">\n\t\t\t\t\t<div class=\"elementor-column elementor-col-50 elementor-inner-column elementor-element elementor-element-303f6f1e\" data-id=\"303f6f1e\" data-element_type=\"column\">\n\t\t\t<div class=\"elementor-widget-wrap elementor-element-populated\">\n\t\t\t\t\t\t<div class=\"elementor-element elementor-element-641e159a elementor-widget elementor-widget-heading\" data-id=\"641e159a\" data-element_type=\"widget\" data-widget_type=\"heading.default\">\n\t\t\t\t<div class=\"elementor-widget-container\">\n\t\t\t<h3 class=\"elementor-heading-title elementor-size-default\">E-posta Adresimiz<\/h3>\t\t<\/div>\n\t\t\t\t<\/div>\n\t\t\t\t<div class=\"elementor-element elementor-element-7f26dce9 elementor-widget elementor-widget-text-editor\" data-id=\"7f26dce9\" data-element_type=\"widget\" data-widget_type=\"text-editor.default\">\n\t\t\t\t<div class=\"elementor-widget-container\">\n\t\t\t\t\t\t\t<p>hello@thecozylady.com<\/p>\t\t\t\t\t\t<\/div>\n\t\t\t\t<\/div>\n\t\t\t\t\t<\/div>\n\t\t<\/div>\n\t\t\t\t<div class=\"elementor-column elementor-col-50 elementor-inner-column elementor-element elementor-element-6f05ddab\" data-id=\"6f05ddab\" data-element_type=\"column\">\n\t\t\t<div class=\"elementor-widget-wrap elementor-element-populated\">\n\t\t\t\t\t\t<div class=\"elementor-element elementor-element-723bd519 elementor-widget elementor-widget-heading\" data-id=\"723bd519\" data-element_type=\"widget\" data-widget_type=\"heading.default\">\n\t\t\t\t<div class=\"elementor-widget-container\">\n\t\t\t<h3 class=\"elementor-heading-title elementor-size-default\">Sosyal Medya<\/h3>\t\t<\/div>\n\t\t\t\t<\/div>\n\t\t\t\t<div class=\"elementor-element elementor-element-4d63b8da elementor-widget elementor-widget-wp-widget-nasa_share_sc\" data-id=\"4d63b8da\" data-element_type=\"widget\" data-widget_type=\"wp-widget-nasa_share_sc.default\">\n\t\t\t\t<div class=\"elementor-widget-container\">\n\t\t\t<ul class=\"ns-social social-icons nasa-share\"><li><a href=\"https:\/\/twitter.com\/share?url=https:\/\/thecozylady.com\/tr\/bize-ulasin\/\" target=\"_blank\" class=\"icon nasa-tip\" title=\"X&#039;te payla\u015f\" rel=\"nofollow\"><svg viewBox=\"0 0 24 24\" with=\"14.5\" height=\"14.5\" aria-hidden=\"true\" fill=\"currentColor\"><path d=\"M18.244 2.25h3.308l-7.227 8.26 8.502 11.24H16.17l-5.214-6.817L4.99 21.75H1.68l7.73-8.835L1.254 2.25H8.08l4.713 6.231zm-1.161 17.52h1.833L7.084 4.126H5.117z\"\/><\/svg><\/a><\/li><li><a href=\"https:\/\/www.facebook.com\/sharer.php?u=https:\/\/thecozylady.com\/tr\/bize-ulasin\/\" target=\"_blank\" class=\"icon nasa-tip\" title=\"Facebook&#039;ta Payla\u015f\" rel=\"nofollow\"><svg viewBox=\"0 0 32 32\" with=\"15\" height=\"15\" fill=\"currentColor\"><path d=\"M 19.253906 2 C 15.311906 2 13 4.0821719 13 8.8261719 L 13 13 L 8 13 L 8 18 L 13 18 L 13 30 L 18 30 L 18 18 L 22 18 L 23 13 L 18 13 L 18 9.671875 C 18 7.884875 18.582766 7 20.259766 7 L 23 7 L 23 2.2050781 C 22.526 2.1410781 21.144906 2 19.253906 2 z\"\/><\/svg><\/a><\/li><li><a href=\"https:\/\/pinterest.com\/pin\/create\/button\/?url=https:\/\/thecozylady.com\/tr\/bize-ulasin\/&amp;media=https:\/\/thecozylady.com\/wp-content\/uploads\/2024\/04\/Varlik-14.png&amp;description=Bize%20Ula%C5%9F%C4%B1n\" target=\"_blank\" class=\"icon nasa-tip\" title=\"Pinterest&#039;te Pin\" rel=\"nofollow\"><svg viewBox=\"0 0 16 16\" width=\"16\" height=\"16\" fill=\"currentColor\"><path d=\"M 7.5 1 C 3.910156 1 1 3.910156 1 7.5 C 1 10.253906 2.714844 12.605469 5.132813 13.554688 C 5.074219 13.039063 5.023438 12.25 5.152344 11.6875 C 5.273438 11.183594 5.914063 8.457031 5.914063 8.457031 C 5.914063 8.457031 5.722656 8.066406 5.722656 7.492188 C 5.722656 6.589844 6.246094 5.914063 6.898438 5.914063 C 7.453125 5.914063 7.71875 6.332031 7.71875 6.828125 C 7.71875 7.386719 7.363281 8.222656 7.183594 8.992188 C 7.027344 9.640625 7.507813 10.167969 8.144531 10.167969 C 9.300781 10.167969 10.1875 8.949219 10.1875 7.191406 C 10.1875 5.636719 9.070313 4.546875 7.472656 4.546875 C 5.625 4.546875 4.539063 5.933594 4.539063 7.367188 C 4.539063 7.925781 4.753906 8.527344 5.023438 8.851563 C 5.074219 8.917969 5.082031 8.972656 5.066406 9.039063 C 5.019531 9.242188 4.90625 9.6875 4.886719 9.777344 C 4.859375 9.894531 4.792969 9.921875 4.667969 9.863281 C 3.855469 9.484375 3.347656 8.296875 3.347656 7.34375 C 3.347656 5.292969 4.839844 3.410156 7.644531 3.410156 C 9.898438 3.410156 11.652344 5.015625 11.652344 7.164063 C 11.652344 9.402344 10.238281 11.207031 8.277344 11.207031 C 7.617188 11.207031 7 10.863281 6.789063 10.460938 C 6.789063 10.460938 6.460938 11.703125 6.382813 12.007813 C 6.234375 12.570313 5.839844 13.277344 5.574219 13.710938 C 6.183594 13.898438 6.828125 14 7.5 14 C 11.089844 14 14 11.089844 14 7.5 C 14 3.910156 11.089844 1 7.5 1 Z\"\/><\/svg><\/a><\/li><li><a href=\"https:\/\/telegram.me\/share\/?url=https:\/\/thecozylady.com\/tr\/bize-ulasin\/\" target=\"_blank\" class=\"icon nasa-tip\" title=\"Telegram&#039;da Payla\u015f\" rel=\"nofollow\"><svg viewBox=\"0 0 50 50\" width=\"16\" height=\"16\" fill=\"currentColor\"><path d=\"M25,2c12.703,0,23,10.297,23,23S37.703,48,25,48S2,37.703,2,25S12.297,2,25,2z M32.934,34.375 c0.423-1.298,2.405-14.234,2.65-16.783c0.074-0.772-0.17-1.285-0.648-1.514c-0.578-0.278-1.434-0.139-2.427,0.219 c-1.362,0.491-18.774,7.884-19.78,8.312c-0.954,0.405-1.856,0.847-1.856,1.487c0,0.45,0.267,0.703,1.003,0.966 c0.766,0.273,2.695,0.858,3.834,1.172c1.097,0.303,2.346,0.04,3.046-0.395c0.742-0.461,9.305-6.191,9.92-6.693 c0.614-0.502,1.104,0.141,0.602,0.644c-0.502,0.502-6.38,6.207-7.155,6.997c-0.941,0.959-0.273,1.953,0.358,2.351 c0.721,0.454,5.906,3.932,6.687,4.49c0.781,0.558,1.573,0.811,2.298,0.811C32.191,36.439,32.573,35.484,32.934,34.375z\"\/><\/svg><\/a><\/li><li><a href=\"https:\/\/api.whatsapp.com\/send?text=https:\/\/thecozylady.com\/tr\/bize-ulasin\/\" target=\"_blank\" class=\"icon nasa-tip\" title=\"WhatsApp&#039;ta payla\u015f\" rel=\"nofollow\"><svg viewBox=\"0 0 24 24\" width=\"17\" height=\"17\" fill=\"currentColor\"><path d=\"M 12.011719 2 C 6.5057187 2 2.0234844 6.478375 2.0214844 11.984375 C 2.0204844 13.744375 2.4814687 15.462563 3.3554688 16.976562 L 2 22 L 7.2324219 20.763672 C 8.6914219 21.559672 10.333859 21.977516 12.005859 21.978516 L 12.009766 21.978516 C 17.514766 21.978516 21.995047 17.499141 21.998047 11.994141 C 22.000047 9.3251406 20.962172 6.8157344 19.076172 4.9277344 C 17.190172 3.0407344 14.683719 2.001 12.011719 2 z M 12.009766 4 C 14.145766 4.001 16.153109 4.8337969 17.662109 6.3417969 C 19.171109 7.8517969 20.000047 9.8581875 19.998047 11.992188 C 19.996047 16.396187 16.413812 19.978516 12.007812 19.978516 C 10.674812 19.977516 9.3544062 19.642812 8.1914062 19.007812 L 7.5175781 18.640625 L 6.7734375 18.816406 L 4.8046875 19.28125 L 5.2851562 17.496094 L 5.5019531 16.695312 L 5.0878906 15.976562 C 4.3898906 14.768562 4.0204844 13.387375 4.0214844 11.984375 C 4.0234844 7.582375 7.6067656 4 12.009766 4 z M 8.4765625 7.375 C 8.3095625 7.375 8.0395469 7.4375 7.8105469 7.6875 C 7.5815469 7.9365 6.9355469 8.5395781 6.9355469 9.7675781 C 6.9355469 10.995578 7.8300781 12.182609 7.9550781 12.349609 C 8.0790781 12.515609 9.68175 15.115234 12.21875 16.115234 C 14.32675 16.946234 14.754891 16.782234 15.212891 16.740234 C 15.670891 16.699234 16.690438 16.137687 16.898438 15.554688 C 17.106437 14.971687 17.106922 14.470187 17.044922 14.367188 C 16.982922 14.263188 16.816406 14.201172 16.566406 14.076172 C 16.317406 13.951172 15.090328 13.348625 14.861328 13.265625 C 14.632328 13.182625 14.464828 13.140625 14.298828 13.390625 C 14.132828 13.640625 13.655766 14.201187 13.509766 14.367188 C 13.363766 14.534188 13.21875 14.556641 12.96875 14.431641 C 12.71875 14.305641 11.914938 14.041406 10.960938 13.191406 C 10.218937 12.530406 9.7182656 11.714844 9.5722656 11.464844 C 9.4272656 11.215844 9.5585938 11.079078 9.6835938 10.955078 C 9.7955938 10.843078 9.9316406 10.663578 10.056641 10.517578 C 10.180641 10.371578 10.223641 10.267562 10.306641 10.101562 C 10.389641 9.9355625 10.347156 9.7890625 10.285156 9.6640625 C 10.223156 9.5390625 9.737625 8.3065 9.515625 7.8125 C 9.328625 7.3975 9.131125 7.3878594 8.953125 7.3808594 C 8.808125 7.3748594 8.6425625 7.375 8.4765625 7.375 z\"\/><\/svg><\/a><\/li><li><a href=\"https:\/\/vk.com\/share.php?url=https:\/\/thecozylady.com\/tr\/bize-ulasin\/&amp;title=Bize%20Ula%C5%9F%C4%B1n&amp;image=https:\/\/thecozylady.com\/wp-content\/uploads\/2024\/04\/Varlik-14.png\" target=\"_blank\" class=\"icon nasa-tip\" title=\"VK&#039;da payla\u015f\" rel=\"nofollow\"><svg viewBox=\"0 0 48 48\" width=\"18\" height=\"18\" fill=\"currentColor\"><path d=\"M45.763,35.202c-1.797-3.234-6.426-7.12-8.337-8.811c-0.523-0.463-0.579-1.264-0.103-1.776 c3.647-3.919,6.564-8.422,7.568-11.143C45.334,12.27,44.417,11,43.125,11l-3.753,0c-1.237,0-1.961,0.444-2.306,1.151 c-3.031,6.211-5.631,8.899-7.451,10.47c-1.019,0.88-2.608,0.151-2.608-1.188c0-2.58,0-5.915,0-8.28 c0-1.147-0.938-2.075-2.095-2.075L18.056,11c-0.863,0-1.356,0.977-0.838,1.662l1.132,1.625c0.426,0.563,0.656,1.248,0.656,1.951 L19,23.556c0,1.273-1.543,1.895-2.459,1.003c-3.099-3.018-5.788-9.181-6.756-12.128C9.505,11.578,8.706,11.002,7.8,11l-3.697-0.009 c-1.387,0-2.401,1.315-2.024,2.639c3.378,11.857,10.309,23.137,22.661,24.36c1.217,0.12,2.267-0.86,2.267-2.073l0-3.846 c0-1.103,0.865-2.051,1.977-2.079c0.039-0.001,0.078-0.001,0.117-0.001c3.267,0,6.926,4.755,8.206,6.979 c0.368,0.64,1.056,1.03,1.8,1.03l4.973,0C45.531,38,46.462,36.461,45.763,35.202z\"\/><\/svg><\/a><\/li><li><a href=\"https:\/\/connect.ok.ru\/offer?url=https:\/\/thecozylady.com\/tr\/bize-ulasin\/\" target=\"_blank\" class=\"icon nasa-tip\" title=\"Odnoklassniki&#039;de payla\u015f\u0131n\" rel=\"nofollow\"><svg viewBox=\"0 0 48 48\" width=\"17\" height=\"17\" fill=\"currentColor\"><path d=\"M 24 2 C 17.925 2 13 6.925 13 13 C 13 19.075 17.925 24 24 24 C 30.075 24 35 19.075 35 13 C 35 6.925 30.075 2 24 2 z M 24 8.9472656 C 26.238 8.9472656 28.052734 10.761 28.052734 13 C 28.052734 15.238 26.238 17.052734 24 17.052734 C 21.762 17.052734 19.947266 15.239 19.947266 13 C 19.947266 10.762 21.761 8.9472656 24 8.9472656 z M 33.185547 24.046875 C 32.402922 24.009469 31.6245 24.203187 30.9375 24.617188 C 26.7875 27.116187 21.2115 27.116187 17.0625 24.617188 C 15.1725 23.478188 12.710266 24.090469 11.572266 25.980469 C 11.021266 26.896469 10.858234 27.970813 11.115234 29.007812 C 11.373234 30.044812 12.019547 30.920703 12.935547 31.470703 C 14.396547 32.350703 15.959516 33.049594 17.603516 33.558594 L 12.009766 39.339844 C 11.300766 40.138844 10.942859 41.165422 11.005859 42.232422 C 11.068859 43.299422 11.542797 44.276328 12.341797 44.986328 C 13.105797 45.665328 14.060812 45.998047 15.007812 45.998047 C 16.103813 45.998047 17.189938 45.552547 17.960938 44.685547 L 24 38.443359 L 30.013672 44.652344 C 30.771672 45.506344 31.861906 45.994141 33.003906 45.994141 C 33.982906 45.994141 34.926156 45.635375 35.660156 44.984375 C 37.308156 43.519375 37.458844 40.986641 35.964844 39.306641 L 30.396484 33.558594 C 32.040484 33.048594 33.605406 32.34875 35.066406 31.46875 C 35.981406 30.91775 36.627766 30.044813 36.884766 29.007812 C 37.141766 27.970813 36.978734 26.895469 36.427734 25.980469 C 35.876734 25.065469 35.003797 24.419109 33.966797 24.162109 C 33.707797 24.097609 33.446422 24.059344 33.185547 24.046875 z\"\/><\/svg><\/a><\/li><li><a href=\"mailto:enter-your-mail@domain-here.com?subject=Bize%20Ula%C5%9F%C4%B1n&amp;body=Check%20this%20out:%20https:\/\/thecozylady.com\/tr\/bize-ulasin\/\" target=\"_blank\" class=\"icon nasa-tip\" title=\"arkada\u015flar\u0131na e-posta g\u00f6nder\" rel=\"nofollow\"><svg viewBox=\"0 0 24 24\" width=\"17\" height=\"17\" fill=\"currentColor\"><path d=\"M19,4H5A3,3,0,0,0,2,7V17a3,3,0,0,0,3,3H19a3,3,0,0,0,3-3V7A3,3,0,0,0,19,4ZM5,6H19a1,1,0,0,1,1,1l-8,4.88L4,7A1,1,0,0,1,5,6ZM20,17a1,1,0,0,1-1,1H5a1,1,0,0,1-1-1V9.28l7.48,4.57a1,1,0,0,0,1,0L20,9.28Z\"\/><\/svg><\/a><\/li><\/ul>\t\t<\/div>\n\t\t\t\t<\/div>\n\t\t\t\t\t<\/div>\n\t\t<\/div>\n\t\t\t\t\t<\/div>\n\t\t<\/section>\n\t\t\t\t<section class=\"elementor-section elementor-inner-section elementor-element elementor-element-48d446c5 elementor-section-boxed elementor-section-height-default elementor-section-height-default\" data-id=\"48d446c5\" data-element_type=\"section\">\n\t\t\t\t\t\t<div class=\"elementor-container elementor-column-gap-default\">\n\t\t\t\t\t<div class=\"elementor-column elementor-col-100 elementor-inner-column elementor-element elementor-element-7e4377a\" data-id=\"7e4377a\" data-element_type=\"column\">\n\t\t\t<div class=\"elementor-widget-wrap elementor-element-populated\">\n\t\t\t\t\t\t<div class=\"elementor-element elementor-element-3b971088 elementor-widget elementor-widget-text-editor\" data-id=\"3b971088\" data-element_type=\"widget\" data-widget_type=\"text-editor.default\">\n\t\t\t\t<div class=\"elementor-widget-container\">\n\t\t\t\t\t\t\t<p>Akl\u0131na tak\u0131lan bir \u015fey mi var? \u00c7ekinmeden bize ula\u015fabilirsin.<br \/>En k\u0131sa s\u00fcrede sana d\u00f6n\u00fc\u015f yapaca\u011f\u0131z. Sevgiler!<\/p>\t\t\t\t\t\t<\/div>\n\t\t\t\t<\/div>\n\t\t\t\t\t<\/div>\n\t\t<\/div>\n\t\t\t\t\t<\/div>\n\t\t<\/section>\n\t\t\t\t<section class=\"elementor-section elementor-inner-section elementor-element elementor-element-5c6d942b elementor-section-boxed elementor-section-height-default elementor-section-height-default\" data-id=\"5c6d942b\" data-element_type=\"section\">\n\t\t\t\t\t\t<div class=\"elementor-container elementor-column-gap-default\">\n\t\t\t\t\t<div class=\"elementor-column elementor-col-100 elementor-inner-column elementor-element elementor-element-191ef37d\" data-id=\"191ef37d\" data-element_type=\"column\">\n\t\t\t<div class=\"elementor-widget-wrap elementor-element-populated\">\n\t\t\t\t\t\t<div class=\"elementor-element elementor-element-3ea490f1 elementor-widget elementor-widget-heading\" data-id=\"3ea490f1\" data-element_type=\"widget\" data-widget_type=\"heading.default\">\n\t\t\t\t<div class=\"elementor-widget-container\">\n\t\t\t<h3 class=\"elementor-heading-title elementor-size-default\">Nas\u0131l yard\u0131mc\u0131 olabiliriz?<\/h3>\t\t<\/div>\n\t\t\t\t<\/div>\n\t\t\t\t<div class=\"elementor-element elementor-element-6ababf5b elementor-widget elementor-widget-shortcode\" data-id=\"6ababf5b\" data-element_type=\"widget\" data-widget_type=\"shortcode.default\">\n\t\t\t\t<div class=\"elementor-widget-container\">\n\t\t\t\t\t<div class=\"elementor-shortcode\">\n<div class=\"wpcf7 no-js\" id=\"wpcf7-f2151-o1\" lang=\"en-US\" dir=\"ltr\">\n<div class=\"screen-reader-response\"><p role=\"status\" aria-live=\"polite\" aria-atomic=\"true\"><\/p> <ul><\/ul><\/div>\n<form action=\"\/tr\/wp-json\/wp\/v2\/pages\/9912#wpcf7-f2151-o1\" method=\"post\" class=\"wpcf7-form init\" aria-label=\"Contact form\" novalidate=\"novalidate\" data-status=\"init\">\n<div style=\"display: none;\">\n<input type=\"hidden\" name=\"_wpcf7\" value=\"2151\" \/>\n<input type=\"hidden\" name=\"_wpcf7_version\" value=\"5.9.3\" \/>\n<input type=\"hidden\" name=\"_wpcf7_locale\" value=\"en_US\" \/>\n<input type=\"hidden\" name=\"_wpcf7_unit_tag\" value=\"wpcf7-f2151-o1\" \/>\n<input type=\"hidden\" name=\"_wpcf7_container_post\" value=\"0\" \/>\n<input type=\"hidden\" name=\"_wpcf7_posted_data_hash\" value=\"\" \/>\n<\/div>\n<div class=\"uacf7-form-2151\"><div class=\"contact-form-footer\">\n<div class=\"row\">\n    <div class=\"lt-col large-6 columns\">\n       <label> Your Name (required)\n           <span class=\"wpcf7-form-control-wrap\" data-name=\"your-name\"><input size=\"40\" class=\"wpcf7-form-control wpcf7-text wpcf7-validates-as-required\" aria-required=\"true\" aria-invalid=\"false\" placeholder=\"Your name\" value=\"\" type=\"text\" name=\"your-name\" \/><\/span> <\/label>\n    <\/div>\n    <div class=\"lt-col large-6 columns\">\n       <label> Your Email (required)\n          <span class=\"wpcf7-form-control-wrap\" data-name=\"your-email\"><input size=\"40\" class=\"wpcf7-form-control wpcf7-email wpcf7-validates-as-required wpcf7-text wpcf7-validates-as-email\" aria-required=\"true\" aria-invalid=\"false\" placeholder=\"Your email\" value=\"\" type=\"email\" name=\"your-email\" \/><\/span> <\/label>\n    <\/div>\n<\/div>\n\n\n<div class=\"row\">\n    <div class=\"large-12 columns\">\n         <label> Your Message\n         <span class=\"wpcf7-form-control-wrap\" data-name=\"your-message\"><textarea cols=\"100\" rows=\"10\" class=\"wpcf7-form-control wpcf7-textarea\" aria-invalid=\"false\" placeholder=\"Your message\" name=\"your-message\"><\/textarea><\/span>\n    <\/div>\n<\/div>\n\n<input class=\"wpcf7-form-control wpcf7-submit has-spinner button\" id=\"form-submit\" type=\"submit\" value=\"Submit\" \/>\n\n<\/div><\/div><div class=\"wpcf7-response-output\" aria-hidden=\"true\"><\/div>\n<\/form>\n<\/div>\n<\/div>\n\t\t\t\t<\/div>\n\t\t\t\t<\/div>\n\t\t\t\t\t<\/div>\n\t\t<\/div>\n\t\t\t\t\t<\/div>\n\t\t<\/section>\n\t\t\t\t\t<\/div>\n\t\t<\/div>\n\t\t\t\t\t<\/div>\n\t\t<\/section>\n\t\t\t\t<\/div>\n\t\t","protected":false},"excerpt":{"rendered":"<p>Adresimiz Orhangazi mah. Ataol sk. no.4 Eski\u015fehir\/T\u00fcrkiye Telefonumuz (+90) 551 885 21 75 E-posta Adresimiz hello@thecozylady.com Sosyal Medya Akl\u0131na tak\u0131lan bir \u015fey mi var? \u00c7ekinmeden bize ula\u015fabilirsin.En k\u0131sa s\u00fcrede sana d\u00f6n\u00fc\u015f yapaca\u011f\u0131z. Sevgiler! Nas\u0131l yard\u0131mc\u0131 olabiliriz?<\/p>\n","protected":false},"author":1,"featured_media":0,"parent":0,"menu_order":0,"comment_status":"closed","ping_status":"closed","template":"","meta":{"footnotes":""},"class_list":["post-9912","page","type-page","status-publish","hentry"],"_links":{"self":[{"href":"https:\/\/thecozylady.com\/tr\/wp-json\/wp\/v2\/pages\/9912","targetHints":{"allow":["GET"]}}],"collection":[{"href":"https:\/\/thecozylady.com\/tr\/wp-json\/wp\/v2\/pages"}],"about":[{"href":"https:\/\/thecozylady.com\/tr\/wp-json\/wp\/v2\/types\/page"}],"author":[{"embeddable":true,"href":"https:\/\/thecozylady.com\/tr\/wp-json\/wp\/v2\/users\/1"}],"replies":[{"embeddable":true,"href":"https:\/\/thecozylady.com\/tr\/wp-json\/wp\/v2\/comments?post=9912"}],"version-history":[{"count":5,"href":"https:\/\/thecozylady.com\/tr\/wp-json\/wp\/v2\/pages\/9912\/revisions"}],"predecessor-version":[{"id":10522,"href":"https:\/\/thecozylady.com\/tr\/wp-json\/wp\/v2\/pages\/9912\/revisions\/10522"}],"wp:attachment":[{"href":"https:\/\/thecozylady.com\/tr\/wp-json\/wp\/v2\/media?parent=9912"}],"curies":[{"name":"wp","href":"https:\/\/api.w.org\/{rel}","templated":true}]}}