{"id":9904,"date":"2024-04-10T17:47:41","date_gmt":"2024-04-10T17:47:41","guid":{"rendered":"https:\/\/thecozylady.com\/about-us\/"},"modified":"2024-08-18T11:30:18","modified_gmt":"2024-08-18T11:30:18","slug":"hakkimizda","status":"publish","type":"page","link":"https:\/\/thecozylady.com\/tr\/hakkimizda\/","title":{"rendered":"Hakk\u0131m\u0131zda"},"content":{"rendered":"\t\t<div data-elementor-type=\"wp-page\" data-elementor-id=\"9904\" class=\"elementor elementor-9904 elementor-3717\">\n\t\t\t\t\t\t<section class=\"elementor-section elementor-top-section elementor-element elementor-element-5158b412 elementor-section-boxed elementor-section-height-default elementor-section-height-default\" data-id=\"5158b412\" data-element_type=\"section\">\n\t\t\t\t\t\t<div class=\"elementor-container elementor-column-gap-default\">\n\t\t\t\t\t<div class=\"elementor-column elementor-col-33 elementor-top-column elementor-element elementor-element-11875c9\" data-id=\"11875c9\" data-element_type=\"column\">\n\t\t\t<div class=\"elementor-widget-wrap elementor-element-populated\">\n\t\t\t\t\t\t<div class=\"elementor-element elementor-element-27d8ef86 elementor-widget elementor-widget-heading\" data-id=\"27d8ef86\" data-element_type=\"widget\" data-widget_type=\"heading.default\">\n\t\t\t\t<div class=\"elementor-widget-container\">\n\t\t\t<style>\/*! elementor - v3.20.0 - 10-04-2024 *\/\n.elementor-heading-title{padding:0;margin:0;line-height:1}.elementor-widget-heading .elementor-heading-title[class*=elementor-size-]>a{color:inherit;font-size:inherit;line-height:inherit}.elementor-widget-heading .elementor-heading-title.elementor-size-small{font-size:15px}.elementor-widget-heading .elementor-heading-title.elementor-size-medium{font-size:19px}.elementor-widget-heading .elementor-heading-title.elementor-size-large{font-size:29px}.elementor-widget-heading .elementor-heading-title.elementor-size-xl{font-size:39px}.elementor-widget-heading .elementor-heading-title.elementor-size-xxl{font-size:59px}<\/style><h3 class=\"elementor-heading-title elementor-size-default\">Hikayemiz<\/h3>\t\t<\/div>\n\t\t\t\t<\/div>\n\t\t\t\t<div class=\"elementor-element elementor-element-6c441c0 elementor-widget elementor-widget-text-editor\" data-id=\"6c441c0\" data-element_type=\"widget\" data-widget_type=\"text-editor.default\">\n\t\t\t\t<div class=\"elementor-widget-container\">\n\t\t\t<style>\/*! elementor - v3.20.0 - 10-04-2024 *\/\n.elementor-widget-text-editor.elementor-drop-cap-view-stacked .elementor-drop-cap{background-color:#69727d;color:#fff}.elementor-widget-text-editor.elementor-drop-cap-view-framed .elementor-drop-cap{color:#69727d;border:3px solid;background-color:transparent}.elementor-widget-text-editor:not(.elementor-drop-cap-view-default) .elementor-drop-cap{margin-top:8px}.elementor-widget-text-editor:not(.elementor-drop-cap-view-default) .elementor-drop-cap-letter{width:1em;height:1em}.elementor-widget-text-editor .elementor-drop-cap{float:left;text-align:center;line-height:1;font-size:50px}.elementor-widget-text-editor .elementor-drop-cap-letter{display:inline-block}<\/style>\t\t\t\t<p data-pm-slice=\"1 1 []\">The Cozy Lady&#8217;nin hikayesi, hayat\u0131n\u0131za dokunma arzusuyla ba\u015flad\u0131. Modern kad\u0131nlar\u0131n ve de\u011fer verdikleri insanlar\u0131n ihtiya\u00e7lar\u0131n\u0131 anlayan, \u00f6zenle se\u00e7ilmi\u015f \u00fcr\u00fcnlerle konfor, zarafet ve mutluluk sa\u011flamay\u0131 ama\u00e7layan bir ekibiz. Bu yolculu\u011fa ba\u015flad\u0131\u011f\u0131m\u0131zda hedefimiz sadece bir al\u0131\u015fveri\u015f noktas\u0131 olmak de\u011fil, hayat\u0131n\u0131z\u0131n her an\u0131nda yan\u0131n\u0131zda samimi bir arkada\u015f olmakt\u0131. Giyimden ev dekorasyonuna, \u00e7ocuk bak\u0131m\u0131ndan evcil hayvan malzemelerine kadar geni\u015f yelpazedeki y\u00fcksek kaliteli ve estetik \u00fcr\u00fcnlerimizle hayat\u0131n\u0131z\u0131 g\u00fczelle\u015ftirmeyi ama\u00e7lad\u0131k.<\/p><p>\u00a0<\/p><p>The Cozy Lady&#8217;de, benzersiz tarz\u0131n\u0131z\u0131 yans\u0131tan, hayat\u0131n\u0131z\u0131 basitle\u015ftiren ve zenginle\u015ftiren \u00fcr\u00fcnler sunmak i\u00e7in yorulmadan \u00e7al\u0131\u015f\u0131yoruz. Trendleri yak\u0131ndan takip ederken, ki\u015fisel tarz\u0131n\u0131z\u0131 yans\u0131tan zamans\u0131z par\u00e7alar yarat\u0131yor, sizin ve sevdiklerinizin kalbini kazanmay\u0131 hedefliyoruz. Yenilik\u00e7i, pratik ve \u015f\u0131k tasar\u0131mlar\u0131m\u0131zla, de\u011ferli m\u00fc\u015fterilerimizle birlikte b\u00fcy\u00fcmeye ve geli\u015fmeye devam ederken g\u00fcnl\u00fck hayat\u0131n\u0131zda fark yaratmaya \u00e7al\u0131\u015f\u0131yoruz. The Cozy Lady ailesi olarak, hayat\u0131n\u0131zda g\u00fcvenilir bir arkada\u015f olmay\u0131 ve t\u00fcm maceralar\u0131n\u0131za de\u011fer katmay\u0131 hedefliyoruz. Hayat\u0131n her an\u0131n\u0131n tad\u0131n\u0131 birlikte \u00e7\u0131karal\u0131m!<\/p>\t\t\t\t\t\t<\/div>\n\t\t\t\t<\/div>\n\t\t\t\t\t<\/div>\n\t\t<\/div>\n\t\t\t\t<div class=\"elementor-column elementor-col-66 elementor-top-column elementor-element elementor-element-4b2de284\" data-id=\"4b2de284\" data-element_type=\"column\">\n\t\t\t<div class=\"elementor-widget-wrap elementor-element-populated\">\n\t\t\t\t\t\t<div class=\"elementor-element elementor-element-c6be04b elementor-widget elementor-widget-wp-widget-nasa_banner_sc\" data-id=\"c6be04b\" data-element_type=\"widget\" data-widget_type=\"wp-widget-nasa_banner_sc.default\">\n\t\t\t\t<div class=\"elementor-widget-container\">\n\t\t\t<div class=\"banner nasa-banner\" data-wow-delay=\"\" style=\"height: 563px;\"><div class=\"banner-image nasa-banner-image ns-banner-bg\" style=\"background-image: url(https:\/\/thecozylady.com\/wp-content\/uploads\/2024\/04\/paper-above-envelope-mockup.jpg);background-position: center center;\" data-height=\"563\" data-width=\"750\"><\/div><\/div>\t\t<\/div>\n\t\t\t\t<\/div>\n\t\t\t\t\t<\/div>\n\t\t<\/div>\n\t\t\t\t\t<\/div>\n\t\t<\/section>\n\t\t\t\t<section class=\"elementor-section elementor-top-section elementor-element elementor-element-20315a4a elementor-section-boxed elementor-section-height-default elementor-section-height-default\" data-id=\"20315a4a\" data-element_type=\"section\">\n\t\t\t\t\t\t<div class=\"elementor-container elementor-column-gap-default\">\n\t\t\t\t\t<div class=\"elementor-column elementor-col-50 elementor-top-column elementor-element elementor-element-484a593e\" data-id=\"484a593e\" data-element_type=\"column\">\n\t\t\t<div class=\"elementor-widget-wrap elementor-element-populated\">\n\t\t\t\t\t\t<div class=\"elementor-element elementor-element-6ebc59ba elementor-widget elementor-widget-heading\" data-id=\"6ebc59ba\" data-element_type=\"widget\" data-widget_type=\"heading.default\">\n\t\t\t\t<div class=\"elementor-widget-container\">\n\t\t\t<h3 class=\"elementor-heading-title elementor-size-default\">Sizin i\u00e7in neler yap\u0131yoruz?<\/h3>\t\t<\/div>\n\t\t\t\t<\/div>\n\t\t\t\t<div class=\"elementor-element elementor-element-1d1a1deb nasa-accordion-df elementor-widget elementor-widget-accordion\" data-id=\"1d1a1deb\" data-element_type=\"widget\" data-widget_type=\"accordion.default\">\n\t\t\t\t<div class=\"elementor-widget-container\">\n\t\t\t<style>\/*! elementor - v3.20.0 - 10-04-2024 *\/\n.elementor-accordion{text-align:left}.elementor-accordion .elementor-accordion-item{border:1px solid #d5d8dc}.elementor-accordion .elementor-accordion-item+.elementor-accordion-item{border-top:none}.elementor-accordion .elementor-tab-title{margin:0;padding:15px 20px;font-weight:700;line-height:1;cursor:pointer;outline:none}.elementor-accordion .elementor-tab-title .elementor-accordion-icon{display:inline-block;width:1.5em}.elementor-accordion .elementor-tab-title .elementor-accordion-icon svg{width:1em;height:1em}.elementor-accordion .elementor-tab-title .elementor-accordion-icon.elementor-accordion-icon-right{float:right;text-align:right}.elementor-accordion .elementor-tab-title .elementor-accordion-icon.elementor-accordion-icon-left{float:left;text-align:left}.elementor-accordion .elementor-tab-title .elementor-accordion-icon .elementor-accordion-icon-closed{display:block}.elementor-accordion .elementor-tab-title .elementor-accordion-icon .elementor-accordion-icon-opened,.elementor-accordion .elementor-tab-title.elementor-active .elementor-accordion-icon-closed{display:none}.elementor-accordion .elementor-tab-title.elementor-active .elementor-accordion-icon-opened{display:block}.elementor-accordion .elementor-tab-content{display:none;padding:15px 20px;border-top:1px solid #d5d8dc}@media (max-width:767px){.elementor-accordion .elementor-tab-title{padding:12px 15px}.elementor-accordion .elementor-tab-title .elementor-accordion-icon{width:1.2em}.elementor-accordion .elementor-tab-content{padding:7px 15px}}.e-con-inner>.elementor-widget-accordion,.e-con>.elementor-widget-accordion{width:var(--container-widget-width);--flex-grow:var(--container-widget-flex-grow)}<\/style>\t\t<div class=\"elementor-accordion\">\n\t\t\t\t\t\t\t<div class=\"elementor-accordion-item\">\n\t\t\t\t\t<div id=\"elementor-tab-title-4881\" class=\"elementor-tab-title\" data-tab=\"1\" role=\"button\" aria-controls=\"elementor-tab-content-4881\" aria-expanded=\"false\">\n\t\t\t\t\t\t\t\t\t\t\t\t\t<span class=\"elementor-accordion-icon elementor-accordion-icon-left\" aria-hidden=\"true\">\n\t\t\t\t\t\t\t\t\t\t\t\t\t\t\t<span class=\"elementor-accordion-icon-closed\"><svg class=\"e-font-icon-svg e-fas-plus\" viewBox=\"0 0 448 512\" xmlns=\"http:\/\/www.w3.org\/2000\/svg\"><path d=\"M416 208H272V64c0-17.67-14.33-32-32-32h-32c-17.67 0-32 14.33-32 32v144H32c-17.67 0-32 14.33-32 32v32c0 17.67 14.33 32 32 32h144v144c0 17.67 14.33 32 32 32h32c17.67 0 32-14.33 32-32V304h144c17.67 0 32-14.33 32-32v-32c0-17.67-14.33-32-32-32z\"><\/path><\/svg><\/span>\n\t\t\t\t\t\t\t\t<span class=\"elementor-accordion-icon-opened\"><svg class=\"e-font-icon-svg e-fas-minus\" viewBox=\"0 0 448 512\" xmlns=\"http:\/\/www.w3.org\/2000\/svg\"><path d=\"M416 208H32c-17.67 0-32 14.33-32 32v32c0 17.67 14.33 32 32 32h384c17.67 0 32-14.33 32-32v-32c0-17.67-14.33-32-32-32z\"><\/path><\/svg><\/span>\n\t\t\t\t\t\t\t\t\t\t\t\t\t\t<\/span>\n\t\t\t\t\t\t\t\t\t\t\t\t<a class=\"elementor-accordion-title\" tabindex=\"0\">Zarif ve \u00d6zenle Se\u00e7ilmi\u015f Koleksiyonlar: Stilinizi Yans\u0131tan \u00dcr\u00fcnler<\/a>\n\t\t\t\t\t<\/div>\n\t\t\t\t\t<div id=\"elementor-tab-content-4881\" class=\"elementor-tab-content elementor-clearfix\" data-tab=\"1\" role=\"region\" aria-labelledby=\"elementor-tab-title-4881\"><p data-pm-slice=\"1 1 []\">Sevgili The Cozy Lady dostlar\u0131, sizlere sundu\u011fumuz her \u00fcr\u00fcn\u00fc titizlikle ve dikkatle se\u00e7iyoruz. Koleksiyonlar\u0131m\u0131z\u0131 olu\u015ftururken \u00f6ncelikli hedefimiz, benzersiz stilinizi yans\u0131tan ve hayat\u0131n\u0131z\u0131n her an\u0131nda size e\u015flik eden par\u00e7alar sunmakt\u0131r. En son trendleri yak\u0131ndan takip ederken, zamans\u0131z ve y\u00fcksek kaliteli tasar\u0131mlara da \u00f6ncelik veriyoruz. Bu \u015fekilde, gard\u0131robunuza veya evinize ekledi\u011finiz her The Cozy Lady \u00fcr\u00fcn\u00fc, de\u011ferini koruyarak uzun y\u0131llar keyfini \u00e7\u0131karabilece\u011finiz bir deneyim sunar.<\/p><p>\u00dcr\u00fcn yelpazemizi olu\u015ftururken de\u011ferli geri bildirimlerinizi ve ihtiya\u00e7lar\u0131n\u0131z\u0131 dikkate al\u0131yoruz. Farkl\u0131 stillere ve zevklere hitap eden geni\u015f bir se\u00e7ki sunmay\u0131 hedefliyoruz. Bu \u015fekilde, The Cozy Lady koleksiyonlar\u0131 i\u00e7erisinde kendiniz ve sevdikleriniz i\u00e7in en uygun par\u00e7alar\u0131 bulabilirsiniz.<\/p><\/div>\n\t\t\t\t<\/div>\n\t\t\t\t\t\t\t<div class=\"elementor-accordion-item\">\n\t\t\t\t\t<div id=\"elementor-tab-title-4882\" class=\"elementor-tab-title\" data-tab=\"2\" role=\"button\" aria-controls=\"elementor-tab-content-4882\" aria-expanded=\"false\">\n\t\t\t\t\t\t\t\t\t\t\t\t\t<span class=\"elementor-accordion-icon elementor-accordion-icon-left\" aria-hidden=\"true\">\n\t\t\t\t\t\t\t\t\t\t\t\t\t\t\t<span class=\"elementor-accordion-icon-closed\"><svg class=\"e-font-icon-svg e-fas-plus\" viewBox=\"0 0 448 512\" xmlns=\"http:\/\/www.w3.org\/2000\/svg\"><path d=\"M416 208H272V64c0-17.67-14.33-32-32-32h-32c-17.67 0-32 14.33-32 32v144H32c-17.67 0-32 14.33-32 32v32c0 17.67 14.33 32 32 32h144v144c0 17.67 14.33 32 32 32h32c17.67 0 32-14.33 32-32V304h144c17.67 0 32-14.33 32-32v-32c0-17.67-14.33-32-32-32z\"><\/path><\/svg><\/span>\n\t\t\t\t\t\t\t\t<span class=\"elementor-accordion-icon-opened\"><svg class=\"e-font-icon-svg e-fas-minus\" viewBox=\"0 0 448 512\" xmlns=\"http:\/\/www.w3.org\/2000\/svg\"><path d=\"M416 208H32c-17.67 0-32 14.33-32 32v32c0 17.67 14.33 32 32 32h384c17.67 0 32-14.33 32-32v-32c0-17.67-14.33-32-32-32z\"><\/path><\/svg><\/span>\n\t\t\t\t\t\t\t\t\t\t\t\t\t\t<\/span>\n\t\t\t\t\t\t\t\t\t\t\t\t<a class=\"elementor-accordion-title\" tabindex=\"0\">Sadakat Program\u0131: Sadece Size \u00d6zel Ayr\u0131cal\u0131klar ve S\u00fcrprizler<\/a>\n\t\t\t\t\t<\/div>\n\t\t\t\t\t<div id=\"elementor-tab-content-4882\" class=\"elementor-tab-content elementor-clearfix\" data-tab=\"2\" role=\"region\" aria-labelledby=\"elementor-tab-title-4882\"><p data-pm-slice=\"1 1 []\">Sevgili The Cozy Lady dostlar\u0131, g\u00fcveniniz ve sadakatiniz bizim en b\u00fcy\u00fck motivasyon kayna\u011f\u0131m\u0131zd\u0131r. \u0130\u015fte bu y\u00fczden sadakat program\u0131m\u0131z arac\u0131l\u0131\u011f\u0131yla ayr\u0131cal\u0131kl\u0131 ayr\u0131cal\u0131klar ve s\u00fcrprizler sunuyoruz. Sadece bizimle kalarak \u00e7e\u015fitli tekliflerin ve indirim f\u0131rsatlar\u0131n\u0131n tad\u0131n\u0131 \u00e7\u0131karacaks\u0131n\u0131z.<\/p><p>B\u00fcltenimize abone olan herkes otomatik olarak sadakat program\u0131m\u0131za kat\u0131l\u0131r ve %10 indirim kuponu al\u0131r. Ayr\u0131ca, sadakat seviyenize g\u00f6re ki\u015fiselle\u015ftirilmi\u015f indirimler, \u00f6ncelikli eri\u015fim ve ki\u015fiye \u00f6zel teklifler sunuyoruz.<\/p><p>Sadakat program\u0131m\u0131z\u0131n en keyifli y\u00f6nlerinden biri de sizi d\u00fczenli olarak \u015fa\u015f\u0131rtmam\u0131zd\u0131r. Do\u011fum g\u00fcn\u00fcn\u00fczde, \u00f6zel g\u00fcnlerinizde veya en az bekledi\u011finiz anda sizi benzersiz hediyeler ve indirimlerle kar\u015f\u0131l\u0131yoruz. \u00c7\u00fcnk\u00fc siz The Cozy Lady ailesinin en de\u011ferli \u00fcyelerisiniz ve biz her zaman sizi \u00f6zel hissettirmek istiyoruz. Sadakat program\u0131m\u0131za kat\u0131l\u0131n ve ayr\u0131cal\u0131klar\u0131n ve s\u00fcrprizlerin tad\u0131n\u0131 \u00e7\u0131kar\u0131n!<\/p><\/div>\n\t\t\t\t<\/div>\n\t\t\t\t\t\t\t<div class=\"elementor-accordion-item\">\n\t\t\t\t\t<div id=\"elementor-tab-title-4883\" class=\"elementor-tab-title\" data-tab=\"3\" role=\"button\" aria-controls=\"elementor-tab-content-4883\" aria-expanded=\"false\">\n\t\t\t\t\t\t\t\t\t\t\t\t\t<span class=\"elementor-accordion-icon elementor-accordion-icon-left\" aria-hidden=\"true\">\n\t\t\t\t\t\t\t\t\t\t\t\t\t\t\t<span class=\"elementor-accordion-icon-closed\"><svg class=\"e-font-icon-svg e-fas-plus\" viewBox=\"0 0 448 512\" xmlns=\"http:\/\/www.w3.org\/2000\/svg\"><path d=\"M416 208H272V64c0-17.67-14.33-32-32-32h-32c-17.67 0-32 14.33-32 32v144H32c-17.67 0-32 14.33-32 32v32c0 17.67 14.33 32 32 32h144v144c0 17.67 14.33 32 32 32h32c17.67 0 32-14.33 32-32V304h144c17.67 0 32-14.33 32-32v-32c0-17.67-14.33-32-32-32z\"><\/path><\/svg><\/span>\n\t\t\t\t\t\t\t\t<span class=\"elementor-accordion-icon-opened\"><svg class=\"e-font-icon-svg e-fas-minus\" viewBox=\"0 0 448 512\" xmlns=\"http:\/\/www.w3.org\/2000\/svg\"><path d=\"M416 208H32c-17.67 0-32 14.33-32 32v32c0 17.67 14.33 32 32 32h384c17.67 0 32-14.33 32-32v-32c0-17.67-14.33-32-32-32z\"><\/path><\/svg><\/span>\n\t\t\t\t\t\t\t\t\t\t\t\t\t\t<\/span>\n\t\t\t\t\t\t\t\t\t\t\t\t<a class=\"elementor-accordion-title\" tabindex=\"0\">Blog: Moda, Ya\u015fam Tarz\u0131 ve \u0130lham Verici \u0130\u00e7erikler<\/a>\n\t\t\t\t\t<\/div>\n\t\t\t\t\t<div id=\"elementor-tab-content-4883\" class=\"elementor-tab-content elementor-clearfix\" data-tab=\"3\" role=\"region\" aria-labelledby=\"elementor-tab-title-4883\"><p data-pm-slice=\"1 1 []\">The Cozy Lady&#8217;de sadece \u00fcr\u00fcnler sunmuyoruz; ayn\u0131 zamanda hayat\u0131n\u0131z\u0131 ilham verici i\u00e7eriklerle zenginle\u015ftirmeyi hedefliyoruz. Blogumuzda moda trendlerinden ve dekorasyon fikirlerinden seyahat \u00f6nerilerine ve sa\u011fl\u0131kl\u0131 ya\u015fam ipu\u00e7lar\u0131na kadar \u00e7ok \u00e7e\u015fitli konular bulabilirsiniz. Uzman ekibimiz ve konuk yazarlar\u0131m\u0131z, yaln\u0131zca sizin i\u00e7in \u00f6zenle se\u00e7ilmi\u015f, \u00f6zg\u00fcn ve bilgilendirici makaleler haz\u0131rlar. Blogumuzu ziyaret etti\u011finizde kendinizi rahat ve keyifli bir ortamda bulacaks\u0131n\u0131z. \u0130\u00e7eri\u011fimizi okurken, g\u00fcnl\u00fck hayat\u0131n\u0131za renk katan fikirler ke\u015ffedecek, ilham alacak ve kendinizi ke\u015ffetme yolculu\u011funa \u00e7\u0131kacaks\u0131n\u0131z. Ayr\u0131ca, blogda yer alan koleksiyonlar\u0131m\u0131z ve \u00fcr\u00fcnlerimiz hakk\u0131nda ayr\u0131nt\u0131l\u0131 bilgilerle al\u0131\u015fveri\u015f deneyiminizi daha bilgili ve keyifli hale getirebilirsiniz. Cozy Lady blog ailesine kat\u0131l\u0131n ve birlikte \u00f6\u011frenelim, ke\u015ffedelim ve ilham alal\u0131m!<\/p><\/div>\n\t\t\t\t<\/div>\n\t\t\t\t\t\t\t<div class=\"elementor-accordion-item\">\n\t\t\t\t\t<div id=\"elementor-tab-title-4884\" class=\"elementor-tab-title\" data-tab=\"4\" role=\"button\" aria-controls=\"elementor-tab-content-4884\" aria-expanded=\"false\">\n\t\t\t\t\t\t\t\t\t\t\t\t\t<span class=\"elementor-accordion-icon elementor-accordion-icon-left\" aria-hidden=\"true\">\n\t\t\t\t\t\t\t\t\t\t\t\t\t\t\t<span class=\"elementor-accordion-icon-closed\"><svg class=\"e-font-icon-svg e-fas-plus\" viewBox=\"0 0 448 512\" xmlns=\"http:\/\/www.w3.org\/2000\/svg\"><path d=\"M416 208H272V64c0-17.67-14.33-32-32-32h-32c-17.67 0-32 14.33-32 32v144H32c-17.67 0-32 14.33-32 32v32c0 17.67 14.33 32 32 32h144v144c0 17.67 14.33 32 32 32h32c17.67 0 32-14.33 32-32V304h144c17.67 0 32-14.33 32-32v-32c0-17.67-14.33-32-32-32z\"><\/path><\/svg><\/span>\n\t\t\t\t\t\t\t\t<span class=\"elementor-accordion-icon-opened\"><svg class=\"e-font-icon-svg e-fas-minus\" viewBox=\"0 0 448 512\" xmlns=\"http:\/\/www.w3.org\/2000\/svg\"><path d=\"M416 208H32c-17.67 0-32 14.33-32 32v32c0 17.67 14.33 32 32 32h384c17.67 0 32-14.33 32-32v-32c0-17.67-14.33-32-32-32z\"><\/path><\/svg><\/span>\n\t\t\t\t\t\t\t\t\t\t\t\t\t\t<\/span>\n\t\t\t\t\t\t\t\t\t\t\t\t<a class=\"elementor-accordion-title\" tabindex=\"0\">Cozy Lady'de Al\u0131\u015fveri\u015f Tamamen Risksizdir: 30 G\u00fcnl\u00fck Ko\u015fulsuz \u0130ade Garantisi!<\/a>\n\t\t\t\t\t<\/div>\n\t\t\t\t\t<div id=\"elementor-tab-content-4884\" class=\"elementor-tab-content elementor-clearfix\" data-tab=\"4\" role=\"region\" aria-labelledby=\"elementor-tab-title-4884\"><p data-pm-slice=\"1 1 []\">Sevgili Cozy Lady dostlar\u0131, en b\u00fcy\u00fck \u00f6nceli\u011fimiz size yaln\u0131zca en \u00f6zel ve y\u00fcksek kaliteli \u00fcr\u00fcnleri sunmakt\u0131r. Her bir \u00fcr\u00fcn\u00fc benzersiz tarz\u0131n\u0131za ve ihtiya\u00e7lar\u0131n\u0131za uyacak \u015fekilde \u00f6zenle se\u00e7iyoruz. Ancak, \u00e7evrimi\u00e7i al\u0131\u015fveri\u015f yaparken bazen \u00fcr\u00fcn\u00fc dokunup deneme \u015fans\u0131n\u0131z olmad\u0131\u011f\u0131n\u0131 anl\u0131yoruz. \u0130\u015fte tam bu noktada 30 G\u00fcnl\u00fck Ko\u015fulsuz \u0130ade Garantimiz devreye girerek tamamen risksiz ve keyifli bir al\u0131\u015fveri\u015f deneyimi ya\u015faman\u0131z\u0131 sa\u011flar.<\/p><p>Se\u00e7ti\u011finiz \u00fcr\u00fcn beklentilerinizi kar\u015f\u0131lamazsa veya herhangi bir nedenle sizi tatmin etmezse endi\u015felenmeyin. Tek yapman\u0131z gereken 30 g\u00fcn i\u00e7inde bize bildirmeniz. Memnuniyetiniz bizim i\u00e7in son derece \u00f6nemlidir, bu nedenle iade s\u00fcrecini olabildi\u011fince kolay ve zahmetsiz hale getiriyoruz. \u00dcr\u00fcn\u00fc orijinal durumu ve ambalaj\u0131yla bize geri g\u00f6ndermeniz yeterlidir. \u00d6dedi\u011finiz tutar\u0131n tamam\u0131n\u0131 hi\u00e7bir soru sorulmadan derhal iade edece\u011fiz.<\/p><p>The Cozy Lady&#8217;de al\u0131\u015fveri\u015f yapt\u0131\u011f\u0131n\u0131zda, evinizin konforunda dinlenebilir ve g\u00f6n\u00fcl rahatl\u0131\u011f\u0131yla se\u00e7im yapabilirsiniz. Mutlulu\u011funuz ve memnuniyetiniz i\u00e7in buraday\u0131z ve her ad\u0131mda yan\u0131n\u0131zda olmaktan gurur duyuyoruz.<\/p><\/div>\n\t\t\t\t<\/div>\n\t\t\t\t\t\t\t\t<\/div>\n\t\t\t\t<\/div>\n\t\t\t\t<\/div>\n\t\t\t\t\t<\/div>\n\t\t<\/div>\n\t\t\t\t<div class=\"elementor-column elementor-col-25 elementor-top-column elementor-element elementor-element-2058690d\" data-id=\"2058690d\" data-element_type=\"column\">\n\t\t\t<div class=\"elementor-widget-wrap\">\n\t\t\t\t\t\t\t<\/div>\n\t\t<\/div>\n\t\t\t\t<div class=\"elementor-column elementor-col-25 elementor-top-column elementor-element elementor-element-43d90edd\" data-id=\"43d90edd\" data-element_type=\"column\">\n\t\t\t<div class=\"elementor-widget-wrap elementor-element-populated\">\n\t\t\t\t\t\t<div class=\"elementor-element elementor-element-431034c5 elementor-widget elementor-widget-heading\" data-id=\"431034c5\" data-element_type=\"widget\" data-widget_type=\"heading.default\">\n\t\t\t\t<div class=\"elementor-widget-container\">\n\t\t\t<h3 class=\"elementor-heading-title elementor-size-default\">\u00c7al\u0131\u015fma Saatleri<\/h3>\t\t<\/div>\n\t\t\t\t<\/div>\n\t\t\t\t<div class=\"elementor-element elementor-element-1c4d2456 elementor-widget elementor-widget-text-editor\" data-id=\"1c4d2456\" data-element_type=\"widget\" data-widget_type=\"text-editor.default\">\n\t\t\t\t<div class=\"elementor-widget-container\">\n\t\t\t\t\t\t\t<table style=\"font-weight: 600;\"><tbody><tr><td>Pazartesi:<\/td><td class=\"text-right\">09:00 &#8211; 18-00<\/td><\/tr><tr><td>Sal\u0131:<\/td><td class=\"text-right\">09:00 &#8211; 18-00<\/td><\/tr><tr><td>\u00c7ar\u015famba:<\/td><td class=\"text-right\">09:00 &#8211; 18-00<\/td><\/tr><tr><td>Per\u015fembe:<\/td><td class=\"text-right\">09:00 &#8211; 18-00<\/td><\/tr><tr><td>Cuma:<\/td><td class=\"text-right\">09:00 &#8211; 18-00<\/td><\/tr><tr><td>Cumartesi:<\/td><td class=\"text-right\">09:00 &#8211; 12-00<\/td><\/tr><tr><td>Pazar:<\/td><td class=\"text-right\">Kapal\u0131<\/td><\/tr><\/tbody><\/table>\t\t\t\t\t\t<\/div>\n\t\t\t\t<\/div>\n\t\t\t\t<div class=\"elementor-element elementor-element-426cd003 elementor-widget elementor-widget-heading\" data-id=\"426cd003\" data-element_type=\"widget\" data-widget_type=\"heading.default\">\n\t\t\t\t<div class=\"elementor-widget-container\">\n\t\t\t<h3 class=\"elementor-heading-title elementor-size-default\">Kariyer<\/h3>\t\t<\/div>\n\t\t\t\t<\/div>\n\t\t\t\t<div class=\"elementor-element elementor-element-699b95de elementor-widget elementor-widget-text-editor\" data-id=\"699b95de\" data-element_type=\"widget\" data-widget_type=\"text-editor.default\">\n\t\t\t\t<div class=\"elementor-widget-container\">\n\t\t\t\t\t\t\t<p data-pm-slice=\"1 1 []\">E\u011fer TheCozyLady&#8217;de kariyer olanaklar\u0131 konusunda heyecanl\u0131ysan\u0131z, hadi tan\u0131\u015fal\u0131m:<\/p><p data-pm-slice=\"1 1 []\">hello@thecozylady.com<\/p>\t\t\t\t\t\t<\/div>\n\t\t\t\t<\/div>\n\t\t\t\t\t<\/div>\n\t\t<\/div>\n\t\t\t\t\t<\/div>\n\t\t<\/section>\n\t\t\t\t<\/div>\n\t\t","protected":false},"excerpt":{"rendered":"<p>Hikayemiz The Cozy Lady&#8217;nin hikayesi, hayat\u0131n\u0131za dokunma arzusuyla ba\u015flad\u0131. Modern kad\u0131nlar\u0131n ve de\u011fer verdikleri insanlar\u0131n ihtiya\u00e7lar\u0131n\u0131 anlayan, \u00f6zenle se\u00e7ilmi\u015f \u00fcr\u00fcnlerle konfor, zarafet ve mutluluk sa\u011flamay\u0131 ama\u00e7layan bir ekibiz. Bu yolculu\u011fa ba\u015flad\u0131\u011f\u0131m\u0131zda hedefimiz sadece bir al\u0131\u015fveri\u015f noktas\u0131 olmak de\u011fil, hayat\u0131n\u0131z\u0131n her an\u0131nda yan\u0131n\u0131zda samimi bir arkada\u015f olmakt\u0131. Giyimden ev dekorasyonuna, \u00e7ocuk bak\u0131m\u0131ndan evcil hayvan malzemelerine kadar [&hellip;]<\/p>\n","protected":false},"author":1,"featured_media":0,"parent":0,"menu_order":0,"comment_status":"closed","ping_status":"closed","template":"","meta":{"footnotes":""},"class_list":["post-9904","page","type-page","status-publish","hentry"],"_links":{"self":[{"href":"https:\/\/thecozylady.com\/tr\/wp-json\/wp\/v2\/pages\/9904","targetHints":{"allow":["GET"]}}],"collection":[{"href":"https:\/\/thecozylady.com\/tr\/wp-json\/wp\/v2\/pages"}],"about":[{"href":"https:\/\/thecozylady.com\/tr\/wp-json\/wp\/v2\/types\/page"}],"author":[{"embeddable":true,"href":"https:\/\/thecozylady.com\/tr\/wp-json\/wp\/v2\/users\/1"}],"replies":[{"embeddable":true,"href":"https:\/\/thecozylady.com\/tr\/wp-json\/wp\/v2\/comments?post=9904"}],"version-history":[{"count":5,"href":"https:\/\/thecozylady.com\/tr\/wp-json\/wp\/v2\/pages\/9904\/revisions"}],"predecessor-version":[{"id":10593,"href":"https:\/\/thecozylady.com\/tr\/wp-json\/wp\/v2\/pages\/9904\/revisions\/10593"}],"wp:attachment":[{"href":"https:\/\/thecozylady.com\/tr\/wp-json\/wp\/v2\/media?parent=9904"}],"curies":[{"name":"wp","href":"https:\/\/api.w.org\/{rel}","templated":true}]}}