{"id":10083,"date":"2024-04-10T16:38:56","date_gmt":"2024-04-10T16:38:56","guid":{"rendered":"https:\/\/thecozylady.com\/privacy-policy\/"},"modified":"2024-08-18T01:17:36","modified_gmt":"2024-08-18T01:17:36","slug":"gizlilik-ve-cerezler","status":"publish","type":"page","link":"https:\/\/thecozylady.com\/tr\/gizlilik-ve-cerezler\/","title":{"rendered":"Gizlilik ve \u00c7erezler"},"content":{"rendered":"\t\t<div data-elementor-type=\"wp-page\" data-elementor-id=\"10083\" class=\"elementor elementor-10083 elementor-3\">\n\t\t\t\t<div class=\"elementor-element elementor-element-34a79b10 e-con-full e-flex e-con e-parent\" data-id=\"34a79b10\" data-element_type=\"container\" data-core-v316-plus=\"true\">\n\t\t<div class=\"elementor-element elementor-element-b771e3e e-flex e-con-boxed e-con e-child\" data-id=\"b771e3e\" data-element_type=\"container\">\n\t\t\t\t\t<div class=\"e-con-inner\">\n\t\t\t\t<div class=\"elementor-element elementor-element-476480b elementor-widget elementor-widget-heading\" data-id=\"476480b\" data-element_type=\"widget\" data-widget_type=\"heading.default\">\n\t\t\t\t<div class=\"elementor-widget-container\">\n\t\t\t<style>\/*! elementor - v3.20.0 - 10-04-2024 *\/\n.elementor-heading-title{padding:0;margin:0;line-height:1}.elementor-widget-heading .elementor-heading-title[class*=elementor-size-]>a{color:inherit;font-size:inherit;line-height:inherit}.elementor-widget-heading .elementor-heading-title.elementor-size-small{font-size:15px}.elementor-widget-heading .elementor-heading-title.elementor-size-medium{font-size:19px}.elementor-widget-heading .elementor-heading-title.elementor-size-large{font-size:29px}.elementor-widget-heading .elementor-heading-title.elementor-size-xl{font-size:39px}.elementor-widget-heading .elementor-heading-title.elementor-size-xxl{font-size:59px}<\/style><h1 class=\"elementor-heading-title elementor-size-default\">Gizlilik &amp; \u00c7erezler<\/h1>\t\t<\/div>\n\t\t\t\t<\/div>\n\t\t\t\t\t<\/div>\n\t\t\t\t<\/div>\n\t\t<div class=\"elementor-element elementor-element-e2812c9 e-flex e-con-boxed e-con e-child\" data-id=\"e2812c9\" data-element_type=\"container\">\n\t\t\t\t\t<div class=\"e-con-inner\">\n\t\t\t\t<div class=\"elementor-element elementor-element-c374b65 elementor-widget elementor-widget-text-editor\" data-id=\"c374b65\" data-element_type=\"widget\" data-widget_type=\"text-editor.default\">\n\t\t\t\t<div class=\"elementor-widget-container\">\n\t\t\t<style>\/*! elementor - v3.20.0 - 10-04-2024 *\/\n.elementor-widget-text-editor.elementor-drop-cap-view-stacked .elementor-drop-cap{background-color:#69727d;color:#fff}.elementor-widget-text-editor.elementor-drop-cap-view-framed .elementor-drop-cap{color:#69727d;border:3px solid;background-color:transparent}.elementor-widget-text-editor:not(.elementor-drop-cap-view-default) .elementor-drop-cap{margin-top:8px}.elementor-widget-text-editor:not(.elementor-drop-cap-view-default) .elementor-drop-cap-letter{width:1em;height:1em}.elementor-widget-text-editor .elementor-drop-cap{float:left;text-align:center;line-height:1;font-size:50px}.elementor-widget-text-editor .elementor-drop-cap-letter{display:inline-block}<\/style>\t\t\t\t<h4>Biz Kimiz?<\/h4>\n<p style=\"padding-left: 30px\">Merhaba can\u0131m! Biz The Cozy Lady&#8217;yiz, modern kad\u0131nlar\u0131n ve sevdiklerinin ihtiya\u00e7lar\u0131n\u0131 anlayan e-ticaret platformunuz. \u00d6zenle se\u00e7ti\u011fimiz \u00fcr\u00fcnlerle hayat\u0131n\u0131za konfor, stil ve mutluluk katmak i\u00e7in buraday\u0131z. Gizlili\u011fin ve ki\u015fisel verileriniz bizim i\u00e7in \u00e7ok de\u011ferli. Hadi gelin, sitemizde gezinirken bu konular\u0131 nas\u0131l ele ald\u0131\u011f\u0131m\u0131z\u0131 birlikte konu\u015fal\u0131m.<\/p>\n<h4>Yorumlar<\/h4>\n<p style=\"padding-left: 30px\">Sitemize yorum b\u0131rakt\u0131\u011f\u0131nda, yorum formunda g\u00f6sterilen verileri topluyoruz. Ayr\u0131ca spam&#8217;i \u00f6nlemek i\u00e7in IP adresini ve taray\u0131c\u0131 bilgilerini de alabiliriz. Yorumun onaylan\u0131rsa, profil foto\u011fraf\u0131n yorum ba\u011flam\u0131nda herkese a\u00e7\u0131k olabilir.<\/p>\n<h4>Medya<\/h4>\n<p style=\"padding-left: 30px\">Sitemize foto\u011fraf y\u00fcklerken, konum bilgisi i\u00e7eren (EXIF GPS) g\u00f6rselleri y\u00fcklememeye dikkat et l\u00fctfen. Di\u011fer ziyaret\u00e7iler, sitedeki g\u00f6rsellerden konum verilerini indirebilir ve \u00e7\u0131karabilir, bunu akl\u0131nda bulundur!<\/p>\n<h4>\u00c7erezler<\/h4>\n<p style=\"padding-left: 30px\">Sitemizde \u00e7erezler kullan\u0131yoruz &#8211; bunlar tercihlerini hat\u0131rlayan ve deneyimini iyile\u015ftiren k\u00fc\u00e7\u00fck yard\u0131mc\u0131 periler gibi. E\u011fer ho\u015funa gitmezse, taray\u0131c\u0131 ayarlar\u0131ndan kapatabilirsin, ama sitenin baz\u0131 b\u00f6l\u00fcmleri eskisi kadar p\u00fcr\u00fczs\u00fcz \u00e7al\u0131\u015fmayabilir.<\/p>\n<h4>Di\u011fer web sitelerinden g\u00f6m\u00fcl\u00fc i\u00e7erik<\/h4>\n<p style=\"padding-left: 30px\">Bazen di\u011fer web sitelerinden i\u00e7erik (video veya g\u00f6rsel gibi) ekleyebiliriz. Bunlar, sanki o siteyi ziyaret etmi\u015fsin gibi davran\u0131r. Hakk\u0131nda veri toplayabilir, \u00e7erez kullanabilir veya o g\u00f6m\u00fcl\u00fc i\u00e7erikle etkile\u015fimini izleyebilir, \u00f6zellikle o siteye giri\u015f yapm\u0131\u015fsan.<\/p>\n<h4>Verilerini kimlerle payla\u015f\u0131yoruz?<\/h4>\n<p style=\"padding-left: 30px\">Ki\u015fisel verilerini kendimize sakl\u0131yoruz, tabii ki yasalar payla\u015fmam\u0131z\u0131 gerektirmedi\u011fi s\u00fcrece. \u015eifreni s\u0131f\u0131rlarsan, IP adresin s\u0131f\u0131rlama e-postas\u0131nda yer alacak. Ayr\u0131ca, site g\u00fcvenli\u011fi veya yasal y\u00fck\u00fcml\u00fcl\u00fckler i\u00e7in gerekirse yetkili makamlarla veri payla\u015fabiliriz.<\/p>\n<h4>Verilerini ne kadar s\u00fcre sakl\u0131yoruz?<\/h4>\n<p style=\"padding-left: 30px\">Yorum b\u0131rak\u0131rsan, sonsuza dek saklan\u0131r (ama merak etme, istedi\u011fin zaman kald\u0131rmam\u0131z\u0131 isteyebilirsin). Sitemize kay\u0131t olan kullan\u0131c\u0131lar i\u00e7in, profilde sa\u011flad\u0131klar\u0131 ki\u015fisel bilgileri saklar\u0131z. \u0130stedi\u011fin zaman ki\u015fisel bilgilerini g\u00f6rebilir, d\u00fczenleyebilir veya silebilirsin (kullan\u0131c\u0131 ad\u0131n hari\u00e7 &#8211; o kal\u0131c\u0131). B\u00fclten e-postalar\u0131 abonelikten \u00e7\u0131kana kadar saklan\u0131r &#8211; bu kadar basit!<\/p>\n<h4>Verilerin \u00fczerindeki haklar\u0131n<\/h4>\n<p style=\"padding-left: 30px\">Kontrol sende can\u0131m! Bir hesab\u0131n varsa veya yorum b\u0131rakt\u0131ysan, hakk\u0131nda tuttu\u011fumuz ki\u015fisel verilerin d\u0131\u015fa aktar\u0131lm\u0131\u015f bir dosyas\u0131n\u0131 isteyebilirsin. Ayr\u0131ca, hakk\u0131nda tuttu\u011fumuz ki\u015fisel verileri silmemizi de talep edebilirsin. Tabii ki, idari, yasal veya g\u00fcvenlik ama\u00e7lar\u0131 i\u00e7in tutmam\u0131z gereken veriler bunun d\u0131\u015f\u0131nda.<\/p>\n<h4>Verilerin nereye g\u00f6nderiliyor?<\/h4>\n<p style=\"padding-left: 30px\">Ziyaret\u00e7i yorumlar\u0131 otomatik bir spam tespit servisi arac\u0131l\u0131\u011f\u0131yla kontrol edilebilir. B\u00fclten kay\u0131tlar\u0131ndan veya al\u0131\u015fveri\u015flerden elde etti\u011fimiz e-posta adreslerini, yasa veya mahkeme karar\u0131 gerektirmedik\u00e7e kimseyle payla\u015fm\u0131yoruz.<\/p>\n<h4>Bu Gizlilik Politikas\u0131ndaki De\u011fi\u015fiklikler<\/h4>\n<p style=\"padding-left: 30px\">Bu politikay\u0131 zaman zaman g\u00fcncelleyebiliriz. G\u00fcncelledi\u011fimizde, yeni versiyonu burada yay\u0131nlayaca\u011f\u0131z. Ara s\u0131ra kontrol etmen iyi olur, b\u00f6ylece her \u015feyden haberdar olursun. Yap\u0131lan de\u011fi\u015fiklikler, yay\u0131nland\u0131ktan hemen sonra ge\u00e7erli olur.<\/p>\n<h4>Bize Ula\u015f\u0131n<\/h4>\n<p style=\"padding-left: 30px\">Bu gizlilik politikas\u0131 hakk\u0131nda sorular\u0131n veya endi\u015felerin mi var? Seni dinlemeye haz\u0131r\u0131z! \u00c7ekinmeden bize ula\u015f &#8211; ileti\u015fim bilgilerimizi web sitesinin ileti\u015fim sayfas\u0131nda bulabilirsin. Yard\u0131m etmek i\u00e7in buraday\u0131z!<\/p>\t\t\t\t\t\t<\/div>\n\t\t\t\t<\/div>\n\t\t\t\t\t<\/div>\n\t\t\t\t<\/div>\n\t\t\t\t<\/div>\n\t\t\t\t<\/div>\n\t\t","protected":false},"excerpt":{"rendered":"<p>Gizlilik &amp; \u00c7erezler Biz Kimiz? Merhaba can\u0131m! Biz The Cozy Lady&#8217;yiz, modern kad\u0131nlar\u0131n ve sevdiklerinin ihtiya\u00e7lar\u0131n\u0131 anlayan e-ticaret platformunuz. \u00d6zenle se\u00e7ti\u011fimiz \u00fcr\u00fcnlerle hayat\u0131n\u0131za konfor, stil ve mutluluk katmak i\u00e7in buraday\u0131z. Gizlili\u011fin ve ki\u015fisel verileriniz bizim i\u00e7in \u00e7ok de\u011ferli. Hadi gelin, sitemizde gezinirken bu konular\u0131 nas\u0131l ele ald\u0131\u011f\u0131m\u0131z\u0131 birlikte konu\u015fal\u0131m. Yorumlar Sitemize yorum b\u0131rakt\u0131\u011f\u0131nda, yorum formunda [&hellip;]<\/p>\n","protected":false},"author":1,"featured_media":0,"parent":0,"menu_order":0,"comment_status":"closed","ping_status":"closed","template":"","meta":{"footnotes":""},"class_list":["post-10083","page","type-page","status-publish","hentry"],"_links":{"self":[{"href":"https:\/\/thecozylady.com\/tr\/wp-json\/wp\/v2\/pages\/10083","targetHints":{"allow":["GET"]}}],"collection":[{"href":"https:\/\/thecozylady.com\/tr\/wp-json\/wp\/v2\/pages"}],"about":[{"href":"https:\/\/thecozylady.com\/tr\/wp-json\/wp\/v2\/types\/page"}],"author":[{"embeddable":true,"href":"https:\/\/thecozylady.com\/tr\/wp-json\/wp\/v2\/users\/1"}],"replies":[{"embeddable":true,"href":"https:\/\/thecozylady.com\/tr\/wp-json\/wp\/v2\/comments?post=10083"}],"version-history":[{"count":5,"href":"https:\/\/thecozylady.com\/tr\/wp-json\/wp\/v2\/pages\/10083\/revisions"}],"predecessor-version":[{"id":10094,"href":"https:\/\/thecozylady.com\/tr\/wp-json\/wp\/v2\/pages\/10083\/revisions\/10094"}],"wp:attachment":[{"href":"https:\/\/thecozylady.com\/tr\/wp-json\/wp\/v2\/media?parent=10083"}],"curies":[{"name":"wp","href":"https:\/\/api.w.org\/{rel}","templated":true}]}}