{"id":11660,"date":"2024-09-03T22:36:03","date_gmt":"2024-09-03T22:36:03","guid":{"rendered":"https:\/\/thecozylady.com\/?post_type=product&#038;p=11660"},"modified":"2024-09-08T13:18:41","modified_gmt":"2024-09-08T13:18:41","slug":"torebka-kotka","status":"publish","type":"product","link":"https:\/\/thecozylady.com\/pl\/produkt\/torebka-kotka\/","title":{"rendered":"Torebka Kotka"},"content":{"rendered":"<h2>Urocza Torebka Kotek &#8211; S\u0142odycz Zawsze przy Tobie! \ud83d\udc31\ud83d\udc5c<\/h2>\n<p>Drodzy mi\u0142o\u015bnicy kot\u00f3w, czy jeste\u015bcie gotowi doda\u0107 <strong>s\u0142odyczy i stylu<\/strong> do swojego \u017cycia? \ud83d\ude0d Z Torebk\u0105 Kotek zyskacie zar\u00f3wno modny, jak i zabawny dodatek! Wykonana ze sztucznego futra, ta <em>mi\u0119ciutka<\/em> torebka jest jak koci\u0105tko, kt\u00f3re chcesz przytuli\u0107. Dzi\u0119ki zamkni\u0119ciu na zamek b\u0142yskawiczny Twoje rzeczy s\u0105 bezpieczne, a Ty zawsze masz przy sobie <strong>uroczego przyjaciela<\/strong>!<\/p>\n<p>Dost\u0119pna w ma\u0142ym, \u015brednim i du\u017cym rozmiarze, Torebka Kotek pasuje do ka\u017cdej potrzeby, a r\u00f3\u017cne wzory odzwierciedlaj\u0105ce rasy kot\u00f3w pozwalaj\u0105 <em>wyrazi\u0107 Twoj\u0105 osobowo\u015b\u0107<\/em>. Czy to Brytyjski Kr\u00f3tkow\u0142osy, Syjamski, czy klasyczny bia\u0142y lub czarny&#8230; <strong>Tw\u00f3j kotek, Tw\u00f3j styl!<\/strong> \ud83c\udf1f Z t\u0105 torebk\u0105 zyskasz nie tylko dodatek, ale <em>styl \u017cycia<\/em>. Zam\u00f3w teraz i po\u0142\u0105cz swoj\u0105 mi\u0142o\u015b\u0107 do kot\u00f3w ze stylem! \ud83d\udced<\/p>\n<p><a href=\"https:\/\/thecozylady.com\/2024\/09\/03\/cat-lovers-new-favorite-kitty-bag\/\">Czytaj wi\u0119cej&#8230;<\/a><\/p>\n","protected":false},"excerpt":{"rendered":"<p>Torebka Kotek &#8211; urocza i stylowa teraz zawsze przy Tobie! \ud83d\udc31\ud83d\udc5c Ta mi\u0119ciutka torebka wykonana ze sztucznego futerka, dost\u0119pna w r\u00f3\u017cnych rasach i rozmiarach kot\u00f3w, odzwierciedla Tw\u00f3j styl. Zamkni\u0119cie na zamek b\u0142yskawiczny zapewnia bezpiecze\u0144stwo Twoich rzeczy. Po\u0142\u0105cz swoj\u0105 mi\u0142o\u015b\u0107 do kot\u00f3w ze stylem! Zam\u00f3w teraz i nie rozstawaj si\u0119 z tym s\u0142odkim przyjacielem. \ud83d\ude0d Kup Teraz!<\/p>\n","protected":false},"featured_media":11259,"template":"","meta":[],"product_cat":[1777,1776],"product_tag":[],"class_list":{"0":"post-11660","1":"product","2":"type-product","3":"status-publish","4":"has-post-thumbnail","6":"product_cat-akcesoria","7":"product_cat-kobiety","9":"first","10":"outofstock","11":"taxable","12":"shipping-taxable","13":"purchasable","14":"product-type-variable"},"_links":{"self":[{"href":"https:\/\/thecozylady.com\/pl\/wp-json\/wp\/v2\/product\/11660","targetHints":{"allow":["GET"]}}],"collection":[{"href":"https:\/\/thecozylady.com\/pl\/wp-json\/wp\/v2\/product"}],"about":[{"href":"https:\/\/thecozylady.com\/pl\/wp-json\/wp\/v2\/types\/product"}],"wp:featuredmedia":[{"embeddable":true,"href":"https:\/\/thecozylady.com\/pl\/wp-json\/wp\/v2\/media\/11259"}],"wp:attachment":[{"href":"https:\/\/thecozylady.com\/pl\/wp-json\/wp\/v2\/media?parent=11660"}],"wp:term":[{"taxonomy":"product_cat","embeddable":true,"href":"https:\/\/thecozylady.com\/pl\/wp-json\/wp\/v2\/product_cat?post=11660"},{"taxonomy":"product_tag","embeddable":true,"href":"https:\/\/thecozylady.com\/pl\/wp-json\/wp\/v2\/product_tag?post=11660"}],"curies":[{"name":"wp","href":"https:\/\/api.w.org\/{rel}","templated":true}]}}