{"id":10210,"date":"2024-04-12T03:50:35","date_gmt":"2024-04-12T03:50:35","guid":{"rendered":"https:\/\/thecozylady.com\/terms-and-condition\/"},"modified":"2024-08-18T02:28:04","modified_gmt":"2024-08-18T02:28:04","slug":"regulamin","status":"publish","type":"page","link":"https:\/\/thecozylady.com\/pl\/regulamin\/","title":{"rendered":"Regulamin"},"content":{"rendered":"\t\t<div data-elementor-type=\"wp-page\" data-elementor-id=\"10210\" class=\"elementor elementor-10210 elementor-5903\">\n\t\t\t\t<div class=\"elementor-element elementor-element-fca4eb6 e-con-full e-flex e-con e-parent\" data-id=\"fca4eb6\" data-element_type=\"container\" data-core-v316-plus=\"true\">\n\t\t<div class=\"elementor-element elementor-element-cfb7e68 e-con-full e-flex e-con e-child\" data-id=\"cfb7e68\" data-element_type=\"container\">\n\t\t\t\t<div class=\"elementor-element elementor-element-4ae612e elementor-widget elementor-widget-heading\" data-id=\"4ae612e\" data-element_type=\"widget\" data-widget_type=\"heading.default\">\n\t\t\t\t<div class=\"elementor-widget-container\">\n\t\t\t<style>\/*! elementor - v3.20.0 - 10-04-2024 *\/\n.elementor-heading-title{padding:0;margin:0;line-height:1}.elementor-widget-heading .elementor-heading-title[class*=elementor-size-]>a{color:inherit;font-size:inherit;line-height:inherit}.elementor-widget-heading .elementor-heading-title.elementor-size-small{font-size:15px}.elementor-widget-heading .elementor-heading-title.elementor-size-medium{font-size:19px}.elementor-widget-heading .elementor-heading-title.elementor-size-large{font-size:29px}.elementor-widget-heading .elementor-heading-title.elementor-size-xl{font-size:39px}.elementor-widget-heading .elementor-heading-title.elementor-size-xxl{font-size:59px}<\/style><h1 class=\"elementor-heading-title elementor-size-default\">Regulamin<\/h1>\t\t<\/div>\n\t\t\t\t<\/div>\n\t\t\t\t<\/div>\n\t\t<div class=\"elementor-element elementor-element-7231c30 e-flex e-con-boxed e-con e-child\" data-id=\"7231c30\" data-element_type=\"container\">\n\t\t\t\t\t<div class=\"e-con-inner\">\n\t\t\t\t<div class=\"elementor-element elementor-element-381e8d2 elementor-widget elementor-widget-text-editor\" data-id=\"381e8d2\" data-element_type=\"widget\" data-widget_type=\"text-editor.default\">\n\t\t\t\t<div class=\"elementor-widget-container\">\n\t\t\t<style>\/*! elementor - v3.20.0 - 10-04-2024 *\/\n.elementor-widget-text-editor.elementor-drop-cap-view-stacked .elementor-drop-cap{background-color:#69727d;color:#fff}.elementor-widget-text-editor.elementor-drop-cap-view-framed .elementor-drop-cap{color:#69727d;border:3px solid;background-color:transparent}.elementor-widget-text-editor:not(.elementor-drop-cap-view-default) .elementor-drop-cap{margin-top:8px}.elementor-widget-text-editor:not(.elementor-drop-cap-view-default) .elementor-drop-cap-letter{width:1em;height:1em}.elementor-widget-text-editor .elementor-drop-cap{float:left;text-align:center;line-height:1;font-size:50px}.elementor-widget-text-editor .elementor-drop-cap-letter{display:inline-block}<\/style>\t\t\t\t<p>Witaj w rodzinie TheCozyLady! Korzystaj\u0105c z naszej strony, zgadzasz si\u0119 na te warunki. Je\u015bli nie zgadzasz si\u0119, prosimy o niekorzystanie z naszej witryny. Mo\u017cemy od czasu do czasu aktualizowa\u0107 te warunki bez powiadomienia, wi\u0119c \u015bmia\u0142o zagl\u0105daj tu co jaki\u015b czas.<\/p>\n<h4>Twoje konto i bezpiecze\u0144stwo<\/h4>\n<p style=\"padding-left: 30px;\">Aby u nas kupowa\u0107, mo\u017cesz potrzebowa\u0107 utworzy\u0107 konto. Ufamy, \u017ce zachowasz dane swojego konta w bezpiecznym miejscu. Je\u015bli zauwa\u017cysz co\u015b podejrzanego na swoim koncie, daj nam zna\u0107 od razu \u2013 jeste\u015bmy tu, by pom\u00f3c!<\/p>\n<h4>Nasze produkty i ceny<\/h4>\n<p style=\"padding-left: 30px;\">Staramy si\u0119, aby wszystko by\u0142o aktualne, ale czasem ceny i stany magazynowe mog\u0105 si\u0119 zmieni\u0107 bez ostrze\u017cenia. Je\u015bli pope\u0142nimy b\u0142\u0105d w cenach lub opisach produkt\u00f3w (jeste\u015bmy tylko lud\u017ami!), zastrzegamy sobie prawo do anulowania lub dostosowania Twojego zam\u00f3wienia. Pami\u0119taj, wszystkie nasze urocze produkty podlegaj\u0105 dost\u0119pno\u015bci.<\/p>\n<h4>Zamawianie i p\u0142atno\u015b\u0107<\/h4>\n<p style=\"padding-left: 30px;\">Kiedy sk\u0142adasz zam\u00f3wienie, sk\u0142adasz ofert\u0119 zakupu. Gdy potwierdzimy Twoje zam\u00f3wienie, sprawa za\u0142atwiona! Ufamy, \u017ce podasz dok\u0142adne informacje o p\u0142atno\u015bci. Nie martw si\u0119 \u2013 u\u017cywamy szyfrowania SSL, aby Twoje dane p\u0142atnicze by\u0142y bezpieczne.<\/p>\n<h4>Dostawa i zwroty<\/h4>\n<p style=\"padding-left: 30px;\">Czasy dostawy mog\u0105 si\u0119 r\u00f3\u017cni\u0107 w zale\u017cno\u015bci od produktu i Twojej lokalizacji. Aby pozna\u0107 wszystkie szczeg\u00f3\u0142y dotycz\u0105ce zwrot\u00f3w i wymian, zajrzyj na nasz\u0105 stron\u0119 Polityki Zwrot\u00f3w. Tylko ma\u0142a uwaga \u2013 niekt\u00f3rych przedmiot\u00f3w nie mo\u017cna zwr\u00f3ci\u0107 ze wzgl\u0119d\u00f3w higienicznych.<\/p>\n<h4>W\u0142asno\u015b\u0107 intelektualna<\/h4>\n<p style=\"padding-left: 30px;\">Ca\u0142a zawarto\u015b\u0107 naszej strony (tekst, grafika, loga, zdj\u0119cia, klipy audio, pliki do pobrania, kompilacje danych) i u\u017cywane przez nas oprogramowanie nale\u017c\u0105 do The Cozy Lady lub naszych dostawc\u00f3w tre\u015bci. Wszystko to jest chronione prawami autorskimi, wi\u0119c prosimy o uszanowanie tego.<\/p>\n<h4>Twoje tre\u015bci<\/h4>\n<p style=\"padding-left: 30px;\">Kiedy udost\u0119pniasz komentarze lub recenzje na naszej stronie, dajesz nam pozwolenie na u\u017cywanie, reprodukowanie i udost\u0119pnianie tych tre\u015bci. Ufamy, \u017ce zachowasz przyjazny i odpowiedni ton \u2013 jeste\u015b odpowiedzialny za upewnienie si\u0119, \u017ce Twoje tre\u015bci s\u0105 legalne i nieszkodliwe.<\/p>\n<h4>Odpowiedzialno\u015b\u0107<\/h4>\n<p style=\"padding-left: 30px;\">Robimy wszystko, co w naszej mocy, aby Twoje do\u015bwiadczenia by\u0142y wspania\u0142e, ale nie mo\u017cemy ponosi\u0107 odpowiedzialno\u015bci za jakiekolwiek szkody wynikaj\u0105ce z korzystania z naszej strony. Oferujemy nasz\u0105 witryn\u0119 &#8220;tak\u0105, jaka jest&#8221; bez \u017cadnych gwarancji.<\/p>\n<h4>Rozwi\u0105zywanie spor\u00f3w<\/h4>\n<p style=\"padding-left: 30px;\">Je\u015bli kiedykolwiek pojawi si\u0119 nieporozumienie dotycz\u0105ce tych warunk\u00f3w, spr\u00f3bujmy najpierw rozwi\u0105za\u0107 to razem. Je\u015bli nie damy rady, b\u0119dziemy musieli pozwoli\u0107 odpowiednim s\u0105dom zaj\u0105\u0107 si\u0119 spraw\u0105.<\/p>\n<h4>Wa\u017cno\u015b\u0107<\/h4>\n<p style=\"padding-left: 30px;\">Je\u015bli jakakolwiek cz\u0119\u015b\u0107 tych warunk\u00f3w oka\u017ce si\u0119 niewa\u017cna lub niewykonalna, reszta nadal b\u0119dzie obowi\u0105zywa\u0107. Zast\u0105pimy wszelkie niewa\u017cne cz\u0119\u015bci czym\u015b podobnym, co jest wa\u017cne i wykonalne.<\/p>\n<h4>Skontaktuj si\u0119 z nami<\/h4>\n<p style=\"padding-left: 30px;\">Masz pytania lub w\u0105tpliwo\u015bci dotycz\u0105ce tych warunk\u00f3w? Ch\u0119tnie Ci\u0119 wys\u0142uchamy! Po prostu napisz do nas na hello@thecozylady.com. Zawsze cieszymy si\u0119 z rozmowy i wyja\u015bnienia wszelkich niejasno\u015bci.<\/p>\t\t\t\t\t\t<\/div>\n\t\t\t\t<\/div>\n\t\t\t\t\t<\/div>\n\t\t\t\t<\/div>\n\t\t\t\t<\/div>\n\t\t\t\t<\/div>\n\t\t","protected":false},"excerpt":{"rendered":"<p>Regulamin Witaj w rodzinie TheCozyLady! Korzystaj\u0105c z naszej strony, zgadzasz si\u0119 na te warunki. Je\u015bli nie zgadzasz si\u0119, prosimy o niekorzystanie z naszej witryny. Mo\u017cemy od czasu do czasu aktualizowa\u0107 te warunki bez powiadomienia, wi\u0119c \u015bmia\u0142o zagl\u0105daj tu co jaki\u015b czas. Twoje konto i bezpiecze\u0144stwo Aby u nas kupowa\u0107, mo\u017cesz potrzebowa\u0107 utworzy\u0107 konto. Ufamy, \u017ce [&hellip;]<\/p>\n","protected":false},"author":1,"featured_media":0,"parent":0,"menu_order":0,"comment_status":"closed","ping_status":"closed","template":"","meta":{"footnotes":""},"class_list":["post-10210","page","type-page","status-publish","hentry"],"_links":{"self":[{"href":"https:\/\/thecozylady.com\/pl\/wp-json\/wp\/v2\/pages\/10210","targetHints":{"allow":["GET"]}}],"collection":[{"href":"https:\/\/thecozylady.com\/pl\/wp-json\/wp\/v2\/pages"}],"about":[{"href":"https:\/\/thecozylady.com\/pl\/wp-json\/wp\/v2\/types\/page"}],"author":[{"embeddable":true,"href":"https:\/\/thecozylady.com\/pl\/wp-json\/wp\/v2\/users\/1"}],"replies":[{"embeddable":true,"href":"https:\/\/thecozylady.com\/pl\/wp-json\/wp\/v2\/comments?post=10210"}],"version-history":[{"count":5,"href":"https:\/\/thecozylady.com\/pl\/wp-json\/wp\/v2\/pages\/10210\/revisions"}],"predecessor-version":[{"id":10268,"href":"https:\/\/thecozylady.com\/pl\/wp-json\/wp\/v2\/pages\/10210\/revisions\/10268"}],"wp:attachment":[{"href":"https:\/\/thecozylady.com\/pl\/wp-json\/wp\/v2\/media?parent=10210"}],"curies":[{"name":"wp","href":"https:\/\/api.w.org\/{rel}","templated":true}]}}