{"id":10080,"date":"2024-04-10T16:38:56","date_gmt":"2024-04-10T16:38:56","guid":{"rendered":"https:\/\/thecozylady.com\/privacy-policy\/"},"modified":"2024-08-18T01:19:48","modified_gmt":"2024-08-18T01:19:48","slug":"prywatnosc-i-pliki-cookie","status":"publish","type":"page","link":"https:\/\/thecozylady.com\/pl\/prywatnosc-i-pliki-cookie\/","title":{"rendered":"Prywatno\u015b\u0107 i pliki cookie"},"content":{"rendered":"\t\t<div data-elementor-type=\"wp-page\" data-elementor-id=\"10080\" class=\"elementor elementor-10080 elementor-3\">\n\t\t\t\t<div class=\"elementor-element elementor-element-34a79b10 e-con-full e-flex e-con e-parent\" data-id=\"34a79b10\" data-element_type=\"container\" data-core-v316-plus=\"true\">\n\t\t<div class=\"elementor-element elementor-element-b771e3e e-flex e-con-boxed e-con e-child\" data-id=\"b771e3e\" data-element_type=\"container\">\n\t\t\t\t\t<div class=\"e-con-inner\">\n\t\t\t\t<div class=\"elementor-element elementor-element-476480b elementor-widget elementor-widget-heading\" data-id=\"476480b\" data-element_type=\"widget\" data-widget_type=\"heading.default\">\n\t\t\t\t<div class=\"elementor-widget-container\">\n\t\t\t<style>\/*! elementor - v3.20.0 - 10-04-2024 *\/\n.elementor-heading-title{padding:0;margin:0;line-height:1}.elementor-widget-heading .elementor-heading-title[class*=elementor-size-]>a{color:inherit;font-size:inherit;line-height:inherit}.elementor-widget-heading .elementor-heading-title.elementor-size-small{font-size:15px}.elementor-widget-heading .elementor-heading-title.elementor-size-medium{font-size:19px}.elementor-widget-heading .elementor-heading-title.elementor-size-large{font-size:29px}.elementor-widget-heading .elementor-heading-title.elementor-size-xl{font-size:39px}.elementor-widget-heading .elementor-heading-title.elementor-size-xxl{font-size:59px}<\/style><h1 class=\"elementor-heading-title elementor-size-default\">Prywatno\u015b\u0107 i pliki cookie<\/h1>\t\t<\/div>\n\t\t\t\t<\/div>\n\t\t\t\t\t<\/div>\n\t\t\t\t<\/div>\n\t\t<div class=\"elementor-element elementor-element-e2812c9 e-flex e-con-boxed e-con e-child\" data-id=\"e2812c9\" data-element_type=\"container\">\n\t\t\t\t\t<div class=\"e-con-inner\">\n\t\t\t\t<div class=\"elementor-element elementor-element-c374b65 elementor-widget elementor-widget-text-editor\" data-id=\"c374b65\" data-element_type=\"widget\" data-widget_type=\"text-editor.default\">\n\t\t\t\t<div class=\"elementor-widget-container\">\n\t\t\t<style>\/*! elementor - v3.20.0 - 10-04-2024 *\/\n.elementor-widget-text-editor.elementor-drop-cap-view-stacked .elementor-drop-cap{background-color:#69727d;color:#fff}.elementor-widget-text-editor.elementor-drop-cap-view-framed .elementor-drop-cap{color:#69727d;border:3px solid;background-color:transparent}.elementor-widget-text-editor:not(.elementor-drop-cap-view-default) .elementor-drop-cap{margin-top:8px}.elementor-widget-text-editor:not(.elementor-drop-cap-view-default) .elementor-drop-cap-letter{width:1em;height:1em}.elementor-widget-text-editor .elementor-drop-cap{float:left;text-align:center;line-height:1;font-size:50px}.elementor-widget-text-editor .elementor-drop-cap-letter{display:inline-block}<\/style>\t\t\t\t<h4>Kim jeste\u015bmy<\/h4>\n<p style=\"padding-left: 30px\">Cze\u015b\u0107! Jeste\u015bmy The Cozy Lady, Twoj\u0105 ulubion\u0105 platform\u0105 e-commerce, kt\u00f3ra rozumie potrzeby nowoczesnych kobiet i ich bliskich. Naszym celem jest zapewnienie Ci komfortu, stylu i szcz\u0119\u015bcia poprzez starannie wybrane produkty. Twoja prywatno\u015b\u0107 i dane osobowe s\u0105 dla nas niezwykle wa\u017cne, wi\u0119c pogadajmy o tym, jak obchodzimy si\u0119 z tymi sprawami, gdy odwiedzasz nasz\u0105 stron\u0119.<\/p>\n<h4>Komentarze<\/h4>\n<p style=\"padding-left: 30px\">Gdy zostawiasz komentarz na naszej stronie, zbieramy dane pokazane w formularzu komentarza. Mo\u017cemy te\u017c z\u0142apa\u0107 Tw\u00f3j adres IP i ci\u0105g u\u017cytkownika przegl\u0105darki, \u017ceby pom\u00f3c nam wykry\u0107 spam. Je\u015bli Tw\u00f3j komentarz zostanie zatwierdzony, Twoje zdj\u0119cie profilowe mo\u017ce by\u0107 widoczne publicznie w kontek\u015bcie Twojego komentarza.<\/p>\n<h4>Media<\/h4>\n<p style=\"padding-left: 30px\">Je\u015bli przesy\u0142asz obrazy na nasz\u0105 stron\u0119, staraj si\u0119 unika\u0107 tych z wbudowanymi danymi lokalizacji (EXIF GPS). Inni odwiedzaj\u0105cy mog\u0105 pobra\u0107 i wyodr\u0119bni\u0107 dane lokalizacyjne z obraz\u00f3w na stronie, wi\u0119c miej to na uwadze!<\/p>\n<h4>Ciasteczka<\/h4>\n<p style=\"padding-left: 30px\">U\u017cywamy ciasteczek na naszej stronie &#8211; s\u0105 jak ma\u0142e pomocne skrzaty, kt\u00f3re pami\u0119taj\u0105 Twoje preferencje i sprawiaj\u0105, \u017ce Twoje do\u015bwiadczenie jest lepsze. Je\u015bli nie jeste\u015b ich fanem, mo\u017cesz je wy\u0142\u0105czy\u0107 w ustawieniach przegl\u0105darki, ale wiedz, \u017ce niekt\u00f3re cz\u0119\u015bci strony mog\u0105 nie dzia\u0142a\u0107 tak p\u0142ynnie.<\/p>\n<h4>Osadzone tre\u015bci z innych stron internetowych<\/h4>\n<p style=\"padding-left: 30px\">Czasami mo\u017cemy umieszcza\u0107 tre\u015bci z innych stron (jak filmy czy obrazy). Dzia\u0142aj\u0105 one tak, jakby\u015b odwiedzi\u0142 t\u0119 inn\u0105 stron\u0119. Mog\u0105 zbiera\u0107 dane o Tobie, u\u017cywa\u0107 ciasteczek lub \u015bledzi\u0107 Twoj\u0105 interakcj\u0119 z t\u0105 osadzon\u0105 tre\u015bci\u0105, szczeg\u00f3lnie je\u015bli jeste\u015b zalogowany na ich stronie.<\/p>\n<h4>Z kim dzielimy si\u0119 Twoimi danymi<\/h4>\n<p style=\"padding-left: 30px\">Trzymamy Twoje dane osobowe dla siebie, chyba \u017ce prawo ka\u017ce nam je udost\u0119pni\u0107. Je\u015bli resetujesz has\u0142o, Tw\u00f3j adres IP b\u0119dzie zawarty w e-mailu resetuj\u0105cym. Mo\u017cemy te\u017c udost\u0119pnia\u0107 dane w\u0142adzom, je\u015bli jest to konieczne dla bezpiecze\u0144stwa strony lub obowi\u0105zk\u00f3w prawnych.<\/p>\n<h4>Jak d\u0142ugo przechowujemy Twoje dane<\/h4>\n<p style=\"padding-left: 30px\">Je\u015bli zostawisz komentarz, jest on przechowywany na zawsze (ale nie martw si\u0119, zawsze mo\u017cesz poprosi\u0107 nas o jego usuni\u0119cie). Dla u\u017cytkownik\u00f3w, kt\u00f3rzy rejestruj\u0105 si\u0119 na naszej stronie, przechowujemy informacje osobiste, kt\u00f3re podaj\u0105 w swoim profilu. Mo\u017cesz zobaczy\u0107, edytowa\u0107 lub usun\u0105\u0107 swoje dane osobowe w dowolnym momencie (z wyj\u0105tkiem nazwy u\u017cytkownika &#8211; ta jest sta\u0142a). Przechowujemy e-maile newslettera, dop\u00f3ki si\u0119 nie wypiszesz &#8211; to takie proste!<\/p>\n<h4>Jakie masz prawa do swoich danych<\/h4>\n<p style=\"padding-left: 30px\">Masz kontrol\u0119! Je\u015bli masz konto lub zostawi\u0142e\u015b komentarze, mo\u017cesz poprosi\u0107 o wyeksportowany plik z danymi osobowymi, kt\u00f3re o Tobie mamy. Mo\u017cesz te\u017c poprosi\u0107 nas o usuni\u0119cie wszelkich danych osobowych, kt\u00f3re mamy. Oczywi\u015bcie, nie dotyczy to danych, kt\u00f3re musimy przechowywa\u0107 ze wzgl\u0119d\u00f3w administracyjnych, prawnych lub bezpiecze\u0144stwa.<\/p>\n<h4>Gdzie wysy\u0142amy Twoje dane<\/h4>\n<p style=\"padding-left: 30px\">Komentarze odwiedzaj\u0105cych mog\u0105 by\u0107 sprawdzane przez automatyczny serwis wykrywania spamu. Nie udost\u0119pniamy Twojego adresu e-mail (z zapis\u00f3w do newslettera lub zakup\u00f3w) nikomu innemu, chyba \u017ce wymaga tego prawo lub nakaz s\u0105dowy.<\/p>\n<h4>Zmiany w tej Polityce Prywatno\u015bci<\/h4>\n<p style=\"padding-left: 30px\">Mo\u017cemy od czasu do czasu aktualizowa\u0107 t\u0119 polityk\u0119. Kiedy to zrobimy, opublikujemy now\u0105 wersj\u0119 w\u0142a\u015bnie tutaj. Dobrze jest od czasu do czasu sprawdza\u0107, \u017ceby by\u0107 na bie\u017c\u0105co. Wszelkie zmiany wchodz\u0105 w \u017cycie natychmiast po ich opublikowaniu.<\/p>\n<h4>Skontaktuj si\u0119 z nami<\/h4>\n<p style=\"padding-left: 30px\">Masz pytania lub w\u0105tpliwo\u015bci dotycz\u0105ce tej polityki prywatno\u015bci? Jeste\u015bmy cali w s\u0142uch! Nie wahaj si\u0119 skontaktowa\u0107 &#8211; nasze dane kontaktowe znajdziesz na stronie kontaktowej witryny. Jeste\u015bmy tu, \u017ceby pom\u00f3c!<\/p>\t\t\t\t\t\t<\/div>\n\t\t\t\t<\/div>\n\t\t\t\t\t<\/div>\n\t\t\t\t<\/div>\n\t\t\t\t<\/div>\n\t\t\t\t<\/div>\n\t\t","protected":false},"excerpt":{"rendered":"<p>Prywatno\u015b\u0107 i pliki cookie Kim jeste\u015bmy Cze\u015b\u0107! Jeste\u015bmy The Cozy Lady, Twoj\u0105 ulubion\u0105 platform\u0105 e-commerce, kt\u00f3ra rozumie potrzeby nowoczesnych kobiet i ich bliskich. Naszym celem jest zapewnienie Ci komfortu, stylu i szcz\u0119\u015bcia poprzez starannie wybrane produkty. Twoja prywatno\u015b\u0107 i dane osobowe s\u0105 dla nas niezwykle wa\u017cne, wi\u0119c pogadajmy o tym, jak obchodzimy si\u0119 z tymi [&hellip;]<\/p>\n","protected":false},"author":1,"featured_media":0,"parent":0,"menu_order":0,"comment_status":"closed","ping_status":"closed","template":"","meta":{"footnotes":""},"class_list":["post-10080","page","type-page","status-publish","hentry"],"_links":{"self":[{"href":"https:\/\/thecozylady.com\/pl\/wp-json\/wp\/v2\/pages\/10080","targetHints":{"allow":["GET"]}}],"collection":[{"href":"https:\/\/thecozylady.com\/pl\/wp-json\/wp\/v2\/pages"}],"about":[{"href":"https:\/\/thecozylady.com\/pl\/wp-json\/wp\/v2\/types\/page"}],"author":[{"embeddable":true,"href":"https:\/\/thecozylady.com\/pl\/wp-json\/wp\/v2\/users\/1"}],"replies":[{"embeddable":true,"href":"https:\/\/thecozylady.com\/pl\/wp-json\/wp\/v2\/comments?post=10080"}],"version-history":[{"count":4,"href":"https:\/\/thecozylady.com\/pl\/wp-json\/wp\/v2\/pages\/10080\/revisions"}],"predecessor-version":[{"id":10102,"href":"https:\/\/thecozylady.com\/pl\/wp-json\/wp\/v2\/pages\/10080\/revisions\/10102"}],"wp:attachment":[{"href":"https:\/\/thecozylady.com\/pl\/wp-json\/wp\/v2\/media?parent=10080"}],"curies":[{"name":"wp","href":"https:\/\/api.w.org\/{rel}","templated":true}]}}