{"id":37731,"date":"2024-09-05T13:31:25","date_gmt":"2024-09-05T13:31:25","guid":{"rendered":"https:\/\/thecozylady.com\/?post_type=product&#038;p=37731"},"modified":"2024-09-08T16:37:09","modified_gmt":"2024-09-08T16:37:09","slug":"le-crocodile-et-les-doigts-courageux","status":"publish","type":"product","link":"https:\/\/thecozylady.com\/fr\/produit\/le-crocodile-et-les-doigts-courageux\/","title":{"rendered":"Le Crocodile et les Doigts Courageux"},"content":{"rendered":"<h3>Moments Palpitants : Le Crocodile et les Doigts Courageux ! \ud83d\udc0a\ud83d\udc46<\/h3>\n<p>\u00cates-vous pr\u00eats \u00e0 vivre des moments inoubliables en famille ? \ud83d\ude0d Avec le jeu <b>Le Crocodile et les Doigts Courageux<\/b>, des minutes pleines de rires et \u00e0 couper le souffle vous attendent chez vous ! Ce mignon crocodile vert deviendra le nouveau meilleur ami de vos enfants de 4 \u00e0 6 ans. Avec son design compact de <i>16,7&#215;10,5&#215;8,8 cm<\/i>, vous pouvez emporter ce jouet partout, et son mat\u00e9riau en plastique durable promet un divertissement de longue dur\u00e9e.<\/p>\n<p>L&#8217;excitation du jeu est simple mais <strong>tr\u00e8s amusante<\/strong> ! \ud83c\udf89 Touchez les dents du crocodile avec votre doigt courageux, mais attention ! Si vous appuyez sur la mauvaise dent, notre crocodile fermera soudainement sa bouche. Celui qui se fait attraper le doigt perd ce tour. Ce jeu passionnant d\u00e9veloppera la coordination \u0153il-main tout en renfor\u00e7ant vos liens familiaux. Commandez maintenant, ne manquez pas cette exp\u00e9rience unique avant que le <em>stock limit\u00e9<\/em> ne s&#8217;\u00e9puise ! \ud83d\ude80<\/p>\n<p><a href=\"https:\/\/thecozylady.com\/2024\/09\/08\/excitement-between-crocodile-teeth-the-brave-fingers-game\/\">Lire la suite&#8230;<\/a><\/p>\n","protected":false},"excerpt":{"rendered":"<p>\ud83d\udc0a Le Crocodile et les Doigts Courageux : Le nouveau favori du divertissement familial ! Id\u00e9al pour les enfants de 4 \u00e0 6 ans, ce jeu passionnant d\u00e9veloppe la coordination \u0153il-main tout en offrant des moments remplis de rires. Sa taille compacte et sa structure en plastique durable le rendent portable partout. Touchez les dents du crocodile avec votre doigt courageux, mais attention ! Ne manquez pas cette exp\u00e9rience unique avant l&#8217;\u00e9puisement des stocks limit\u00e9s, commandez maintenant ! \ud83d\udc46\ud83d\ude0d<\/p>\n","protected":false},"featured_media":14423,"template":"","meta":[],"product_cat":[1795,1796],"product_tag":[],"class_list":{"0":"post-37731","1":"product","2":"type-product","3":"status-publish","4":"has-post-thumbnail","6":"product_cat-enfants","7":"product_cat-jouets","9":"first","10":"outofstock","11":"taxable","12":"shipping-taxable","13":"purchasable","14":"product-type-variable"},"_links":{"self":[{"href":"https:\/\/thecozylady.com\/fr\/wp-json\/wp\/v2\/product\/37731","targetHints":{"allow":["GET"]}}],"collection":[{"href":"https:\/\/thecozylady.com\/fr\/wp-json\/wp\/v2\/product"}],"about":[{"href":"https:\/\/thecozylady.com\/fr\/wp-json\/wp\/v2\/types\/product"}],"wp:featuredmedia":[{"embeddable":true,"href":"https:\/\/thecozylady.com\/fr\/wp-json\/wp\/v2\/media\/14423"}],"wp:attachment":[{"href":"https:\/\/thecozylady.com\/fr\/wp-json\/wp\/v2\/media?parent=37731"}],"wp:term":[{"taxonomy":"product_cat","embeddable":true,"href":"https:\/\/thecozylady.com\/fr\/wp-json\/wp\/v2\/product_cat?post=37731"},{"taxonomy":"product_tag","embeddable":true,"href":"https:\/\/thecozylady.com\/fr\/wp-json\/wp\/v2\/product_tag?post=37731"}],"curies":[{"name":"wp","href":"https:\/\/api.w.org\/{rel}","templated":true}]}}