{"id":11664,"date":"2024-09-03T22:36:03","date_gmt":"2024-09-03T22:36:03","guid":{"rendered":"https:\/\/thecozylady.com\/?post_type=product&#038;p=11664"},"modified":"2024-09-08T13:18:41","modified_gmt":"2024-09-08T13:18:41","slug":"sac-a-main-chaton","status":"publish","type":"product","link":"https:\/\/thecozylady.com\/fr\/produit\/sac-a-main-chaton\/","title":{"rendered":"Sac \u00e0 Main Chaton"},"content":{"rendered":"<h2>Le Charme F\u00e9lin \u00e0 Port\u00e9e de Main avec le Sac Chaton ! \ud83d\udc31\ud83d\udc5c<\/h2>\n<p>Chers amis des chats, \u00eates-vous pr\u00eats \u00e0 ajouter une touche de <strong>douceur et de style<\/strong> \u00e0 votre vie ? \ud83d\ude0d Avec le Sac Chaton, vous obtiendrez un accessoire \u00e0 la fois chic et amusant ! Fabriqu\u00e9 en fausse fourrure, ce sac <em>tout doux<\/em> est comme un chaton que vous voudrez c\u00e2liner. Gr\u00e2ce \u00e0 sa fermeture \u00e9clair, vos affaires sont en s\u00e9curit\u00e9, et vous \u00eates toujours accompagn\u00e9 de votre <strong>adorable compagnon<\/strong> !<\/p>\n<p>Disponible en petit, moyen et grand format pour r\u00e9pondre \u00e0 tous les besoins, le Sac Chaton vous permet <em>d&#8217;exprimer votre personnalit\u00e9<\/em> avec des motifs repr\u00e9sentant diff\u00e9rentes races de chats. Que vous pr\u00e9f\u00e9riez le British Shorthair, le Siamois, ou les classiques blanc ou noir&#8230; <strong>Votre chaton, votre style !<\/strong> \ud83c\udf1f Avec ce sac, vous n&#8217;adoptez pas qu&#8217;un accessoire, mais un v\u00e9ritable <em>art de vivre<\/em>. Commandez d\u00e8s maintenant et fusionnez votre amour des chats avec votre style ! \ud83d\udced<\/p>\n<p><a href=\"https:\/\/thecozylady.com\/2024\/09\/03\/cat-lovers-new-favorite-kitty-bag\/\">Lire la suite&#8230;<\/a><\/p>\n","protected":false},"excerpt":{"rendered":"<p>Le sac Petit Chat apporte d\u00e9sormais charme et style \u00e0 vos c\u00f4t\u00e9s ! \ud83d\udc31\ud83d\udc5c Fabriqu\u00e9 en fausse fourrure douce, ce sac adorable est disponible en diff\u00e9rentes races et tailles de chats pour refl\u00e9ter votre style. Sa fermeture \u00e9clair garde vos affaires en s\u00e9curit\u00e9. Associez votre amour des chats \u00e0 votre style ! Commandez maintenant et ne vous s\u00e9parez jamais de ce mignon compagnon. \ud83d\ude0d Achetez d\u00e8s maintenant !<\/p>\n","protected":false},"featured_media":11257,"template":"","meta":[],"product_cat":[1778],"product_tag":[],"class_list":{"0":"post-11664","1":"product","2":"type-product","3":"status-publish","4":"has-post-thumbnail","6":"product_cat-femmes","8":"first","9":"outofstock","10":"taxable","11":"shipping-taxable","12":"purchasable","13":"product-type-variable"},"_links":{"self":[{"href":"https:\/\/thecozylady.com\/fr\/wp-json\/wp\/v2\/product\/11664","targetHints":{"allow":["GET"]}}],"collection":[{"href":"https:\/\/thecozylady.com\/fr\/wp-json\/wp\/v2\/product"}],"about":[{"href":"https:\/\/thecozylady.com\/fr\/wp-json\/wp\/v2\/types\/product"}],"wp:featuredmedia":[{"embeddable":true,"href":"https:\/\/thecozylady.com\/fr\/wp-json\/wp\/v2\/media\/11257"}],"wp:attachment":[{"href":"https:\/\/thecozylady.com\/fr\/wp-json\/wp\/v2\/media?parent=11664"}],"wp:term":[{"taxonomy":"product_cat","embeddable":true,"href":"https:\/\/thecozylady.com\/fr\/wp-json\/wp\/v2\/product_cat?post=11664"},{"taxonomy":"product_tag","embeddable":true,"href":"https:\/\/thecozylady.com\/fr\/wp-json\/wp\/v2\/product_tag?post=11664"}],"curies":[{"name":"wp","href":"https:\/\/api.w.org\/{rel}","templated":true}]}}