{"id":9899,"date":"2024-04-10T17:47:41","date_gmt":"2024-04-10T17:47:41","guid":{"rendered":"https:\/\/thecozylady.com\/about-us\/"},"modified":"2024-08-17T23:07:21","modified_gmt":"2024-08-17T23:07:21","slug":"a-propos-de-nous","status":"publish","type":"page","link":"https:\/\/thecozylady.com\/fr\/a-propos-de-nous\/","title":{"rendered":"\u00c0 propos de nous"},"content":{"rendered":"\t\t<div data-elementor-type=\"wp-page\" data-elementor-id=\"9899\" class=\"elementor elementor-9899 elementor-3717\">\n\t\t\t\t\t\t<section class=\"elementor-section elementor-top-section elementor-element elementor-element-5158b412 elementor-section-boxed elementor-section-height-default elementor-section-height-default\" data-id=\"5158b412\" data-element_type=\"section\">\n\t\t\t\t\t\t<div class=\"elementor-container elementor-column-gap-default\">\n\t\t\t\t\t<div class=\"elementor-column elementor-col-33 elementor-top-column elementor-element elementor-element-11875c9\" data-id=\"11875c9\" data-element_type=\"column\">\n\t\t\t<div class=\"elementor-widget-wrap elementor-element-populated\">\n\t\t\t\t\t\t<div class=\"elementor-element elementor-element-27d8ef86 elementor-widget elementor-widget-heading\" data-id=\"27d8ef86\" data-element_type=\"widget\" data-widget_type=\"heading.default\">\n\t\t\t\t<div class=\"elementor-widget-container\">\n\t\t\t<style>\/*! elementor - v3.20.0 - 10-04-2024 *\/\n.elementor-heading-title{padding:0;margin:0;line-height:1}.elementor-widget-heading .elementor-heading-title[class*=elementor-size-]>a{color:inherit;font-size:inherit;line-height:inherit}.elementor-widget-heading .elementor-heading-title.elementor-size-small{font-size:15px}.elementor-widget-heading .elementor-heading-title.elementor-size-medium{font-size:19px}.elementor-widget-heading .elementor-heading-title.elementor-size-large{font-size:29px}.elementor-widget-heading .elementor-heading-title.elementor-size-xl{font-size:39px}.elementor-widget-heading .elementor-heading-title.elementor-size-xxl{font-size:59px}<\/style><h3 class=\"elementor-heading-title elementor-size-default\">Notre histoire<\/h3>\t\t<\/div>\n\t\t\t\t<\/div>\n\t\t\t\t<div class=\"elementor-element elementor-element-6c441c0 elementor-widget elementor-widget-text-editor\" data-id=\"6c441c0\" data-element_type=\"widget\" data-widget_type=\"text-editor.default\">\n\t\t\t\t<div class=\"elementor-widget-container\">\n\t\t\t<style>\/*! elementor - v3.20.0 - 10-04-2024 *\/\n.elementor-widget-text-editor.elementor-drop-cap-view-stacked .elementor-drop-cap{background-color:#69727d;color:#fff}.elementor-widget-text-editor.elementor-drop-cap-view-framed .elementor-drop-cap{color:#69727d;border:3px solid;background-color:transparent}.elementor-widget-text-editor:not(.elementor-drop-cap-view-default) .elementor-drop-cap{margin-top:8px}.elementor-widget-text-editor:not(.elementor-drop-cap-view-default) .elementor-drop-cap-letter{width:1em;height:1em}.elementor-widget-text-editor .elementor-drop-cap{float:left;text-align:center;line-height:1;font-size:50px}.elementor-widget-text-editor .elementor-drop-cap-letter{display:inline-block}<\/style>\t\t\t\t<p class=\"whitespace-pre-wrap break-words\">Nous sommes une \u00e9quipe qui comprend les besoins des femmes modernes et de leurs proches. Notre objectif est d&#8217;apporter confort, \u00e9l\u00e9gance et bonheur avec des produits soigneusement s\u00e9lectionn\u00e9s. Tout a commenc\u00e9 avec le d\u00e9sir de toucher votre vie. En nous lan\u00e7ant dans cette aventure, notre but n&#8217;\u00e9tait pas seulement de cr\u00e9er un site de shopping, mais d&#8217;\u00eatre une amie chaleureuse \u00e0 vos c\u00f4t\u00e9s \u00e0 chaque instant. Nous avons cherch\u00e9 \u00e0 \u00e9gayer votre vie avec une large gamme de produits de qualit\u00e9, des v\u00eatements \u00e0 la d\u00e9coration, des articles pour enfants aux accessoires pour animaux de compagnie.<\/p><p class=\"whitespace-pre-wrap break-words\">\u00a0<\/p><p class=\"whitespace-pre-wrap break-words\">Chez The Cozy Lady, nous travaillons d&#8217;arrache-pied pour vous offrir des produits qui refl\u00e8tent votre style, facilitent et enrichissent votre vie. Tout en suivant les tendances, nous cr\u00e9ons des pi\u00e8ces intemporelles qui refl\u00e8tent votre style personnel, visant \u00e0 conqu\u00e9rir votre c\u0153ur et celui de vos proches. Avec nos designs innovants, pratiques et \u00e9l\u00e9gants, nous continuons \u00e0 grandir et \u00e0 \u00e9voluer avec vous, en essayant d&#8217;ajouter de la couleur \u00e0 votre quotidien. En tant que famille The Cozy Lady, nous voulons \u00eatre une amie fiable dans votre vie et vous accompagner dans toutes vos aventures. Profitons ensemble des joies de la vie !<\/p>\t\t\t\t\t\t<\/div>\n\t\t\t\t<\/div>\n\t\t\t\t\t<\/div>\n\t\t<\/div>\n\t\t\t\t<div class=\"elementor-column elementor-col-66 elementor-top-column elementor-element elementor-element-4b2de284\" data-id=\"4b2de284\" data-element_type=\"column\">\n\t\t\t<div class=\"elementor-widget-wrap elementor-element-populated\">\n\t\t\t\t\t\t<div class=\"elementor-element elementor-element-c6be04b elementor-widget elementor-widget-wp-widget-nasa_banner_sc\" data-id=\"c6be04b\" data-element_type=\"widget\" data-widget_type=\"wp-widget-nasa_banner_sc.default\">\n\t\t\t\t<div class=\"elementor-widget-container\">\n\t\t\t<div class=\"banner nasa-banner\" data-wow-delay=\"\" style=\"height: 563px;\"><div class=\"banner-image nasa-banner-image ns-banner-bg\" style=\"background-image: url(https:\/\/thecozylady.com\/wp-content\/uploads\/2024\/04\/paper-above-envelope-mockup.jpg);background-position: center center;\" data-height=\"563\" data-width=\"750\"><\/div><\/div>\t\t<\/div>\n\t\t\t\t<\/div>\n\t\t\t\t\t<\/div>\n\t\t<\/div>\n\t\t\t\t\t<\/div>\n\t\t<\/section>\n\t\t\t\t<section class=\"elementor-section elementor-top-section elementor-element elementor-element-20315a4a elementor-section-boxed elementor-section-height-default elementor-section-height-default\" data-id=\"20315a4a\" data-element_type=\"section\">\n\t\t\t\t\t\t<div class=\"elementor-container elementor-column-gap-default\">\n\t\t\t\t\t<div class=\"elementor-column elementor-col-50 elementor-top-column elementor-element elementor-element-484a593e\" data-id=\"484a593e\" data-element_type=\"column\">\n\t\t\t<div class=\"elementor-widget-wrap elementor-element-populated\">\n\t\t\t\t\t\t<div class=\"elementor-element elementor-element-6ebc59ba elementor-widget elementor-widget-heading\" data-id=\"6ebc59ba\" data-element_type=\"widget\" data-widget_type=\"heading.default\">\n\t\t\t\t<div class=\"elementor-widget-container\">\n\t\t\t<h3 class=\"elementor-heading-title elementor-size-default\">Que faisons-nous pour vous ?<\/h3>\t\t<\/div>\n\t\t\t\t<\/div>\n\t\t\t\t<div class=\"elementor-element elementor-element-1d1a1deb nasa-accordion-df elementor-widget elementor-widget-accordion\" data-id=\"1d1a1deb\" data-element_type=\"widget\" data-widget_type=\"accordion.default\">\n\t\t\t\t<div class=\"elementor-widget-container\">\n\t\t\t<style>\/*! elementor - v3.20.0 - 10-04-2024 *\/\n.elementor-accordion{text-align:left}.elementor-accordion .elementor-accordion-item{border:1px solid #d5d8dc}.elementor-accordion .elementor-accordion-item+.elementor-accordion-item{border-top:none}.elementor-accordion .elementor-tab-title{margin:0;padding:15px 20px;font-weight:700;line-height:1;cursor:pointer;outline:none}.elementor-accordion .elementor-tab-title .elementor-accordion-icon{display:inline-block;width:1.5em}.elementor-accordion .elementor-tab-title .elementor-accordion-icon svg{width:1em;height:1em}.elementor-accordion .elementor-tab-title .elementor-accordion-icon.elementor-accordion-icon-right{float:right;text-align:right}.elementor-accordion .elementor-tab-title .elementor-accordion-icon.elementor-accordion-icon-left{float:left;text-align:left}.elementor-accordion .elementor-tab-title .elementor-accordion-icon .elementor-accordion-icon-closed{display:block}.elementor-accordion .elementor-tab-title .elementor-accordion-icon .elementor-accordion-icon-opened,.elementor-accordion .elementor-tab-title.elementor-active .elementor-accordion-icon-closed{display:none}.elementor-accordion .elementor-tab-title.elementor-active .elementor-accordion-icon-opened{display:block}.elementor-accordion .elementor-tab-content{display:none;padding:15px 20px;border-top:1px solid #d5d8dc}@media (max-width:767px){.elementor-accordion .elementor-tab-title{padding:12px 15px}.elementor-accordion .elementor-tab-title .elementor-accordion-icon{width:1.2em}.elementor-accordion .elementor-tab-content{padding:7px 15px}}.e-con-inner>.elementor-widget-accordion,.e-con>.elementor-widget-accordion{width:var(--container-widget-width);--flex-grow:var(--container-widget-flex-grow)}<\/style>\t\t<div class=\"elementor-accordion\">\n\t\t\t\t\t\t\t<div class=\"elementor-accordion-item\">\n\t\t\t\t\t<div id=\"elementor-tab-title-4881\" class=\"elementor-tab-title\" data-tab=\"1\" role=\"button\" aria-controls=\"elementor-tab-content-4881\" aria-expanded=\"false\">\n\t\t\t\t\t\t\t\t\t\t\t\t\t<span class=\"elementor-accordion-icon elementor-accordion-icon-left\" aria-hidden=\"true\">\n\t\t\t\t\t\t\t\t\t\t\t\t\t\t\t<span class=\"elementor-accordion-icon-closed\"><svg class=\"e-font-icon-svg e-fas-plus\" viewBox=\"0 0 448 512\" xmlns=\"http:\/\/www.w3.org\/2000\/svg\"><path d=\"M416 208H272V64c0-17.67-14.33-32-32-32h-32c-17.67 0-32 14.33-32 32v144H32c-17.67 0-32 14.33-32 32v32c0 17.67 14.33 32 32 32h144v144c0 17.67 14.33 32 32 32h32c17.67 0 32-14.33 32-32V304h144c17.67 0 32-14.33 32-32v-32c0-17.67-14.33-32-32-32z\"><\/path><\/svg><\/span>\n\t\t\t\t\t\t\t\t<span class=\"elementor-accordion-icon-opened\"><svg class=\"e-font-icon-svg e-fas-minus\" viewBox=\"0 0 448 512\" xmlns=\"http:\/\/www.w3.org\/2000\/svg\"><path d=\"M416 208H32c-17.67 0-32 14.33-32 32v32c0 17.67 14.33 32 32 32h384c17.67 0 32-14.33 32-32v-32c0-17.67-14.33-32-32-32z\"><\/path><\/svg><\/span>\n\t\t\t\t\t\t\t\t\t\t\t\t\t\t<\/span>\n\t\t\t\t\t\t\t\t\t\t\t\t<a class=\"elementor-accordion-title\" tabindex=\"0\">Collections soigneusement s\u00e9lectionn\u00e9es : Des produits qui refl\u00e8tent votre style<\/a>\n\t\t\t\t\t<\/div>\n\t\t\t\t\t<div id=\"elementor-tab-content-4881\" class=\"elementor-tab-content elementor-clearfix\" data-tab=\"1\" role=\"region\" aria-labelledby=\"elementor-tab-title-4881\"><p class=\"whitespace-pre-wrap break-words\">Ch\u00e8res amies, nous s\u00e9lectionnons soigneusement chaque produit que nous vous proposons. En cr\u00e9ant nos collections, notre priorit\u00e9 est de vous offrir des pi\u00e8ces qui refl\u00e8tent votre style et vous accompagnent \u00e0 chaque instant de votre vie. Tout en suivant les derni\u00e8res tendances, nous accordons \u00e9galement de l&#8217;importance aux designs intemporels et de qualit\u00e9. Ainsi, chaque produit The Cozy Lady que vous achetez devient une pi\u00e8ce que vous pourrez utiliser avec plaisir pendant de nombreuses ann\u00e9es.<\/p><\/div>\n\t\t\t\t<\/div>\n\t\t\t\t\t\t\t<div class=\"elementor-accordion-item\">\n\t\t\t\t\t<div id=\"elementor-tab-title-4882\" class=\"elementor-tab-title\" data-tab=\"2\" role=\"button\" aria-controls=\"elementor-tab-content-4882\" aria-expanded=\"false\">\n\t\t\t\t\t\t\t\t\t\t\t\t\t<span class=\"elementor-accordion-icon elementor-accordion-icon-left\" aria-hidden=\"true\">\n\t\t\t\t\t\t\t\t\t\t\t\t\t\t\t<span class=\"elementor-accordion-icon-closed\"><svg class=\"e-font-icon-svg e-fas-plus\" viewBox=\"0 0 448 512\" xmlns=\"http:\/\/www.w3.org\/2000\/svg\"><path d=\"M416 208H272V64c0-17.67-14.33-32-32-32h-32c-17.67 0-32 14.33-32 32v144H32c-17.67 0-32 14.33-32 32v32c0 17.67 14.33 32 32 32h144v144c0 17.67 14.33 32 32 32h32c17.67 0 32-14.33 32-32V304h144c17.67 0 32-14.33 32-32v-32c0-17.67-14.33-32-32-32z\"><\/path><\/svg><\/span>\n\t\t\t\t\t\t\t\t<span class=\"elementor-accordion-icon-opened\"><svg class=\"e-font-icon-svg e-fas-minus\" viewBox=\"0 0 448 512\" xmlns=\"http:\/\/www.w3.org\/2000\/svg\"><path d=\"M416 208H32c-17.67 0-32 14.33-32 32v32c0 17.67 14.33 32 32 32h384c17.67 0 32-14.33 32-32v-32c0-17.67-14.33-32-32-32z\"><\/path><\/svg><\/span>\n\t\t\t\t\t\t\t\t\t\t\t\t\t\t<\/span>\n\t\t\t\t\t\t\t\t\t\t\t\t<a class=\"elementor-accordion-title\" tabindex=\"0\">Programme de fid\u00e9lit\u00e9 : Avantages et surprises rien que pour vous<\/a>\n\t\t\t\t\t<\/div>\n\t\t\t\t\t<div id=\"elementor-tab-content-4882\" class=\"elementor-tab-content elementor-clearfix\" data-tab=\"2\" role=\"region\" aria-labelledby=\"elementor-tab-title-4882\"><p class=\"whitespace-pre-wrap break-words\">Ch\u00e8res amies, votre confiance et votre fid\u00e9lit\u00e9 sont tr\u00e8s pr\u00e9cieuses pour nous. C&#8217;est pourquoi nous vous offrons des avantages et des surprises exclusifs avec notre programme de fid\u00e9lit\u00e9. En restant simplement avec nous, vous profiterez de diverses offres et r\u00e9ductions.<\/p><p class=\"whitespace-pre-wrap break-words\">La plus belle chose \u00e0 propos de notre programme de fid\u00e9lit\u00e9, c&#8217;est qu&#8217;il vous surprend. Nous vous rendons heureuses avec des cadeaux et des r\u00e9ductions pour votre anniversaire, vos jours sp\u00e9ciaux ou \u00e0 un moment o\u00f9 vous ne vous y attendez pas du tout. Parce que vous \u00eates les membres les plus pr\u00e9cieux de la famille The Cozy Lady et nous voulons toujours vous faire sentir sp\u00e9ciales. Rejoignez notre programme de fid\u00e9lit\u00e9 et profitez des avantages !<\/p><\/div>\n\t\t\t\t<\/div>\n\t\t\t\t\t\t\t<div class=\"elementor-accordion-item\">\n\t\t\t\t\t<div id=\"elementor-tab-title-4883\" class=\"elementor-tab-title\" data-tab=\"3\" role=\"button\" aria-controls=\"elementor-tab-content-4883\" aria-expanded=\"false\">\n\t\t\t\t\t\t\t\t\t\t\t\t\t<span class=\"elementor-accordion-icon elementor-accordion-icon-left\" aria-hidden=\"true\">\n\t\t\t\t\t\t\t\t\t\t\t\t\t\t\t<span class=\"elementor-accordion-icon-closed\"><svg class=\"e-font-icon-svg e-fas-plus\" viewBox=\"0 0 448 512\" xmlns=\"http:\/\/www.w3.org\/2000\/svg\"><path d=\"M416 208H272V64c0-17.67-14.33-32-32-32h-32c-17.67 0-32 14.33-32 32v144H32c-17.67 0-32 14.33-32 32v32c0 17.67 14.33 32 32 32h144v144c0 17.67 14.33 32 32 32h32c17.67 0 32-14.33 32-32V304h144c17.67 0 32-14.33 32-32v-32c0-17.67-14.33-32-32-32z\"><\/path><\/svg><\/span>\n\t\t\t\t\t\t\t\t<span class=\"elementor-accordion-icon-opened\"><svg class=\"e-font-icon-svg e-fas-minus\" viewBox=\"0 0 448 512\" xmlns=\"http:\/\/www.w3.org\/2000\/svg\"><path d=\"M416 208H32c-17.67 0-32 14.33-32 32v32c0 17.67 14.33 32 32 32h384c17.67 0 32-14.33 32-32v-32c0-17.67-14.33-32-32-32z\"><\/path><\/svg><\/span>\n\t\t\t\t\t\t\t\t\t\t\t\t\t\t<\/span>\n\t\t\t\t\t\t\t\t\t\t\t\t<a class=\"elementor-accordion-title\" tabindex=\"0\">Blog : Mode, style de vie et contenus inspirants<\/a>\n\t\t\t\t\t<\/div>\n\t\t\t\t\t<div id=\"elementor-tab-content-4883\" class=\"elementor-tab-content elementor-clearfix\" data-tab=\"3\" role=\"region\" aria-labelledby=\"elementor-tab-title-4883\"><p class=\"whitespace-pre-wrap break-words\">Chez The Cozy Lady, nous ne nous contentons pas de proposer des produits ; nous visons \u00e9galement \u00e0 enrichir votre vie avec des contenus inspirants. Sur notre blog, vous trouverez de nombreux sujets, des tendances de la mode aux id\u00e9es de d\u00e9coration, des conseils de voyage aux astuces pour une vie saine. Notre \u00e9quipe et nos auteurs invit\u00e9s pr\u00e9parent pour vous des articles soigneusement s\u00e9lectionn\u00e9s, originaux et informatifs. Lorsque vous visiterez notre blog, vous vous sentirez \u00e0 l&#8217;aise et joyeuses. En lisant nos articles, vous d\u00e9couvrirez des id\u00e9es qui ajoutent de la couleur \u00e0 votre quotidien, vous serez inspir\u00e9es et vous apprendrez \u00e0 mieux vous conna\u00eetre. Rejoignez la famille du blog Cozy Lady, apprenons, d\u00e9couvrons et inspirons-nous ensemble !<\/p><\/div>\n\t\t\t\t<\/div>\n\t\t\t\t\t\t\t<div class=\"elementor-accordion-item\">\n\t\t\t\t\t<div id=\"elementor-tab-title-4884\" class=\"elementor-tab-title\" data-tab=\"4\" role=\"button\" aria-controls=\"elementor-tab-content-4884\" aria-expanded=\"false\">\n\t\t\t\t\t\t\t\t\t\t\t\t\t<span class=\"elementor-accordion-icon elementor-accordion-icon-left\" aria-hidden=\"true\">\n\t\t\t\t\t\t\t\t\t\t\t\t\t\t\t<span class=\"elementor-accordion-icon-closed\"><svg class=\"e-font-icon-svg e-fas-plus\" viewBox=\"0 0 448 512\" xmlns=\"http:\/\/www.w3.org\/2000\/svg\"><path d=\"M416 208H272V64c0-17.67-14.33-32-32-32h-32c-17.67 0-32 14.33-32 32v144H32c-17.67 0-32 14.33-32 32v32c0 17.67 14.33 32 32 32h144v144c0 17.67 14.33 32 32 32h32c17.67 0 32-14.33 32-32V304h144c17.67 0 32-14.33 32-32v-32c0-17.67-14.33-32-32-32z\"><\/path><\/svg><\/span>\n\t\t\t\t\t\t\t\t<span class=\"elementor-accordion-icon-opened\"><svg class=\"e-font-icon-svg e-fas-minus\" viewBox=\"0 0 448 512\" xmlns=\"http:\/\/www.w3.org\/2000\/svg\"><path d=\"M416 208H32c-17.67 0-32 14.33-32 32v32c0 17.67 14.33 32 32 32h384c17.67 0 32-14.33 32-32v-32c0-17.67-14.33-32-32-32z\"><\/path><\/svg><\/span>\n\t\t\t\t\t\t\t\t\t\t\t\t\t\t<\/span>\n\t\t\t\t\t\t\t\t\t\t\t\t<a class=\"elementor-accordion-title\" tabindex=\"0\">Acheter chez Cozy Lady est s\u00fbr : Garantie de retour de 30 jours !<\/a>\n\t\t\t\t\t<\/div>\n\t\t\t\t\t<div id=\"elementor-tab-content-4884\" class=\"elementor-tab-content elementor-clearfix\" data-tab=\"4\" role=\"region\" aria-labelledby=\"elementor-tab-title-4884\"><p class=\"whitespace-pre-wrap break-words\">Ch\u00e8res amies, notre plus grande priorit\u00e9 est de vous offrir les produits les plus sp\u00e9ciaux et de la meilleure qualit\u00e9. Nous s\u00e9lectionnons soigneusement chaque article pour qu&#8217;il corresponde \u00e0 votre style et \u00e0 vos besoins. Mais nous savons que lors des achats en ligne, vous n&#8217;avez pas toujours la possibilit\u00e9 de toucher et d&#8217;essayer le produit. C&#8217;est l\u00e0 que notre garantie de retour de 30 jours entre en jeu, vous offrant une exp\u00e9rience d&#8217;achat s\u00fbre et agr\u00e9able.<\/p><p class=\"whitespace-pre-wrap break-words\">Si le produit que vous avez choisi ne r\u00e9pond pas \u00e0 vos attentes ou si vous n&#8217;\u00eates pas satisfaite pour une raison quelconque, pas de probl\u00e8me. Tout ce que vous avez \u00e0 faire est de nous le faire savoir dans les 30 jours. Votre satisfaction est tr\u00e8s importante pour nous, c&#8217;est pourquoi nous rendons le processus de retour aussi simple que possible. Il vous suffit de nous renvoyer le produit dans son \u00e9tat d&#8217;origine. Nous vous rembourserons imm\u00e9diatement la totalit\u00e9 du montant que vous avez pay\u00e9, sans poser de questions.<\/p><p class=\"whitespace-pre-wrap break-words\">Lorsque vous faites vos achats chez The Cozy Lady, vous pouvez faire votre choix dans le confort de votre maison et \u00eatre tranquille. Nous sommes l\u00e0 pour votre bonheur et votre satisfaction, et nous sommes heureuses d&#8217;\u00eatre \u00e0 vos c\u00f4t\u00e9s \u00e0 chaque \u00e9tape.<\/p><\/div>\n\t\t\t\t<\/div>\n\t\t\t\t\t\t\t\t<\/div>\n\t\t\t\t<\/div>\n\t\t\t\t<\/div>\n\t\t\t\t\t<\/div>\n\t\t<\/div>\n\t\t\t\t<div class=\"elementor-column elementor-col-25 elementor-top-column elementor-element elementor-element-2058690d\" data-id=\"2058690d\" data-element_type=\"column\">\n\t\t\t<div class=\"elementor-widget-wrap\">\n\t\t\t\t\t\t\t<\/div>\n\t\t<\/div>\n\t\t\t\t<div class=\"elementor-column elementor-col-25 elementor-top-column elementor-element elementor-element-43d90edd\" data-id=\"43d90edd\" data-element_type=\"column\">\n\t\t\t<div class=\"elementor-widget-wrap elementor-element-populated\">\n\t\t\t\t\t\t<div class=\"elementor-element elementor-element-431034c5 elementor-widget elementor-widget-heading\" data-id=\"431034c5\" data-element_type=\"widget\" data-widget_type=\"heading.default\">\n\t\t\t\t<div class=\"elementor-widget-container\">\n\t\t\t<h3 class=\"elementor-heading-title elementor-size-default\">Heures d'ouverture<\/h3>\t\t<\/div>\n\t\t\t\t<\/div>\n\t\t\t\t<div class=\"elementor-element elementor-element-1c4d2456 elementor-widget elementor-widget-text-editor\" data-id=\"1c4d2456\" data-element_type=\"widget\" data-widget_type=\"text-editor.default\">\n\t\t\t\t<div class=\"elementor-widget-container\">\n\t\t\t\t\t\t\t<table style=\"font-weight: 600;\"><tbody><tr><td>Lundi:<\/td><td class=\"text-right\">09:00 &#8211; 18-00<\/td><\/tr><tr><td>Mardi:<\/td><td class=\"text-right\">09:00 &#8211; 18-00<\/td><\/tr><tr><td>Mercredi:<\/td><td class=\"text-right\">09:00 &#8211; 18-00<\/td><\/tr><tr><td>Jeudi:<\/td><td class=\"text-right\">09:00 &#8211; 18-00<\/td><\/tr><tr><td>Vendredi:<\/td><td class=\"text-right\">09:00 &#8211; 18-00<\/td><\/tr><tr><td>Samedi:<\/td><td class=\"text-right\">09:00 &#8211; 12-00<\/td><\/tr><tr><td>Dimanche:<\/td><td class=\"text-right\">Ferm\u00e9<\/td><\/tr><\/tbody><\/table>\t\t\t\t\t\t<\/div>\n\t\t\t\t<\/div>\n\t\t\t\t<div class=\"elementor-element elementor-element-426cd003 elementor-widget elementor-widget-heading\" data-id=\"426cd003\" data-element_type=\"widget\" data-widget_type=\"heading.default\">\n\t\t\t\t<div class=\"elementor-widget-container\">\n\t\t\t<h3 class=\"elementor-heading-title elementor-size-default\">Carri\u00e8re<\/h3>\t\t<\/div>\n\t\t\t\t<\/div>\n\t\t\t\t<div class=\"elementor-element elementor-element-699b95de elementor-widget elementor-widget-text-editor\" data-id=\"699b95de\" data-element_type=\"widget\" data-widget_type=\"text-editor.default\">\n\t\t\t\t<div class=\"elementor-widget-container\">\n\t\t\t\t\t\t\t<p>Si vous \u00eates enthousiastes \u00e0 l&#8217;id\u00e9e d&#8217;une carri\u00e8re chez TheCozyLady, <br \/>rencontrons-nous :<\/p><p><a href=\"mailto:hello@thecozylady.com\">hello@thecozylady.com<\/a><\/p>\t\t\t\t\t\t<\/div>\n\t\t\t\t<\/div>\n\t\t\t\t\t<\/div>\n\t\t<\/div>\n\t\t\t\t\t<\/div>\n\t\t<\/section>\n\t\t\t\t<\/div>\n\t\t","protected":false},"excerpt":{"rendered":"<p>Notre histoire Nous sommes une \u00e9quipe qui comprend les besoins des femmes modernes et de leurs proches. Notre objectif est d&#8217;apporter confort, \u00e9l\u00e9gance et bonheur avec des produits soigneusement s\u00e9lectionn\u00e9s. Tout a commenc\u00e9 avec le d\u00e9sir de toucher votre vie. En nous lan\u00e7ant dans cette aventure, notre but n&#8217;\u00e9tait pas seulement de cr\u00e9er un site [&hellip;]<\/p>\n","protected":false},"author":1,"featured_media":0,"parent":0,"menu_order":0,"comment_status":"closed","ping_status":"closed","template":"","meta":{"footnotes":""},"class_list":["post-9899","page","type-page","status-publish","hentry"],"_links":{"self":[{"href":"https:\/\/thecozylady.com\/fr\/wp-json\/wp\/v2\/pages\/9899","targetHints":{"allow":["GET"]}}],"collection":[{"href":"https:\/\/thecozylady.com\/fr\/wp-json\/wp\/v2\/pages"}],"about":[{"href":"https:\/\/thecozylady.com\/fr\/wp-json\/wp\/v2\/types\/page"}],"author":[{"embeddable":true,"href":"https:\/\/thecozylady.com\/fr\/wp-json\/wp\/v2\/users\/1"}],"replies":[{"embeddable":true,"href":"https:\/\/thecozylady.com\/fr\/wp-json\/wp\/v2\/comments?post=9899"}],"version-history":[{"count":5,"href":"https:\/\/thecozylady.com\/fr\/wp-json\/wp\/v2\/pages\/9899\/revisions"}],"predecessor-version":[{"id":9963,"href":"https:\/\/thecozylady.com\/fr\/wp-json\/wp\/v2\/pages\/9899\/revisions\/9963"}],"wp:attachment":[{"href":"https:\/\/thecozylady.com\/fr\/wp-json\/wp\/v2\/media?parent=9899"}],"curies":[{"name":"wp","href":"https:\/\/api.w.org\/{rel}","templated":true}]}}