{"id":10421,"date":"2024-04-12T01:35:38","date_gmt":"2024-04-12T01:35:38","guid":{"rendered":"https:\/\/thecozylady.com\/distance-sales-agreement\/"},"modified":"2024-08-18T09:31:20","modified_gmt":"2024-08-18T09:31:20","slug":"contrat-de-vente-a-distance","status":"publish","type":"page","link":"https:\/\/thecozylady.com\/fr\/contrat-de-vente-a-distance\/","title":{"rendered":"Contrat de Vente \u00e0 Distance"},"content":{"rendered":"\t\t<div data-elementor-type=\"wp-page\" data-elementor-id=\"10421\" class=\"elementor elementor-10421 elementor-5848\">\n\t\t\t\t<div class=\"elementor-element elementor-element-647db548 e-con-full e-flex e-con e-parent\" data-id=\"647db548\" data-element_type=\"container\" data-core-v316-plus=\"true\">\n\t\t<header class=\"elementor-element elementor-element-6464531 e-con-full e-flex e-con e-child\" data-id=\"6464531\" data-element_type=\"container\">\n\t\t\t\t<div class=\"elementor-element elementor-element-cdeea6e elementor-widget elementor-widget-heading\" data-id=\"cdeea6e\" data-element_type=\"widget\" data-widget_type=\"heading.default\">\n\t\t\t\t<div class=\"elementor-widget-container\">\n\t\t\t<style>\/*! elementor - v3.20.0 - 10-04-2024 *\/\n.elementor-heading-title{padding:0;margin:0;line-height:1}.elementor-widget-heading .elementor-heading-title[class*=elementor-size-]>a{color:inherit;font-size:inherit;line-height:inherit}.elementor-widget-heading .elementor-heading-title.elementor-size-small{font-size:15px}.elementor-widget-heading .elementor-heading-title.elementor-size-medium{font-size:19px}.elementor-widget-heading .elementor-heading-title.elementor-size-large{font-size:29px}.elementor-widget-heading .elementor-heading-title.elementor-size-xl{font-size:39px}.elementor-widget-heading .elementor-heading-title.elementor-size-xxl{font-size:59px}<\/style><h1 class=\"elementor-heading-title elementor-size-default\">Contrat de Vente \u00e0 Distance<\/h1>\t\t<\/div>\n\t\t\t\t<\/div>\n\t\t\t\t<\/header>\n\t\t<div class=\"elementor-element elementor-element-4a4d6b8 e-flex e-con-boxed e-con e-child\" data-id=\"4a4d6b8\" data-element_type=\"container\">\n\t\t\t\t\t<div class=\"e-con-inner\">\n\t\t\t\t<div class=\"elementor-element elementor-element-bcd562a elementor-widget elementor-widget-text-editor\" data-id=\"bcd562a\" data-element_type=\"widget\" data-widget_type=\"text-editor.default\">\n\t\t\t\t<div class=\"elementor-widget-container\">\n\t\t\t<style>\/*! elementor - v3.20.0 - 10-04-2024 *\/\n.elementor-widget-text-editor.elementor-drop-cap-view-stacked .elementor-drop-cap{background-color:#69727d;color:#fff}.elementor-widget-text-editor.elementor-drop-cap-view-framed .elementor-drop-cap{color:#69727d;border:3px solid;background-color:transparent}.elementor-widget-text-editor:not(.elementor-drop-cap-view-default) .elementor-drop-cap{margin-top:8px}.elementor-widget-text-editor:not(.elementor-drop-cap-view-default) .elementor-drop-cap-letter{width:1em;height:1em}.elementor-widget-text-editor .elementor-drop-cap{float:left;text-align:center;line-height:1;font-size:50px}.elementor-widget-text-editor .elementor-drop-cap-letter{display:inline-block}<\/style>\t\t\t\t<p>Salut la famille Cozy Lady ! On sait que les trucs l\u00e9gaux peuvent \u00eatre un peu barbants, mais c&#8217;est important qu&#8217;on soit sur la m\u00eame longueur d&#8217;onde. Alors, on fait le tour ensemble, d&#8217;accord ?<\/p>\n<h4>1. Qui est qui<\/h4>\n<p style=\"padding-left: 30px;\">Ce contrat, c&#8217;est entre nous (TheCozyLady, votre boutique en ligne pr\u00e9f\u00e9r\u00e9e) et vous (notre super client). On va s&#8217;appeler le &#8216;Vendeur&#8217; et vous l&#8221;Acheteur&#8217; \u00e0 partir de maintenant, juste pour que ce soit clair.<\/p>\n<h4>2. De quoi on parle<\/h4>\n<p style=\"padding-left: 30px;\">En gros, cet accord couvre tout ce que vous achetez sur notre site. C&#8217;est pour s&#8217;assurer qu&#8217;on est tous les deux prot\u00e9g\u00e9s par les lois sur la consommation, surtout quand il s&#8217;agit d&#8217;achats en ligne.<\/p>\n<h4>3. Les produits<\/h4>\n<p style=\"padding-left: 30px;\">Vous trouverez tous les d\u00e9tails croustillants sur nos produits &#8211; \u00e0 quoi ils ressemblent, combien ils co\u00fbtent, comment payer, et comment on vous les livre &#8211; directement sur notre site. Petit avertissement : on peut ajuster les prix ou les d\u00e9tails des produits de temps en temps.<\/p>\n<h4>4. On conclut l&#8217;affaire<\/h4>\n<p style=\"padding-left: 30px;\">D\u00e8s que vous cliquez sur &#8216;Acheter&#8217; et que votre paiement passe, c&#8217;est dans la poche ! En commandant, vous nous faites un clin d&#8217;\u0153il pour dire que vous avez lu et compris tous les points importants sur le produit, la livraison et les retours.<\/p>\n<h4>5. Question d&#8217;argent<\/h4>\n<p style=\"padding-left: 30px;\">Vous pouvez payer avec n&#8217;importe quelle m\u00e9thode propos\u00e9e sur notre site. N&#8217;oubliez pas, on a besoin du paiement complet (frais de port inclus) avant de pouvoir envoyer vos petits tr\u00e9sors.<\/p>\n<h4>6. R\u00e9ception de vos achats<\/h4>\n<p style=\"padding-left: 30px;\">On s&#8217;engage \u00e0 vous livrer dans un d\u00e9lai maximum de 30 jours. On enverra le tout \u00e0 l&#8217;adresse que vous nous avez indiqu\u00e9e dans le formulaire de commande. Le temps de livraison peut varier selon ce que vous avez command\u00e9 et le service de livraison utilis\u00e9.<\/p>\n<h4>7. Changement d&#8217;avis ?<\/h4>\n<p style=\"padding-left: 30px;\">Pas de souci ! Vous avez 14 jours apr\u00e8s r\u00e9ception pour nous dire si vous voulez retourner un article. Pas besoin de nous donner une raison &#8211; envoyez-nous juste un petit mot par \u00e9crit dans ce d\u00e9lai.<\/p>\n<h4>8. Renvoi des articles<\/h4>\n<p style=\"padding-left: 30px;\">Si vous d\u00e9cidez de retourner quelque chose, assurez-vous que c&#8217;est non utilis\u00e9, dans son emballage d&#8217;origine et en parfait \u00e9tat. Les frais de retour sont \u00e0 votre charge. Une fois qu&#8217;on a re\u00e7u votre avis de retour, on vous rembourse dans les 14 jours.<\/p>\n<h4>9. Notre promesse<\/h4>\n<p style=\"padding-left: 30px;\">Tous nos produits sont couverts par la garantie du fabricant. Si quelque chose cloche, dites-le nous et on r\u00e9glera \u00e7a selon les conditions de la garantie.<\/p>\n<h4>10. Votre vie priv\u00e9e compte<\/h4>\n<p style=\"padding-left: 30px;\">On prend votre vie priv\u00e9e tr\u00e8s au s\u00e9rieux. On garde vos infos perso bien au chaud et on ne les partage avec personne, sauf si la loi nous y oblige. On suit toujours les derni\u00e8res lois sur la protection des donn\u00e9es.<\/p>\n<h4>11. Si \u00e7a se corse<\/h4>\n<p style=\"padding-left: 30px;\">On esp\u00e8re que non, mais si on rencontre un p\u00e9pin, on r\u00e9glera \u00e7a selon les lois en vigueur. Si n\u00e9cessaire, les tribunaux comp\u00e9tents nous aideront \u00e0 r\u00e9soudre les probl\u00e8mes.<\/p>\n<h4>12. Dur\u00e9e du contrat<\/h4>\n<p style=\"padding-left: 30px;\">Cet accord reste valable jusqu&#8217;\u00e0 ce que l&#8217;un de nous d\u00e9cide d&#8217;y mettre fin. On peut mettre \u00e0 jour les conditions de temps en temps, mais on vous tiendra toujours au courant en publiant les changements sur notre site.<\/p>\t\t\t\t\t\t<\/div>\n\t\t\t\t<\/div>\n\t\t\t\t\t<\/div>\n\t\t\t\t<\/div>\n\t\t\t\t<\/div>\n\t\t\t\t<\/div>\n\t\t","protected":false},"excerpt":{"rendered":"<p>Contrat de Vente \u00e0 Distance Salut la famille Cozy Lady ! On sait que les trucs l\u00e9gaux peuvent \u00eatre un peu barbants, mais c&#8217;est important qu&#8217;on soit sur la m\u00eame longueur d&#8217;onde. Alors, on fait le tour ensemble, d&#8217;accord ? 1. Qui est qui Ce contrat, c&#8217;est entre nous (TheCozyLady, votre boutique en ligne pr\u00e9f\u00e9r\u00e9e) [&hellip;]<\/p>\n","protected":false},"author":1,"featured_media":0,"parent":0,"menu_order":0,"comment_status":"closed","ping_status":"closed","template":"","meta":{"footnotes":""},"class_list":["post-10421","page","type-page","status-publish","hentry"],"_links":{"self":[{"href":"https:\/\/thecozylady.com\/fr\/wp-json\/wp\/v2\/pages\/10421","targetHints":{"allow":["GET"]}}],"collection":[{"href":"https:\/\/thecozylady.com\/fr\/wp-json\/wp\/v2\/pages"}],"about":[{"href":"https:\/\/thecozylady.com\/fr\/wp-json\/wp\/v2\/types\/page"}],"author":[{"embeddable":true,"href":"https:\/\/thecozylady.com\/fr\/wp-json\/wp\/v2\/users\/1"}],"replies":[{"embeddable":true,"href":"https:\/\/thecozylady.com\/fr\/wp-json\/wp\/v2\/comments?post=10421"}],"version-history":[{"count":5,"href":"https:\/\/thecozylady.com\/fr\/wp-json\/wp\/v2\/pages\/10421\/revisions"}],"predecessor-version":[{"id":10457,"href":"https:\/\/thecozylady.com\/fr\/wp-json\/wp\/v2\/pages\/10421\/revisions\/10457"}],"wp:attachment":[{"href":"https:\/\/thecozylady.com\/fr\/wp-json\/wp\/v2\/media?parent=10421"}],"curies":[{"name":"wp","href":"https:\/\/api.w.org\/{rel}","templated":true}]}}