{"id":10208,"date":"2024-04-12T03:50:35","date_gmt":"2024-04-12T03:50:35","guid":{"rendered":"https:\/\/thecozylady.com\/terms-and-condition\/"},"modified":"2024-08-18T02:23:16","modified_gmt":"2024-08-18T02:23:16","slug":"conditions-generales","status":"publish","type":"page","link":"https:\/\/thecozylady.com\/fr\/conditions-generales\/","title":{"rendered":"Conditions G\u00e9n\u00e9rales"},"content":{"rendered":"\t\t<div data-elementor-type=\"wp-page\" data-elementor-id=\"10208\" class=\"elementor elementor-10208 elementor-5903\">\n\t\t\t\t<div class=\"elementor-element elementor-element-fca4eb6 e-con-full e-flex e-con e-parent\" data-id=\"fca4eb6\" data-element_type=\"container\" data-core-v316-plus=\"true\">\n\t\t<div class=\"elementor-element elementor-element-cfb7e68 e-con-full e-flex e-con e-child\" data-id=\"cfb7e68\" data-element_type=\"container\">\n\t\t\t\t<div class=\"elementor-element elementor-element-4ae612e elementor-widget elementor-widget-heading\" data-id=\"4ae612e\" data-element_type=\"widget\" data-widget_type=\"heading.default\">\n\t\t\t\t<div class=\"elementor-widget-container\">\n\t\t\t<style>\/*! elementor - v3.20.0 - 10-04-2024 *\/\n.elementor-heading-title{padding:0;margin:0;line-height:1}.elementor-widget-heading .elementor-heading-title[class*=elementor-size-]>a{color:inherit;font-size:inherit;line-height:inherit}.elementor-widget-heading .elementor-heading-title.elementor-size-small{font-size:15px}.elementor-widget-heading .elementor-heading-title.elementor-size-medium{font-size:19px}.elementor-widget-heading .elementor-heading-title.elementor-size-large{font-size:29px}.elementor-widget-heading .elementor-heading-title.elementor-size-xl{font-size:39px}.elementor-widget-heading .elementor-heading-title.elementor-size-xxl{font-size:59px}<\/style><h1 class=\"elementor-heading-title elementor-size-default\">Conditions G\u00e9n\u00e9rales<\/h1>\t\t<\/div>\n\t\t\t\t<\/div>\n\t\t\t\t<\/div>\n\t\t<div class=\"elementor-element elementor-element-7231c30 e-flex e-con-boxed e-con e-child\" data-id=\"7231c30\" data-element_type=\"container\">\n\t\t\t\t\t<div class=\"e-con-inner\">\n\t\t\t\t<div class=\"elementor-element elementor-element-381e8d2 elementor-widget elementor-widget-text-editor\" data-id=\"381e8d2\" data-element_type=\"widget\" data-widget_type=\"text-editor.default\">\n\t\t\t\t<div class=\"elementor-widget-container\">\n\t\t\t<style>\/*! elementor - v3.20.0 - 10-04-2024 *\/\n.elementor-widget-text-editor.elementor-drop-cap-view-stacked .elementor-drop-cap{background-color:#69727d;color:#fff}.elementor-widget-text-editor.elementor-drop-cap-view-framed .elementor-drop-cap{color:#69727d;border:3px solid;background-color:transparent}.elementor-widget-text-editor:not(.elementor-drop-cap-view-default) .elementor-drop-cap{margin-top:8px}.elementor-widget-text-editor:not(.elementor-drop-cap-view-default) .elementor-drop-cap-letter{width:1em;height:1em}.elementor-widget-text-editor .elementor-drop-cap{float:left;text-align:center;line-height:1;font-size:50px}.elementor-widget-text-editor .elementor-drop-cap-letter{display:inline-block}<\/style>\t\t\t\t<p>Bienvenue dans la famille TheCozyLady ! En utilisant notre site, tu acceptes ces conditions. Si tu n&#8217;es pas d&#8217;accord, on te demande gentiment de ne pas utiliser notre site. On peut mettre \u00e0 jour ces conditions de temps en temps sans pr\u00e9avis, alors n&#8217;h\u00e9site pas \u00e0 revenir jeter un \u0153il de temps en temps.<\/p>\n<h4>Ton Compte et sa S\u00e9curit\u00e9<\/h4>\n<p style=\"padding-left: 30px;\">Pour faire tes achats chez nous, tu auras peut-\u00eatre besoin de cr\u00e9er un compte. On compte sur toi pour garder tes infos de compte en s\u00e9curit\u00e9. Si tu remarques quoi que ce soit de bizarre avec ton compte, fais-nous signe tout de suite \u2013 on est l\u00e0 pour t&#8217;aider !<\/p>\n<h4>Nos Produits et leurs Prix<\/h4>\n<p style=\"padding-left: 30px;\">On fait de notre mieux pour tout garder \u00e0 jour, mais parfois les prix et les stocks peuvent changer sans pr\u00e9venir. Si on fait une erreur dans les prix ou les descriptions (on n&#8217;est que des humains apr\u00e8s tout !), on se r\u00e9serve le droit d&#8217;annuler ou d&#8217;ajuster ta commande. N&#8217;oublie pas, tous nos jolis produits sont soumis \u00e0 disponibilit\u00e9.<\/p>\n<h4>Commandes et Paiements<\/h4>\n<p style=\"padding-left: 30px;\">Quand tu passes une commande, tu fais une offre d&#8217;achat. Une fois qu&#8217;on confirme ta commande, c&#8217;est dans la poche ! On te fait confiance pour fournir des infos de paiement exactes. Ne t&#8217;inqui\u00e8te pas \u2013 on utilise le cryptage SSL pour garder tes donn\u00e9es de paiement bien au chaud.<\/p>\n<h4>Livraison et Retours<\/h4>\n<p style=\"padding-left: 30px;\">Les d\u00e9lais de livraison peuvent varier selon le produit et o\u00f9 tu te trouves. Pour tous les d\u00e9tails sur les retours et les \u00e9changes, fais un tour sur notre page Politique de Retour. Petit rappel \u2013 certains articles ne peuvent pas \u00eatre retourn\u00e9s pour des raisons d&#8217;hygi\u00e8ne.<\/p>\n<h4>Propri\u00e9t\u00e9 Intellectuelle<\/h4>\n<p style=\"padding-left: 30px;\">Tout le contenu de notre site (textes, graphiques, logos, images, clips audio, t\u00e9l\u00e9chargements num\u00e9riques, compilations de donn\u00e9es) et les logiciels qu&#8217;on utilise appartiennent \u00e0 The Cozy Lady ou \u00e0 nos fournisseurs de contenu. Tout est prot\u00e9g\u00e9 par les lois sur le droit d&#8217;auteur, alors merci de respecter \u00e7a.<\/p>\n<h4>Ton Contenu<\/h4>\n<p style=\"padding-left: 30px;\">Quand tu partages des commentaires ou des avis sur notre site, tu nous donnes la permission d&#8217;utiliser, reproduire et partager ce contenu. On te fait confiance pour garder les choses sympa et appropri\u00e9es \u2013 tu es responsable de t&#8217;assurer que ton contenu est l\u00e9gal et inoffensif.<\/p>\n<h4>Responsabilit\u00e9<\/h4>\n<p style=\"padding-left: 30px;\">On fait de notre mieux pour que ton exp\u00e9rience soit g\u00e9niale, mais on ne peut pas \u00eatre tenus responsables des dommages r\u00e9sultant de l&#8217;utilisation de notre site. On offre notre site &#8220;tel quel&#8221; sans aucune garantie.<\/p>\n<h4>R\u00e9solution des Litiges<\/h4>\n<p style=\"padding-left: 30px;\">S&#8217;il y a un d\u00e9saccord sur ces conditions, essayons d&#8217;abord de le r\u00e9gler ensemble. Si on n&#8217;y arrive pas, alors on devra laisser les tribunaux comp\u00e9tents s&#8217;en occuper.<\/p>\n<h4>Validit\u00e9<\/h4>\n<p style=\"padding-left: 30px;\">Si une partie de ces conditions s&#8217;av\u00e8re invalide ou inapplicable, le reste restera en vigueur. On remplacera toute partie invalide par quelque chose de similaire qui est valide et applicable.<\/p>\n<h4>Contacte-nous<\/h4>\n<p style=\"padding-left: 30px;\">Tu as des questions ou des inqui\u00e9tudes concernant ces conditions ? On adorerait avoir de tes nouvelles ! Envoie-nous simplement un petit mot \u00e0 hello@thecozylady.com. On est toujours ravis de discuter et de clarifier les choses.<\/p>\t\t\t\t\t\t<\/div>\n\t\t\t\t<\/div>\n\t\t\t\t\t<\/div>\n\t\t\t\t<\/div>\n\t\t\t\t<\/div>\n\t\t\t\t<\/div>\n\t\t","protected":false},"excerpt":{"rendered":"<p>Conditions G\u00e9n\u00e9rales Bienvenue dans la famille TheCozyLady ! En utilisant notre site, tu acceptes ces conditions. Si tu n&#8217;es pas d&#8217;accord, on te demande gentiment de ne pas utiliser notre site. On peut mettre \u00e0 jour ces conditions de temps en temps sans pr\u00e9avis, alors n&#8217;h\u00e9site pas \u00e0 revenir jeter un \u0153il de temps en [&hellip;]<\/p>\n","protected":false},"author":1,"featured_media":0,"parent":0,"menu_order":0,"comment_status":"closed","ping_status":"closed","template":"","meta":{"footnotes":""},"class_list":["post-10208","page","type-page","status-publish","hentry"],"_links":{"self":[{"href":"https:\/\/thecozylady.com\/fr\/wp-json\/wp\/v2\/pages\/10208","targetHints":{"allow":["GET"]}}],"collection":[{"href":"https:\/\/thecozylady.com\/fr\/wp-json\/wp\/v2\/pages"}],"about":[{"href":"https:\/\/thecozylady.com\/fr\/wp-json\/wp\/v2\/types\/page"}],"author":[{"embeddable":true,"href":"https:\/\/thecozylady.com\/fr\/wp-json\/wp\/v2\/users\/1"}],"replies":[{"embeddable":true,"href":"https:\/\/thecozylady.com\/fr\/wp-json\/wp\/v2\/comments?post=10208"}],"version-history":[{"count":5,"href":"https:\/\/thecozylady.com\/fr\/wp-json\/wp\/v2\/pages\/10208\/revisions"}],"predecessor-version":[{"id":10252,"href":"https:\/\/thecozylady.com\/fr\/wp-json\/wp\/v2\/pages\/10208\/revisions\/10252"}],"wp:attachment":[{"href":"https:\/\/thecozylady.com\/fr\/wp-json\/wp\/v2\/media?parent=10208"}],"curies":[{"name":"wp","href":"https:\/\/api.w.org\/{rel}","templated":true}]}}