{"id":10078,"date":"2024-04-10T16:38:56","date_gmt":"2024-04-10T16:38:56","guid":{"rendered":"https:\/\/thecozylady.com\/privacy-policy\/"},"modified":"2024-08-18T01:18:51","modified_gmt":"2024-08-18T01:18:51","slug":"confidentialite-cookies","status":"publish","type":"page","link":"https:\/\/thecozylady.com\/fr\/confidentialite-cookies\/","title":{"rendered":"Confidentialit\u00e9 &#038; Cookies"},"content":{"rendered":"\t\t<div data-elementor-type=\"wp-page\" data-elementor-id=\"10078\" class=\"elementor elementor-10078 elementor-3\">\n\t\t\t\t<div class=\"elementor-element elementor-element-34a79b10 e-con-full e-flex e-con e-parent\" data-id=\"34a79b10\" data-element_type=\"container\" data-core-v316-plus=\"true\">\n\t\t<div class=\"elementor-element elementor-element-b771e3e e-flex e-con-boxed e-con e-child\" data-id=\"b771e3e\" data-element_type=\"container\">\n\t\t\t\t\t<div class=\"e-con-inner\">\n\t\t\t\t<div class=\"elementor-element elementor-element-476480b elementor-widget elementor-widget-heading\" data-id=\"476480b\" data-element_type=\"widget\" data-widget_type=\"heading.default\">\n\t\t\t\t<div class=\"elementor-widget-container\">\n\t\t\t<style>\/*! elementor - v3.20.0 - 10-04-2024 *\/\n.elementor-heading-title{padding:0;margin:0;line-height:1}.elementor-widget-heading .elementor-heading-title[class*=elementor-size-]>a{color:inherit;font-size:inherit;line-height:inherit}.elementor-widget-heading .elementor-heading-title.elementor-size-small{font-size:15px}.elementor-widget-heading .elementor-heading-title.elementor-size-medium{font-size:19px}.elementor-widget-heading .elementor-heading-title.elementor-size-large{font-size:29px}.elementor-widget-heading .elementor-heading-title.elementor-size-xl{font-size:39px}.elementor-widget-heading .elementor-heading-title.elementor-size-xxl{font-size:59px}<\/style><h1 class=\"elementor-heading-title elementor-size-default\">Confidentialit\u00e9 &amp; Cookies<\/h1>\t\t<\/div>\n\t\t\t\t<\/div>\n\t\t\t\t\t<\/div>\n\t\t\t\t<\/div>\n\t\t<div class=\"elementor-element elementor-element-e2812c9 e-flex e-con-boxed e-con e-child\" data-id=\"e2812c9\" data-element_type=\"container\">\n\t\t\t\t\t<div class=\"e-con-inner\">\n\t\t\t\t<div class=\"elementor-element elementor-element-c374b65 elementor-widget elementor-widget-text-editor\" data-id=\"c374b65\" data-element_type=\"widget\" data-widget_type=\"text-editor.default\">\n\t\t\t\t<div class=\"elementor-widget-container\">\n\t\t\t<style>\/*! elementor - v3.20.0 - 10-04-2024 *\/\n.elementor-widget-text-editor.elementor-drop-cap-view-stacked .elementor-drop-cap{background-color:#69727d;color:#fff}.elementor-widget-text-editor.elementor-drop-cap-view-framed .elementor-drop-cap{color:#69727d;border:3px solid;background-color:transparent}.elementor-widget-text-editor:not(.elementor-drop-cap-view-default) .elementor-drop-cap{margin-top:8px}.elementor-widget-text-editor:not(.elementor-drop-cap-view-default) .elementor-drop-cap-letter{width:1em;height:1em}.elementor-widget-text-editor .elementor-drop-cap{float:left;text-align:center;line-height:1;font-size:50px}.elementor-widget-text-editor .elementor-drop-cap-letter{display:inline-block}<\/style>\t\t\t\t<h4>Qui sommes-nous ?<\/h4>\n<p style=\"padding-left: 30px\">Salut ! Nous sommes The Cozy Lady, ta plateforme e-commerce pr\u00e9f\u00e9r\u00e9e qui comprend les besoins des femmes modernes et de leurs proches. Notre mission ? T&#8217;apporter confort, style et bonheur \u00e0 travers nos produits soigneusement s\u00e9lectionn\u00e9s. Ta vie priv\u00e9e et tes donn\u00e9es personnelles sont super importantes pour nous, alors parlons un peu de la fa\u00e7on dont on g\u00e8re tout \u00e7a quand tu viens nous voir !<\/p>\n<h4>Commentaires<\/h4>\n<p style=\"padding-left: 30px\">Quand tu laisses un commentaire sur notre site, on collecte les donn\u00e9es du formulaire, mais aussi ton adresse IP et l&#8217;agent utilisateur de ton navigateur. C&#8217;est pour nous aider \u00e0 rep\u00e9rer les spams, tu comprends ? Si ton commentaire est approuv\u00e9, ta photo de profil pourrait \u00eatre visible publiquement dans le contexte de ton commentaire.<\/p>\n<h4>M\u00e9dias<\/h4>\n<p style=\"padding-left: 30px\">Si tu t\u00e9l\u00e9charges des images sur le site, \u00e9vite celles qui contiennent des donn\u00e9es de localisation (EXIF GPS). Les autres visiteurs pourraient t\u00e9l\u00e9charger et extraire ces donn\u00e9es. Fais gaffe !<\/p>\n<h4>Cookies<\/h4>\n<p style=\"padding-left: 30px\">On utilise des cookies sur notre site &#8211; ce sont comme de petits lutins serviables qui se souviennent de tes pr\u00e9f\u00e9rences et am\u00e9liorent ton exp\u00e9rience. Si tu n&#8217;es pas fan, tu peux les d\u00e9sactiver dans les param\u00e8tres de ton navigateur, mais sache que certaines parties du site pourraient ne pas fonctionner aussi bien.<\/p>\n<h4>Contenu int\u00e9gr\u00e9 depuis d&#8217;autres sites<\/h4>\n<p style=\"padding-left: 30px\">Parfois, on inclut du contenu d&#8217;autres sites (comme des vid\u00e9os ou des images). C&#8217;est comme si tu visitais directement l&#8217;autre site. Ils pourraient collecter des donn\u00e9es sur toi, utiliser des cookies ou suivre ton interaction avec ce contenu int\u00e9gr\u00e9, surtout si tu es connect\u00e9(e) \u00e0 leur site.<\/p>\n<h4>Avec qui partageons-nous tes donn\u00e9es ?<\/h4>\n<p style=\"padding-left: 30px\">On garde tes donn\u00e9es personnelles pour nous, sauf quand la loi nous oblige \u00e0 les partager. Si tu r\u00e9initialises ton mot de passe, ton adresse IP sera incluse dans l&#8217;e-mail de r\u00e9initialisation. On pourrait aussi partager des donn\u00e9es avec les autorit\u00e9s si c&#8217;est n\u00e9cessaire pour la s\u00e9curit\u00e9 du site ou pour des obligations l\u00e9gales.<\/p>\n<h4>Combien de temps conservons-nous tes donn\u00e9es ?<\/h4>\n<p style=\"padding-left: 30px\">Si tu laisses un commentaire, il est stock\u00e9 ind\u00e9finiment (mais ne t&#8217;inqui\u00e8te pas, tu peux toujours nous demander de le supprimer). Pour les utilisateurs qui s&#8217;inscrivent sur notre site, on stocke les infos personnelles qu&#8217;ils fournissent dans leur profil. Tu peux voir, modifier ou supprimer tes infos personnelles \u00e0 tout moment (sauf ton nom d&#8217;utilisateur, qui est permanent). Pour la newsletter, on garde ton e-mail jusqu&#8217;\u00e0 ce que tu te d\u00e9sabonnes &#8211; c&#8217;est aussi simple que \u00e7a !<\/p>\n<h4>Quels sont tes droits sur tes donn\u00e9es ?<\/h4>\n<p style=\"padding-left: 30px\">Tu as le contr\u00f4le ! Si tu as un compte ou si tu as laiss\u00e9 des commentaires, tu peux demander un fichier contenant toutes les donn\u00e9es personnelles qu&#8217;on a sur toi. Tu peux aussi nous demander d&#8217;effacer ces donn\u00e9es. Bien s\u00fbr, \u00e7a ne concerne pas les donn\u00e9es qu&#8217;on doit garder pour des raisons administratives, l\u00e9gales ou de s\u00e9curit\u00e9.<\/p>\n<h4>O\u00f9 vont tes donn\u00e9es ?<\/h4>\n<p style=\"padding-left: 30px\">Les commentaires des visiteurs peuvent \u00eatre v\u00e9rifi\u00e9s par un service automatis\u00e9 de d\u00e9tection des spams. On ne partage pas ton adresse e-mail (de la newsletter ou des achats) avec qui que ce soit, sauf si la loi ou une d\u00e9cision de justice nous y oblige.<\/p>\n<h4>Modifications de cette politique de confidentialit\u00e9<\/h4>\n<p style=\"padding-left: 30px\">On pourrait mettre \u00e0 jour cette politique de temps en temps. Quand on le fait, on publie la nouvelle version ici m\u00eame. C&#8217;est une bonne id\u00e9e de v\u00e9rifier de temps en temps pour rester au courant. Tous les changements sont effectifs imm\u00e9diatement apr\u00e8s leur publication.<\/p>\n<h4>Contacte-nous<\/h4>\n<p style=\"padding-left: 30px\">Des questions ou des inqui\u00e9tudes concernant cette politique de confidentialit\u00e9 ? On est tout ou\u00efe ! N&#8217;h\u00e9site pas \u00e0 nous contacter &#8211; tu trouveras nos coordonn\u00e9es sur la page de contact du site. On est l\u00e0 pour t&#8217;aider !<\/p>\t\t\t\t\t\t<\/div>\n\t\t\t\t<\/div>\n\t\t\t\t\t<\/div>\n\t\t\t\t<\/div>\n\t\t\t\t<\/div>\n\t\t\t\t<\/div>\n\t\t","protected":false},"excerpt":{"rendered":"<p>Confidentialit\u00e9 &amp; Cookies Qui sommes-nous ? Salut ! Nous sommes The Cozy Lady, ta plateforme e-commerce pr\u00e9f\u00e9r\u00e9e qui comprend les besoins des femmes modernes et de leurs proches. Notre mission ? T&#8217;apporter confort, style et bonheur \u00e0 travers nos produits soigneusement s\u00e9lectionn\u00e9s. Ta vie priv\u00e9e et tes donn\u00e9es personnelles sont super importantes pour nous, alors [&hellip;]<\/p>\n","protected":false},"author":1,"featured_media":0,"parent":0,"menu_order":0,"comment_status":"closed","ping_status":"closed","template":"","meta":{"footnotes":""},"class_list":["post-10078","page","type-page","status-publish","hentry"],"_links":{"self":[{"href":"https:\/\/thecozylady.com\/fr\/wp-json\/wp\/v2\/pages\/10078","targetHints":{"allow":["GET"]}}],"collection":[{"href":"https:\/\/thecozylady.com\/fr\/wp-json\/wp\/v2\/pages"}],"about":[{"href":"https:\/\/thecozylady.com\/fr\/wp-json\/wp\/v2\/types\/page"}],"author":[{"embeddable":true,"href":"https:\/\/thecozylady.com\/fr\/wp-json\/wp\/v2\/users\/1"}],"replies":[{"embeddable":true,"href":"https:\/\/thecozylady.com\/fr\/wp-json\/wp\/v2\/comments?post=10078"}],"version-history":[{"count":4,"href":"https:\/\/thecozylady.com\/fr\/wp-json\/wp\/v2\/pages\/10078\/revisions"}],"predecessor-version":[{"id":10098,"href":"https:\/\/thecozylady.com\/fr\/wp-json\/wp\/v2\/pages\/10078\/revisions\/10098"}],"wp:attachment":[{"href":"https:\/\/thecozylady.com\/fr\/wp-json\/wp\/v2\/media?parent=10078"}],"curies":[{"name":"wp","href":"https:\/\/api.w.org\/{rel}","templated":true}]}}