{"id":42164,"date":"2024-09-05T20:38:45","date_gmt":"2024-09-05T20:38:45","guid":{"rendered":"https:\/\/thecozylady.com\/?post_type=product&#038;p=42164"},"modified":"2024-09-09T09:49:18","modified_gmt":"2024-09-09T09:49:18","slug":"almohada-de-confort-con-nudos","status":"publish","type":"product","link":"https:\/\/thecozylady.com\/es\/producto\/almohada-de-confort-con-nudos\/","title":{"rendered":"Almohada de Confort con Nudos"},"content":{"rendered":"<h3>El Lugar Donde se Anuda el Confort: Coj\u00edn Anudado de Confort \ud83c\udf80<\/h3>\n<p>\u00bfEst\u00e1s lista para a\u00f1adir color y comodidad a tu vida? \ud83c\udf08 \u00a1Nuestro Coj\u00edn Anudado de Confort te espera con su elegante dise\u00f1o que se adaptar\u00e1 a cada rinc\u00f3n de tu hogar y con 20 opciones de colores diferentes! Este coj\u00edn no es solo un producto decorativo, sino tambi\u00e9n una fuente de confort que te ayudar\u00e1 a liberar el estr\u00e9s del d\u00eda. Con su suave textura de peluche te envolver\u00e1 en el momento en que lo toques, y su estructura anudada ofrecer\u00e1 un aspecto caracter\u00edstico.<\/p>\n<p>Con sus dimensiones de 30x33x12cm, este coj\u00edn se adaptar\u00e1 perfectamente tanto al rinc\u00f3n de tu sof\u00e1, como a la cabecera de tu cama o a tu escritorio, \u00a1convirti\u00e9ndose en un imprescindible de tu hogar! \ud83d\ude0d Con su paleta de colores que va desde el caramelo hasta el azul Klein, desde el verde lima hasta el rojo coral, se adapta a todos los gustos y a todas las decoraciones. \u00a1Haz tu pedido ahora y recrea tus espacios de vida con este maravilloso coj\u00edn donde se anudan el confort y la elegancia! Recuerda, lo elegimos con cuidado y lo ofrecemos con amor para tu felicidad. \u2764\ufe0f<\/p>\n<p><a href=\"https:\/\/thecozylady.com\/2024\/09\/09\/comfortable-pillows-woven-with-a-scandinavian-touch\/\">Leer m\u00e1s&#8230;<\/a><\/p>\n","protected":false},"excerpt":{"rendered":"<p>\u00a1A\u00f1ade elegancia y comodidad a tu hogar! \ud83c\udf80 Nuestra Almohada de Confort Anudada, con 20 opciones de colores diferentes y un tama\u00f1o de 30x33x12cm, se adapta a cualquier espacio. Su suave textura de peluche alivia el estr\u00e9s, mientras que su dise\u00f1o anudado deslumbra la vista. Refleja tu estilo con una paleta de colores que va desde el caramelo hasta el azul Klein. \u00a1Reinventa tus espacios de vida con esta almohada donde se encuentran el confort y la est\u00e9tica! Haz tu pedido ahora, lo hemos elegido cuidadosamente para tu felicidad. \u2764\ufe0f<\/p>\n","protected":false},"featured_media":34364,"template":"","meta":[],"product_cat":[4699,3504],"product_tag":[],"class_list":{"0":"post-42164","1":"product","2":"type-product","3":"status-publish","4":"has-post-thumbnail","6":"product_cat-descanso","7":"product_cat-inicio","9":"first","10":"outofstock","11":"taxable","12":"shipping-taxable","13":"purchasable","14":"product-type-variable"},"_links":{"self":[{"href":"https:\/\/thecozylady.com\/es\/wp-json\/wp\/v2\/product\/42164","targetHints":{"allow":["GET"]}}],"collection":[{"href":"https:\/\/thecozylady.com\/es\/wp-json\/wp\/v2\/product"}],"about":[{"href":"https:\/\/thecozylady.com\/es\/wp-json\/wp\/v2\/types\/product"}],"wp:featuredmedia":[{"embeddable":true,"href":"https:\/\/thecozylady.com\/es\/wp-json\/wp\/v2\/media\/34364"}],"wp:attachment":[{"href":"https:\/\/thecozylady.com\/es\/wp-json\/wp\/v2\/media?parent=42164"}],"wp:term":[{"taxonomy":"product_cat","embeddable":true,"href":"https:\/\/thecozylady.com\/es\/wp-json\/wp\/v2\/product_cat?post=42164"},{"taxonomy":"product_tag","embeddable":true,"href":"https:\/\/thecozylady.com\/es\/wp-json\/wp\/v2\/product_tag?post=42164"}],"curies":[{"name":"wp","href":"https:\/\/api.w.org\/{rel}","templated":true}]}}