{"id":37856,"date":"2024-09-05T13:33:10","date_gmt":"2024-09-05T13:33:10","guid":{"rendered":"https:\/\/thecozylady.com\/?post_type=product&#038;p=37856"},"modified":"2024-09-09T01:19:15","modified_gmt":"2024-09-09T01:19:15","slug":"juego-de-alimentar-patos","status":"publish","type":"product","link":"https:\/\/thecozylady.com\/es\/producto\/juego-de-alimentar-patos\/","title":{"rendered":"Juego de Alimentar Patos"},"content":{"rendered":"<h2>\u00a1Juego de Alimentar al Pato: El Nuevo Nombre de la Diversi\u00f3n! \ud83e\udd86\ud83c\udfaf<\/h2>\n<p>Querida familia The Cozy Lady, \u00bfest\u00e1n listos para ver ese brillo de emoci\u00f3n en los ojos de sus hijos? \ud83d\ude0d \u00a1Nuestro Juego de Alimentar al Pato traer\u00e1 momentos llenos de risas y recuerdos familiares inolvidables a su hogar! Este juego \u00fanico desarrollar\u00e1 la coordinaci\u00f3n mano-ojo de sus hijos mientras corona el tiempo de calidad que pasan juntos. Con su pistola de aire comprimido y suaves bolas de espuma EVA, ofrece una experiencia segura y divertida. Adem\u00e1s, \u00a1vivir\u00e1n la emoci\u00f3n de la competencia al m\u00e1ximo con los divertidos sonidos que escuchar\u00e1n despu\u00e9s de cada &#8220;alimentaci\u00f3n&#8221; exitosa y el sistema autom\u00e1tico de puntuaci\u00f3n! \ud83c\udfc6<\/p>\n<p>\u00a1Desde nuestro set de una pistola hasta nuestros paquetes familiares de dos pistolas, tenemos un Juego de Alimentar al Pato adecuado para cada necesidad! \ud83c\udf81 Este juego no es solo un juguete; es una fuente de felicidad que fortalecer\u00e1 su v\u00ednculo con sus hijos y multiplicar\u00e1 la alegr\u00eda en su hogar. \u00a1Hagan su pedido ahora y no se pierdan esta experiencia llena de diversi\u00f3n! Las existencias son limitadas, aprovechen la oportunidad y obtengan la nueva actividad favorita de su familia. \u00a1Con el Juego de Alimentar al Pato, las sonrisas nunca faltar\u00e1n! \ud83d\udc96\ud83c\udf89<\/p>\n<p><a href=\"https:\/\/thecozylady.com\/2024\/09\/08\/duck-feeding-frenzy-your-familys-new-favorite-game\/\">Leer m\u00e1s&#8230;<\/a><\/p>\n","protected":false},"excerpt":{"rendered":"<p>\u00a1La diversi\u00f3n llega a tu hogar con el Juego de Alimentar Patos! \ud83e\udd86\ud83c\udfaf Este juego que desarrolla la coordinaci\u00f3n mano-ojo y ofrece momentos llenos de risas, se convertir\u00e1 en el nuevo favorito de tu familia. Disfruta de una experiencia segura y emocionante con la pistola de aire comprimido, suaves pelotas de EVA y sistema de puntuaci\u00f3n autom\u00e1tico. Sets con una o dos pistolas para adaptarse a todas las necesidades. Fortalece el v\u00ednculo con tus hijos y crea recuerdos inolvidables. \u00a1Existencias limitadas, haz tu pedido ya! \ud83c\udf89<\/p>\n","protected":false},"featured_media":14656,"template":"","meta":[],"product_cat":[1798,1797],"product_tag":[],"class_list":{"0":"post-37856","1":"product","2":"type-product","3":"status-publish","4":"has-post-thumbnail","6":"product_cat-juguetes","7":"product_cat-ninos","9":"first","10":"outofstock","11":"taxable","12":"shipping-taxable","13":"purchasable","14":"product-type-variable"},"_links":{"self":[{"href":"https:\/\/thecozylady.com\/es\/wp-json\/wp\/v2\/product\/37856","targetHints":{"allow":["GET"]}}],"collection":[{"href":"https:\/\/thecozylady.com\/es\/wp-json\/wp\/v2\/product"}],"about":[{"href":"https:\/\/thecozylady.com\/es\/wp-json\/wp\/v2\/types\/product"}],"wp:featuredmedia":[{"embeddable":true,"href":"https:\/\/thecozylady.com\/es\/wp-json\/wp\/v2\/media\/14656"}],"wp:attachment":[{"href":"https:\/\/thecozylady.com\/es\/wp-json\/wp\/v2\/media?parent=37856"}],"wp:term":[{"taxonomy":"product_cat","embeddable":true,"href":"https:\/\/thecozylady.com\/es\/wp-json\/wp\/v2\/product_cat?post=37856"},{"taxonomy":"product_tag","embeddable":true,"href":"https:\/\/thecozylady.com\/es\/wp-json\/wp\/v2\/product_tag?post=37856"}],"curies":[{"name":"wp","href":"https:\/\/api.w.org\/{rel}","templated":true}]}}