{"id":12158,"date":"2024-08-19T22:41:27","date_gmt":"2024-08-19T22:41:27","guid":{"rendered":"https:\/\/thecozylady.com\/?post_type=product&#038;p=12158"},"modified":"2024-09-08T13:13:46","modified_gmt":"2024-09-08T13:13:46","slug":"laberinto-de-bola-viajera","status":"publish","type":"product","link":"https:\/\/thecozylady.com\/es\/producto\/laberinto-de-bola-viajera\/","title":{"rendered":"Laberinto de Bola Viajera"},"content":{"rendered":"<h3>\ud83c\udf1f \u00a1La Nueva Estrella de la Gimnasia Mental: El Laberinto de Bolas Viajeras! \ud83c\udf1f<\/h3>\n<p>Querida familia The Cozy Lady, \u00a1prep\u00e1rense! \u00bfEst\u00e1n listos para conocer el <strong>Laberinto de Bolas Viajeras<\/strong>, que har\u00e1 brillar su inteligencia, mejorar\u00e1 su coordinaci\u00f3n mano-ojo y ofrecer\u00e1 horas de diversi\u00f3n? \ud83e\udd29 Este fascinante laberinto 3D no es solo un juguete, \u00a1es pr\u00e1cticamente una m\u00e1quina de ejercicios para el cerebro! Con varios tama\u00f1os y niveles de dificultad que se adaptan a todas las edades y niveles de habilidad, este maravilloso invento est\u00e1 destinado a convertirse en la nueva actividad favorita de su familia. \ud83c\udfc6<\/p>\n<p>Con su estructura de pl\u00e1stico resistente y su colorido dise\u00f1o, el Laberinto de Bolas Viajeras no solo impresiona visualmente, sino que tambi\u00e9n ayuda a aumentar su concentraci\u00f3n y aliviar el estr\u00e9s. Ya sea que comience con el nivel principiante de 56 pasajes o se desaf\u00ede a s\u00ed mismo con el nivel avanzado de 299 pasajes, disfrutar\u00e1 de momentos agradables mientras ejercita su cerebro en cada paso. Adem\u00e1s, con su tama\u00f1o compacto (19*22 cm), puede llevarlo a todas partes y continuar su aventura mental incluso durante sus viajes. \u00a1Vamos, no se pierda esta magn\u00edfica experiencia y haga su pedido ahora! \ud83d\ude80\ud83e\udde0<\/p>\n<p><a href=\"https:\/\/thecozylady.com\/2024\/09\/02\/maze-duel-who-will-finish-first\/\">Leer m\u00e1s&#8230;<\/a><\/p>\n","protected":false},"excerpt":{"rendered":"<p>\ud83e\udde0 \u00a1Potencia tu inteligencia con el Laberinto de Bolas Viajero! Desarrolla tu coordinaci\u00f3n mano-ojo guiando las bolas a trav\u00e9s del laberinto 3D. Con diferentes niveles de dificultad y opciones de transici\u00f3n desde 56 hasta 299, es adecuado para todas las edades. Gracias a su tama\u00f1o compacto, puedes llevarlo a todas partes. Divi\u00e9rtete mientras alivias el estr\u00e9s y aumentas tu concentraci\u00f3n. \u00a1Est\u00e1 listo para convertirse en la nueva actividad favorita de tu familia! Pru\u00e9balo ahora y comienza tu aventura intelectual. \ud83c\udfaf<\/p>\n","protected":false},"featured_media":10756,"template":"","meta":[],"product_cat":[1798,1797],"product_tag":[],"class_list":{"0":"post-12158","1":"product","2":"type-product","3":"status-publish","4":"has-post-thumbnail","6":"product_cat-juguetes","7":"product_cat-ninos","9":"first","10":"outofstock","11":"taxable","12":"shipping-taxable","13":"purchasable","14":"product-type-variable"},"_links":{"self":[{"href":"https:\/\/thecozylady.com\/es\/wp-json\/wp\/v2\/product\/12158","targetHints":{"allow":["GET"]}}],"collection":[{"href":"https:\/\/thecozylady.com\/es\/wp-json\/wp\/v2\/product"}],"about":[{"href":"https:\/\/thecozylady.com\/es\/wp-json\/wp\/v2\/types\/product"}],"wp:featuredmedia":[{"embeddable":true,"href":"https:\/\/thecozylady.com\/es\/wp-json\/wp\/v2\/media\/10756"}],"wp:attachment":[{"href":"https:\/\/thecozylady.com\/es\/wp-json\/wp\/v2\/media?parent=12158"}],"wp:term":[{"taxonomy":"product_cat","embeddable":true,"href":"https:\/\/thecozylady.com\/es\/wp-json\/wp\/v2\/product_cat?post=12158"},{"taxonomy":"product_tag","embeddable":true,"href":"https:\/\/thecozylady.com\/es\/wp-json\/wp\/v2\/product_tag?post=12158"}],"curies":[{"name":"wp","href":"https:\/\/api.w.org\/{rel}","templated":true}]}}