{"id":10425,"date":"2024-04-12T01:35:38","date_gmt":"2024-04-12T01:35:38","guid":{"rendered":"https:\/\/thecozylady.com\/distance-sales-agreement\/"},"modified":"2024-08-18T09:32:21","modified_gmt":"2024-08-18T09:32:21","slug":"acuerdo-de-venta-a-distancia","status":"publish","type":"page","link":"https:\/\/thecozylady.com\/es\/acuerdo-de-venta-a-distancia\/","title":{"rendered":"Acuerdo de Venta a Distancia"},"content":{"rendered":"\t\t<div data-elementor-type=\"wp-page\" data-elementor-id=\"10425\" class=\"elementor elementor-10425 elementor-5848\">\n\t\t\t\t<div class=\"elementor-element elementor-element-647db548 e-con-full e-flex e-con e-parent\" data-id=\"647db548\" data-element_type=\"container\" data-core-v316-plus=\"true\">\n\t\t<header class=\"elementor-element elementor-element-6464531 e-con-full e-flex e-con e-child\" data-id=\"6464531\" data-element_type=\"container\">\n\t\t\t\t<div class=\"elementor-element elementor-element-cdeea6e elementor-widget elementor-widget-heading\" data-id=\"cdeea6e\" data-element_type=\"widget\" data-widget_type=\"heading.default\">\n\t\t\t\t<div class=\"elementor-widget-container\">\n\t\t\t<style>\/*! elementor - v3.20.0 - 10-04-2024 *\/\n.elementor-heading-title{padding:0;margin:0;line-height:1}.elementor-widget-heading .elementor-heading-title[class*=elementor-size-]>a{color:inherit;font-size:inherit;line-height:inherit}.elementor-widget-heading .elementor-heading-title.elementor-size-small{font-size:15px}.elementor-widget-heading .elementor-heading-title.elementor-size-medium{font-size:19px}.elementor-widget-heading .elementor-heading-title.elementor-size-large{font-size:29px}.elementor-widget-heading .elementor-heading-title.elementor-size-xl{font-size:39px}.elementor-widget-heading .elementor-heading-title.elementor-size-xxl{font-size:59px}<\/style><h1 class=\"elementor-heading-title elementor-size-default\">Acuerdo de Venta a Distancia<\/h1>\t\t<\/div>\n\t\t\t\t<\/div>\n\t\t\t\t<\/header>\n\t\t<div class=\"elementor-element elementor-element-4a4d6b8 e-flex e-con-boxed e-con e-child\" data-id=\"4a4d6b8\" data-element_type=\"container\">\n\t\t\t\t\t<div class=\"e-con-inner\">\n\t\t\t\t<div class=\"elementor-element elementor-element-bcd562a elementor-widget elementor-widget-text-editor\" data-id=\"bcd562a\" data-element_type=\"widget\" data-widget_type=\"text-editor.default\">\n\t\t\t\t<div class=\"elementor-widget-container\">\n\t\t\t<style>\/*! elementor - v3.20.0 - 10-04-2024 *\/\n.elementor-widget-text-editor.elementor-drop-cap-view-stacked .elementor-drop-cap{background-color:#69727d;color:#fff}.elementor-widget-text-editor.elementor-drop-cap-view-framed .elementor-drop-cap{color:#69727d;border:3px solid;background-color:transparent}.elementor-widget-text-editor:not(.elementor-drop-cap-view-default) .elementor-drop-cap{margin-top:8px}.elementor-widget-text-editor:not(.elementor-drop-cap-view-default) .elementor-drop-cap-letter{width:1em;height:1em}.elementor-widget-text-editor .elementor-drop-cap{float:left;text-align:center;line-height:1;font-size:50px}.elementor-widget-text-editor .elementor-drop-cap-letter{display:inline-block}<\/style>\t\t\t\t<p>\u00a1Hola, familia Cozy Lady! Sabemos que los temas legales pueden ser un poco aburridos, pero es importante que estemos en la misma p\u00e1gina. As\u00ed que, \u00bfqu\u00e9 tal si lo repasamos juntos?<\/p>\n<h4>1. Qui\u00e9n es qui\u00e9n<\/h4>\n<p style=\"padding-left: 30px;\">Este acuerdo es entre nosotros (TheCozyLady, tu tienda online de confianza) y t\u00fa (nuestro incre\u00edble cliente). Nos llamaremos &#8216;Vendedor&#8217; y a ti &#8216;Comprador&#8217; de aqu\u00ed en adelante, solo para que quede claro.<\/p>\n<h4>2. \u00bfDe qu\u00e9 va todo esto?<\/h4>\n<p style=\"padding-left: 30px;\">En pocas palabras, este acuerdo cubre las cositas que compras en nuestra web. Se trata de asegurarnos de que ambos estemos protegidos por las leyes de consumo, especialmente en lo que respecta a las compras online.<\/p>\n<h4>3. Los productos<\/h4>\n<p style=\"padding-left: 30px;\">Encontrar\u00e1s todos los detalles jugosos sobre nuestros productos &#8211; c\u00f3mo se ven, cu\u00e1nto cuestan, c\u00f3mo pagar y c\u00f3mo te los haremos llegar &#8211; directamente en nuestra web. Solo un aviso: podr\u00edamos ajustar los precios o detalles de los productos de vez en cuando.<\/p>\n<h4>4. Cerrando el trato<\/h4>\n<p style=\"padding-left: 30px;\">\u00a1En cuanto le des al bot\u00f3n de &#8216;Comprar&#8217; y tu pago se procese, tenemos un trato! Al hacer el pedido, nos est\u00e1s dando el visto bueno de que has le\u00eddo y entendido todos los puntos importantes sobre el producto, la entrega y las devoluciones.<\/p>\n<h4>5. A soltar la pasta<\/h4>\n<p style=\"padding-left: 30px;\">Puedes pagar usando cualquiera de los m\u00e9todos que tenemos en nuestra web. Solo recuerda que necesitamos el pago completo (incluyendo los gastos de env\u00edo) antes de poder mandar tus cositas de camino.<\/p>\n<h4>6. Recibiendo tus caprichos<\/h4>\n<p style=\"padding-left: 30px;\">Te prometemos que recibir\u00e1s tu pedido en un m\u00e1ximo de 30 d\u00edas. Lo enviaremos a donde nos hayas dicho en tu formulario de pedido. El tiempo que tarde puede variar dependiendo de lo que hayas pedido y qu\u00e9 servicio de entrega usemos.<\/p>\n<h4>7. \u00bfHas cambiado de opini\u00f3n?<\/h4>\n<p style=\"padding-left: 30px;\">\u00a1No pasa nada! Tienes 14 d\u00edas despu\u00e9s de recibir tu art\u00edculo para avisarnos si quieres devolverlo. No necesitas darnos una raz\u00f3n &#8211; solo m\u00e1ndanos un mensaje por escrito dentro de ese plazo.<\/p>\n<h4>8. Devolvi\u00e9ndolo<\/h4>\n<p style=\"padding-left: 30px;\">Si decides devolver algo, aseg\u00farate de que est\u00e9 sin usar, en su embalaje original y en perfectas condiciones. Tendr\u00e1s que cubrir el costo de envi\u00e1rnoslo de vuelta. Una vez que recibamos tu aviso de devoluci\u00f3n, te reembolsaremos en 14 d\u00edas.<\/p>\n<h4>9. Nuestra promesa<\/h4>\n<p style=\"padding-left: 30px;\">Todos nuestros productos vienen con garant\u00eda del fabricante. Si algo no est\u00e1 bien, solo av\u00edsanos y lo solucionaremos seg\u00fan los t\u00e9rminos de la garant\u00eda.<\/p>\n<h4>10. Tu privacidad importa<\/h4>\n<p style=\"padding-left: 30px;\">Nos tomamos tu privacidad muy en serio. Mantendremos tu informaci\u00f3n personal segura y no la compartiremos con nadie m\u00e1s a menos que estemos legalmente obligados a hacerlo. Siempre seguimos las \u00faltimas leyes de protecci\u00f3n de datos.<\/p>\n<h4>11. Si las cosas se tuercen<\/h4>\n<p style=\"padding-left: 30px;\">Esperamos que no pase, pero si nos encontramos con alg\u00fan bache en el camino, resolveremos las cosas de acuerdo con las leyes pertinentes. Si es necesario, los tribunales apropiados nos ayudar\u00e1n a resolver cualquier problema.<\/p>\n<h4>12. \u00bfCu\u00e1nto dura esto?<\/h4>\n<p style=\"padding-left: 30px;\">Este acuerdo se mantiene hasta que uno de nosotros decida terminarlo. Podr\u00edamos actualizar los t\u00e9rminos de vez en cuando, pero siempre te lo haremos saber publicando los cambios en nuestra web.<\/p>\t\t\t\t\t\t<\/div>\n\t\t\t\t<\/div>\n\t\t\t\t\t<\/div>\n\t\t\t\t<\/div>\n\t\t\t\t<\/div>\n\t\t\t\t<\/div>\n\t\t","protected":false},"excerpt":{"rendered":"<p>Acuerdo de Venta a Distancia \u00a1Hola, familia Cozy Lady! Sabemos que los temas legales pueden ser un poco aburridos, pero es importante que estemos en la misma p\u00e1gina. As\u00ed que, \u00bfqu\u00e9 tal si lo repasamos juntos? 1. Qui\u00e9n es qui\u00e9n Este acuerdo es entre nosotros (TheCozyLady, tu tienda online de confianza) y t\u00fa (nuestro incre\u00edble [&hellip;]<\/p>\n","protected":false},"author":1,"featured_media":0,"parent":0,"menu_order":0,"comment_status":"closed","ping_status":"closed","template":"","meta":{"footnotes":""},"class_list":["post-10425","page","type-page","status-publish","hentry"],"_links":{"self":[{"href":"https:\/\/thecozylady.com\/es\/wp-json\/wp\/v2\/pages\/10425","targetHints":{"allow":["GET"]}}],"collection":[{"href":"https:\/\/thecozylady.com\/es\/wp-json\/wp\/v2\/pages"}],"about":[{"href":"https:\/\/thecozylady.com\/es\/wp-json\/wp\/v2\/types\/page"}],"author":[{"embeddable":true,"href":"https:\/\/thecozylady.com\/es\/wp-json\/wp\/v2\/users\/1"}],"replies":[{"embeddable":true,"href":"https:\/\/thecozylady.com\/es\/wp-json\/wp\/v2\/comments?post=10425"}],"version-history":[{"count":5,"href":"https:\/\/thecozylady.com\/es\/wp-json\/wp\/v2\/pages\/10425\/revisions"}],"predecessor-version":[{"id":10461,"href":"https:\/\/thecozylady.com\/es\/wp-json\/wp\/v2\/pages\/10425\/revisions\/10461"}],"wp:attachment":[{"href":"https:\/\/thecozylady.com\/es\/wp-json\/wp\/v2\/media?parent=10425"}],"curies":[{"name":"wp","href":"https:\/\/api.w.org\/{rel}","templated":true}]}}