{"id":10128,"date":"2024-04-12T04:02:11","date_gmt":"2024-04-12T04:02:11","guid":{"rendered":"https:\/\/thecozylady.com\/elementor-5908\/"},"modified":"2024-08-18T01:50:43","modified_gmt":"2024-08-18T01:50:43","slug":"accesibilidad","status":"publish","type":"page","link":"https:\/\/thecozylady.com\/es\/accesibilidad\/","title":{"rendered":"Accesibilidad"},"content":{"rendered":"\t\t<div data-elementor-type=\"wp-page\" data-elementor-id=\"10128\" class=\"elementor elementor-10128 elementor-5908\">\n\t\t\t\t<div class=\"elementor-element elementor-element-64810ab e-con-full e-flex e-con e-parent\" data-id=\"64810ab\" data-element_type=\"container\" data-core-v316-plus=\"true\">\n\t\t<div class=\"elementor-element elementor-element-9779113 e-con-full e-flex e-con e-child\" data-id=\"9779113\" data-element_type=\"container\">\n\t\t\t\t<div class=\"elementor-element elementor-element-5acd1c0 elementor-widget elementor-widget-heading\" data-id=\"5acd1c0\" data-element_type=\"widget\" data-widget_type=\"heading.default\">\n\t\t\t\t<div class=\"elementor-widget-container\">\n\t\t\t<style>\/*! elementor - v3.20.0 - 10-04-2024 *\/\n.elementor-heading-title{padding:0;margin:0;line-height:1}.elementor-widget-heading .elementor-heading-title[class*=elementor-size-]>a{color:inherit;font-size:inherit;line-height:inherit}.elementor-widget-heading .elementor-heading-title.elementor-size-small{font-size:15px}.elementor-widget-heading .elementor-heading-title.elementor-size-medium{font-size:19px}.elementor-widget-heading .elementor-heading-title.elementor-size-large{font-size:29px}.elementor-widget-heading .elementor-heading-title.elementor-size-xl{font-size:39px}.elementor-widget-heading .elementor-heading-title.elementor-size-xxl{font-size:59px}<\/style><h1 class=\"elementor-heading-title elementor-size-default\">Accesibilidad<\/h1>\t\t<\/div>\n\t\t\t\t<\/div>\n\t\t\t\t<\/div>\n\t\t<div class=\"elementor-element elementor-element-68081be e-flex e-con-boxed e-con e-child\" data-id=\"68081be\" data-element_type=\"container\">\n\t\t\t\t\t<div class=\"e-con-inner\">\n\t\t\t\t<div class=\"elementor-element elementor-element-dbd5289 elementor-widget elementor-widget-text-editor\" data-id=\"dbd5289\" data-element_type=\"widget\" data-widget_type=\"text-editor.default\">\n\t\t\t\t<div class=\"elementor-widget-container\">\n\t\t\t<style>\/*! elementor - v3.20.0 - 10-04-2024 *\/\n.elementor-widget-text-editor.elementor-drop-cap-view-stacked .elementor-drop-cap{background-color:#69727d;color:#fff}.elementor-widget-text-editor.elementor-drop-cap-view-framed .elementor-drop-cap{color:#69727d;border:3px solid;background-color:transparent}.elementor-widget-text-editor:not(.elementor-drop-cap-view-default) .elementor-drop-cap{margin-top:8px}.elementor-widget-text-editor:not(.elementor-drop-cap-view-default) .elementor-drop-cap-letter{width:1em;height:1em}.elementor-widget-text-editor .elementor-drop-cap{float:left;text-align:center;line-height:1;font-size:50px}.elementor-widget-text-editor .elementor-drop-cap-letter{display:inline-block}<\/style>\t\t\t\t<h4>Nuestro Compromiso con la Accesibilidad<\/h4><p style=\"padding-left: 30px;\">\u00a1Hola, amigos! En The Cozy Lady, nos apasiona hacer que nuestra web sea accesible para todos. Trabajamos constantemente para asegurarnos de que todos nuestros visitantes, incluidos aquellos con discapacidades, puedan usar nuestro sitio con facilidad. \u00bfNuestro objetivo? Cumplir con las Pautas de Accesibilidad para el Contenido Web (WCAG) 2.1 en el nivel AA. \u00a1Es todo un viaje, y estamos comprometidos con \u00e9l!<\/p><h4>Caracter\u00edsticas de Accesibilidad que Ofrecemos<\/h4><p style=\"padding-left: 30px;\">Hemos implementado algunas caracter\u00edsticas geniales para hacer tu experiencia m\u00e1s agradable:<br \/>&#8211; Navegaci\u00f3n por teclado: Puedes acceder a todo en nuestro sitio usando solo tu teclado. \u00bfNo tienes rat\u00f3n? \u00a1No hay problema!<br \/>&#8211; Amigable con lectores de pantalla: Nos llevamos bien con lectores populares como JAWS, NVDA y VoiceOver.<br \/>&#8211; Texto alternativo para im\u00e1genes: Cada imagen cuenta una historia, y nos aseguramos de que los lectores de pantalla tambi\u00e9n puedan contarla.<br \/>&#8211; Contraste de color: Nos hemos asegurado de que nuestro texto destaque sobre el fondo, para que sea f\u00e1cil de leer.<br \/>&#8211; Tama\u00f1o de texto flexible: Si\u00e9ntete libre de acercar o alejar &#8211; \u00a1nuestro sitio puede manejarlo!<br \/>&#8211; Estructura clara: Hemos organizado todo de manera l\u00f3gica, con men\u00fas de navegaci\u00f3n consistentes para ayudarte a encontrar tu camino.<\/p><h4>Problemas Conocidos (\u00a1Estamos Trabajando en Ello!)<\/h4><p style=\"padding-left: 30px;\">Siempre estamos mejorando, pero sabemos que a\u00fan no somos perfectos. Esto es en lo que todav\u00eda estamos trabajando:<br \/>&#8211; Algunas de nuestras publicaciones de blog m\u00e1s antiguas podr\u00edan carecer de texto alternativo. \u00a1Estamos revis\u00e1ndolas tan r\u00e1pido como podemos!<br \/>&#8211; Algunas caracter\u00edsticas de plugins de terceros podr\u00edan no ser completamente accesibles. \u00a1Estamos en ello!<br \/>No te preocupes, estamos abordando estos problemas lo m\u00e1s r\u00e1pido posible.<\/p><h4>Nos Encantar\u00eda Tu Opini\u00f3n<\/h4><p style=\"padding-left: 30px;\">\u00bfTe has topado con alg\u00fan problema mientras usabas nuestro sitio? \u00a1H\u00e1znoslo saber! Tus comentarios nos ayudan a hacer The Cozy Lady mejor para todos. Escr\u00edbenos a [direcci\u00f3n de correo electr\u00f3nico] o ll\u00e1manos al [n\u00famero de tel\u00e9fono]. \u00a1Estamos todos o\u00eddos!<\/p><h4>Manteniendo Nuestra Promesa al D\u00eda<\/h4><p style=\"padding-left: 30px;\">Revisamos y actualizamos regularmente esta declaraci\u00f3n de accesibilidad. \u00daltima actualizaci\u00f3n: [Fecha]. Estamos comprometidos a mejorar continuamente la accesibilidad de nuestro sitio y siempre estamos probando para mejorar tu experiencia.<\/p><h4>\u00bfQuieres Saber M\u00e1s?<\/h4><p style=\"padding-left: 30px;\">Si tienes curiosidad sobre accesibilidad, echa un vistazo a estos recursos:<br \/>&#8211; Pautas de Accesibilidad para el Contenido Web (WCAG)<br \/>&#8211; Iniciativa de Accesibilidad Web (WAI)<br \/>&#8211; Requisitos web de la Ley de Estadounidenses con Discapacidades (ADA)<\/p><h4>Nuestra Promesa para Ti<\/h4><p style=\"padding-left: 30px;\">En The Cozy Lady, estamos dedicados a proporcionar acceso igualitario y una experiencia en l\u00ednea inclusiva para todos nuestros usuarios. Seguiremos trabajando para mejorar y expandir nuestros esfuerzos de accesibilidad. \u00a1Gracias por tu comprensi\u00f3n y apoyo &#8211; no podr\u00edamos hacerlo sin ti!<\/p>\t\t\t\t\t\t<\/div>\n\t\t\t\t<\/div>\n\t\t\t\t\t<\/div>\n\t\t\t\t<\/div>\n\t\t\t\t<\/div>\n\t\t\t\t<\/div>\n\t\t","protected":false},"excerpt":{"rendered":"<p>Accesibilidad Nuestro Compromiso con la Accesibilidad \u00a1Hola, amigos! En The Cozy Lady, nos apasiona hacer que nuestra web sea accesible para todos. Trabajamos constantemente para asegurarnos de que todos nuestros visitantes, incluidos aquellos con discapacidades, puedan usar nuestro sitio con facilidad. \u00bfNuestro objetivo? Cumplir con las Pautas de Accesibilidad para el Contenido Web (WCAG) 2.1 [&hellip;]<\/p>\n","protected":false},"author":1,"featured_media":0,"parent":0,"menu_order":0,"comment_status":"closed","ping_status":"closed","template":"","meta":{"footnotes":""},"class_list":["post-10128","page","type-page","status-publish","hentry"],"_links":{"self":[{"href":"https:\/\/thecozylady.com\/es\/wp-json\/wp\/v2\/pages\/10128","targetHints":{"allow":["GET"]}}],"collection":[{"href":"https:\/\/thecozylady.com\/es\/wp-json\/wp\/v2\/pages"}],"about":[{"href":"https:\/\/thecozylady.com\/es\/wp-json\/wp\/v2\/types\/page"}],"author":[{"embeddable":true,"href":"https:\/\/thecozylady.com\/es\/wp-json\/wp\/v2\/users\/1"}],"replies":[{"embeddable":true,"href":"https:\/\/thecozylady.com\/es\/wp-json\/wp\/v2\/comments?post=10128"}],"version-history":[{"count":5,"href":"https:\/\/thecozylady.com\/es\/wp-json\/wp\/v2\/pages\/10128\/revisions"}],"predecessor-version":[{"id":10182,"href":"https:\/\/thecozylady.com\/es\/wp-json\/wp\/v2\/pages\/10128\/revisions\/10182"}],"wp:attachment":[{"href":"https:\/\/thecozylady.com\/es\/wp-json\/wp\/v2\/media?parent=10128"}],"curies":[{"name":"wp","href":"https:\/\/api.w.org\/{rel}","templated":true}]}}