{"id":10422,"date":"2024-04-12T01:35:38","date_gmt":"2024-04-12T01:35:38","guid":{"rendered":"https:\/\/thecozylady.com\/distance-sales-agreement\/"},"modified":"2024-08-18T09:33:28","modified_gmt":"2024-08-18T09:33:28","slug":"fernabsatzvertrag","status":"publish","type":"page","link":"https:\/\/thecozylady.com\/de\/fernabsatzvertrag\/","title":{"rendered":"Fernabsatzvertrag"},"content":{"rendered":"\t\t<div data-elementor-type=\"wp-page\" data-elementor-id=\"10422\" class=\"elementor elementor-10422 elementor-5848\">\n\t\t\t\t<div class=\"elementor-element elementor-element-647db548 e-con-full e-flex e-con e-parent\" data-id=\"647db548\" data-element_type=\"container\" data-core-v316-plus=\"true\">\n\t\t<header class=\"elementor-element elementor-element-6464531 e-con-full e-flex e-con e-child\" data-id=\"6464531\" data-element_type=\"container\">\n\t\t\t\t<div class=\"elementor-element elementor-element-cdeea6e elementor-widget elementor-widget-heading\" data-id=\"cdeea6e\" data-element_type=\"widget\" data-widget_type=\"heading.default\">\n\t\t\t\t<div class=\"elementor-widget-container\">\n\t\t\t<style>\/*! elementor - v3.20.0 - 10-04-2024 *\/\n.elementor-heading-title{padding:0;margin:0;line-height:1}.elementor-widget-heading .elementor-heading-title[class*=elementor-size-]>a{color:inherit;font-size:inherit;line-height:inherit}.elementor-widget-heading .elementor-heading-title.elementor-size-small{font-size:15px}.elementor-widget-heading .elementor-heading-title.elementor-size-medium{font-size:19px}.elementor-widget-heading .elementor-heading-title.elementor-size-large{font-size:29px}.elementor-widget-heading .elementor-heading-title.elementor-size-xl{font-size:39px}.elementor-widget-heading .elementor-heading-title.elementor-size-xxl{font-size:59px}<\/style><h1 class=\"elementor-heading-title elementor-size-default\">Fernabsatzvertrag<\/h1>\t\t<\/div>\n\t\t\t\t<\/div>\n\t\t\t\t<\/header>\n\t\t<div class=\"elementor-element elementor-element-4a4d6b8 e-flex e-con-boxed e-con e-child\" data-id=\"4a4d6b8\" data-element_type=\"container\">\n\t\t\t\t\t<div class=\"e-con-inner\">\n\t\t\t\t<div class=\"elementor-element elementor-element-bcd562a elementor-widget elementor-widget-text-editor\" data-id=\"bcd562a\" data-element_type=\"widget\" data-widget_type=\"text-editor.default\">\n\t\t\t\t<div class=\"elementor-widget-container\">\n\t\t\t<style>\/*! elementor - v3.20.0 - 10-04-2024 *\/\n.elementor-widget-text-editor.elementor-drop-cap-view-stacked .elementor-drop-cap{background-color:#69727d;color:#fff}.elementor-widget-text-editor.elementor-drop-cap-view-framed .elementor-drop-cap{color:#69727d;border:3px solid;background-color:transparent}.elementor-widget-text-editor:not(.elementor-drop-cap-view-default) .elementor-drop-cap{margin-top:8px}.elementor-widget-text-editor:not(.elementor-drop-cap-view-default) .elementor-drop-cap-letter{width:1em;height:1em}.elementor-widget-text-editor .elementor-drop-cap{float:left;text-align:center;line-height:1;font-size:50px}.elementor-widget-text-editor .elementor-drop-cap-letter{display:inline-block}<\/style>\t\t\t\t<p>Hallo, liebe Cozy Lady Familie! Wir wissen, dass rechtliche Dinge manchmal etwas trocken sein k\u00f6nnen, aber es ist wichtig, dass wir auf derselben Wellenl\u00e4nge sind. Also, lass uns das gemeinsam durchgehen, okay?<\/p>\n<h4>1. Wer ist wer?<\/h4>\n<p style=\"padding-left: 30px;\">Dieser Vertrag ist zwischen uns (das sind wir, TheCozyLady, dein freundlicher Online-Shop von nebenan) und dir (unserem tollen Kunden). Der Einfachheit halber nennen wir uns ab jetzt &#8216;Verk\u00e4ufer&#8217; und dich &#8216;K\u00e4ufer&#8217;.<\/p>\n<h4>2. Worum geht&#8217;s hier eigentlich?<\/h4>\n<p style=\"padding-left: 30px;\">Ganz einfach: Dieser Vertrag deckt alles ab, was du bei uns im Online-Shop kaufst. Es geht darum, dass wir beide nach dem Verbraucherschutzgesetz abgesichert sind, besonders wenn&#8217;s ums Online-Shopping geht.<\/p>\n<h4>3. Die Ware<\/h4>\n<p style=\"padding-left: 30px;\">Alle wichtigen Details zu unseren Produkten &#8211; wie sie aussehen, was sie kosten, wie du bezahlen kannst und wie wir sie zu dir bringen &#8211; findest du direkt auf unserer Website. Nur zur Info: Wir behalten uns vor, Preise oder Produktdetails von Zeit zu Zeit anzupassen.<\/p>\n<h4>4. Der Deal steht<\/h4>\n<p style=\"padding-left: 30px;\">Sobald du auf &#8216;Jetzt kaufen&#8217; klickst und deine Zahlung durch ist, haben wir einen Deal! Mit deiner Bestellung gibst du uns das Okay, dass du alle wichtigen Infos zum Produkt, zur Lieferung und zu R\u00fccksendungen gelesen und verstanden hast.<\/p>\n<h4>5. Lass die Euros rollen<\/h4>\n<p style=\"padding-left: 30px;\">Du kannst mit allen Zahlungsmethoden bezahlen, die wir auf unserer Seite anbieten. Denk nur daran: Wir brauchen die volle Zahlung (inklusive Versandkosten), bevor wir deine Sch\u00e4tze auf die Reise schicken k\u00f6nnen.<\/p>\n<h4>6. Deine Sch\u00e4tze kommen zu dir<\/h4>\n<p style=\"padding-left: 30px;\">Wir versprechen, dir deine Bestellung innerhalb von maximal 30 Tagen zuzustellen. Wir schicken sie an die Adresse, die du uns im Bestellformular angegeben hast. Die genaue Lieferzeit kann je nach Bestellung und Versanddienstleister variieren.<\/p>\n<h4>7. Andere Meinung?<\/h4>\n<p style=\"padding-left: 30px;\">Kein Problem! Du hast 14 Tage nach Erhalt der Ware Zeit, uns mitzuteilen, wenn du etwas zur\u00fcckschicken m\u00f6chtest. Du musst uns keinen Grund nennen &#8211; schreib uns einfach innerhalb dieser Frist.<\/p>\n<h4>8. Ab die Post<\/h4>\n<p style=\"padding-left: 30px;\">Wenn du dich f\u00fcr eine R\u00fccksendung entscheidest, achte bitte darauf, dass der Artikel unbenutzt, in der Originalverpackung und in einwandfreiem Zustand ist. Die Kosten f\u00fcr die R\u00fccksendung tr\u00e4gst du selbst. Sobald wir deine R\u00fccksendebenachrichtigung erhalten haben, erstatten wir dir den Betrag innerhalb von 14 Tagen.<\/p>\n<h4>9. Unser Versprechen<\/h4>\n<p style=\"padding-left: 30px;\">Alle unsere Produkte kommen mit einer Herstellergarantie. Wenn etwas nicht stimmt, sag uns einfach Bescheid und wir k\u00fcmmern uns darum gem\u00e4\u00df den Garantiebedingungen.<\/p>\n<h4>10. Deine Privatsph\u00e4re ist uns wichtig<\/h4>\n<p style=\"padding-left: 30px;\">Wir nehmen den Schutz deiner Daten sehr ernst. Wir bewahren deine pers\u00f6nlichen Informationen sicher auf und geben sie nicht an Dritte weiter, es sei denn, wir sind gesetzlich dazu verpflichtet. Wir halten uns immer an die aktuellen Datenschutzgesetze.<\/p>\n<h4>11. Wenn mal was schief geht<\/h4>\n<p style=\"padding-left: 30px;\">Wir hoffen, dass es nicht dazu kommt, aber falls doch mal was schiefl\u00e4uft, regeln wir das nach den geltenden Gesetzen. Wenn n\u00f6tig, helfen uns die zust\u00e4ndigen Gerichte, Probleme zu l\u00f6sen.<\/p>\n<h4>12. Wie lange gilt das alles?<\/h4>\n<p style=\"padding-left: 30px;\">Dieser Vertrag bleibt bestehen, bis einer von uns ihn beendet. Wir k\u00f6nnen die Bedingungen von Zeit zu Zeit aktualisieren, aber keine Sorge &#8211; wir informieren dich immer, indem wir die \u00c4nderungen auf unserer Website ver\u00f6ffentlichen.<\/p>\t\t\t\t\t\t<\/div>\n\t\t\t\t<\/div>\n\t\t\t\t\t<\/div>\n\t\t\t\t<\/div>\n\t\t\t\t<\/div>\n\t\t\t\t<\/div>\n\t\t","protected":false},"excerpt":{"rendered":"<p>Fernabsatzvertrag Hallo, liebe Cozy Lady Familie! Wir wissen, dass rechtliche Dinge manchmal etwas trocken sein k\u00f6nnen, aber es ist wichtig, dass wir auf derselben Wellenl\u00e4nge sind. Also, lass uns das gemeinsam durchgehen, okay? 1. Wer ist wer? Dieser Vertrag ist zwischen uns (das sind wir, TheCozyLady, dein freundlicher Online-Shop von nebenan) und dir (unserem tollen [&hellip;]<\/p>\n","protected":false},"author":1,"featured_media":0,"parent":0,"menu_order":0,"comment_status":"closed","ping_status":"closed","template":"","meta":{"footnotes":""},"class_list":["post-10422","page","type-page","status-publish","hentry"],"_links":{"self":[{"href":"https:\/\/thecozylady.com\/de\/wp-json\/wp\/v2\/pages\/10422","targetHints":{"allow":["GET"]}}],"collection":[{"href":"https:\/\/thecozylady.com\/de\/wp-json\/wp\/v2\/pages"}],"about":[{"href":"https:\/\/thecozylady.com\/de\/wp-json\/wp\/v2\/types\/page"}],"author":[{"embeddable":true,"href":"https:\/\/thecozylady.com\/de\/wp-json\/wp\/v2\/users\/1"}],"replies":[{"embeddable":true,"href":"https:\/\/thecozylady.com\/de\/wp-json\/wp\/v2\/comments?post=10422"}],"version-history":[{"count":5,"href":"https:\/\/thecozylady.com\/de\/wp-json\/wp\/v2\/pages\/10422\/revisions"}],"predecessor-version":[{"id":10465,"href":"https:\/\/thecozylady.com\/de\/wp-json\/wp\/v2\/pages\/10422\/revisions\/10465"}],"wp:attachment":[{"href":"https:\/\/thecozylady.com\/de\/wp-json\/wp\/v2\/media?parent=10422"}],"curies":[{"name":"wp","href":"https:\/\/api.w.org\/{rel}","templated":true}]}}