{"id":10209,"date":"2024-04-12T03:50:35","date_gmt":"2024-04-12T03:50:35","guid":{"rendered":"https:\/\/thecozylady.com\/terms-and-condition\/"},"modified":"2024-08-18T02:25:37","modified_gmt":"2024-08-18T02:25:37","slug":"allgemeine-geschaeftsbedingungen","status":"publish","type":"page","link":"https:\/\/thecozylady.com\/de\/allgemeine-geschaeftsbedingungen\/","title":{"rendered":"Allgemeine Gesch\u00e4ftsbedingungen"},"content":{"rendered":"\t\t<div data-elementor-type=\"wp-page\" data-elementor-id=\"10209\" class=\"elementor elementor-10209 elementor-5903\">\n\t\t\t\t<div class=\"elementor-element elementor-element-fca4eb6 e-con-full e-flex e-con e-parent\" data-id=\"fca4eb6\" data-element_type=\"container\" data-core-v316-plus=\"true\">\n\t\t<div class=\"elementor-element elementor-element-cfb7e68 e-con-full e-flex e-con e-child\" data-id=\"cfb7e68\" data-element_type=\"container\">\n\t\t\t\t<div class=\"elementor-element elementor-element-4ae612e elementor-widget elementor-widget-heading\" data-id=\"4ae612e\" data-element_type=\"widget\" data-widget_type=\"heading.default\">\n\t\t\t\t<div class=\"elementor-widget-container\">\n\t\t\t<style>\/*! elementor - v3.20.0 - 10-04-2024 *\/\n.elementor-heading-title{padding:0;margin:0;line-height:1}.elementor-widget-heading .elementor-heading-title[class*=elementor-size-]>a{color:inherit;font-size:inherit;line-height:inherit}.elementor-widget-heading .elementor-heading-title.elementor-size-small{font-size:15px}.elementor-widget-heading .elementor-heading-title.elementor-size-medium{font-size:19px}.elementor-widget-heading .elementor-heading-title.elementor-size-large{font-size:29px}.elementor-widget-heading .elementor-heading-title.elementor-size-xl{font-size:39px}.elementor-widget-heading .elementor-heading-title.elementor-size-xxl{font-size:59px}<\/style><h1 class=\"elementor-heading-title elementor-size-default\">Allgemeine Gesch\u00e4ftsbedingungen<\/h1>\t\t<\/div>\n\t\t\t\t<\/div>\n\t\t\t\t<\/div>\n\t\t<div class=\"elementor-element elementor-element-7231c30 e-flex e-con-boxed e-con e-child\" data-id=\"7231c30\" data-element_type=\"container\">\n\t\t\t\t\t<div class=\"e-con-inner\">\n\t\t\t\t<div class=\"elementor-element elementor-element-381e8d2 elementor-widget elementor-widget-text-editor\" data-id=\"381e8d2\" data-element_type=\"widget\" data-widget_type=\"text-editor.default\">\n\t\t\t\t<div class=\"elementor-widget-container\">\n\t\t\t<style>\/*! elementor - v3.20.0 - 10-04-2024 *\/\n.elementor-widget-text-editor.elementor-drop-cap-view-stacked .elementor-drop-cap{background-color:#69727d;color:#fff}.elementor-widget-text-editor.elementor-drop-cap-view-framed .elementor-drop-cap{color:#69727d;border:3px solid;background-color:transparent}.elementor-widget-text-editor:not(.elementor-drop-cap-view-default) .elementor-drop-cap{margin-top:8px}.elementor-widget-text-editor:not(.elementor-drop-cap-view-default) .elementor-drop-cap-letter{width:1em;height:1em}.elementor-widget-text-editor .elementor-drop-cap{float:left;text-align:center;line-height:1;font-size:50px}.elementor-widget-text-editor .elementor-drop-cap-letter{display:inline-block}<\/style>\t\t\t\t<p>Willkommen in der TheCozyLady-Familie! Wenn du unsere Website nutzt, stimmst du diesen Bedingungen zu. Falls du nicht einverstanden bist, bitten wir dich freundlich, unsere Seite nicht zu verwenden. Wir k\u00f6nnen diese Bedingungen von Zeit zu Zeit ohne Vorank\u00fcndigung aktualisieren, also schau gerne ab und zu mal rein.<\/p>\n<h4>Dein Konto und Sicherheit<\/h4>\n<p style=\"padding-left: 30px;\">Um bei uns einzukaufen, musst du vielleicht ein Konto erstellen. Wir vertrauen darauf, dass du deine Kontodaten sicher aufbewahrst. Wenn dir etwas Verd\u00e4chtiges an deinem Konto auff\u00e4llt, gib uns bitte sofort Bescheid \u2013 wir sind f\u00fcr dich da!<\/p>\n<h4>Unsere Produkte und Preise<\/h4>\n<p style=\"padding-left: 30px;\">Wir geben unser Bestes, um alles aktuell zu halten, aber manchmal k\u00f6nnen sich Preise und Lagerbest\u00e4nde ohne Vorwarnung \u00e4ndern. Wenn uns ein Fehler bei der Preisgestaltung oder Produktbeschreibung unterl\u00e4uft (wir sind auch nur Menschen!), behalten wir uns das Recht vor, deine Bestellung zu stornieren oder anzupassen. Denk daran, alle unsere sch\u00f6nen Produkte sind vorbehaltlich der Verf\u00fcgbarkeit.<\/p>\n<h4>Bestellung und Bezahlung<\/h4>\n<p style=\"padding-left: 30px;\">Wenn du eine Bestellung abschlie\u00dft, machst du ein Kaufangebot. Sobald wir deine Bestellung best\u00e4tigen, ist der Deal perfekt! Wir vertrauen darauf, dass du genaue Zahlungsinformationen angibst. Keine Sorge \u2013 wir verwenden SSL-Verschl\u00fcsselung, um deine Zahlungsdaten sicher zu halten.<\/p>\n<h4>Lieferung und R\u00fccksendungen<\/h4>\n<p style=\"padding-left: 30px;\">Die Lieferzeiten k\u00f6nnen je nach Produkt und deinem Standort variieren. F\u00fcr alle Details zu R\u00fccksendungen und Umtausch, schau einfach auf unserer R\u00fcckgaberichtlinien-Seite vorbei. Nur zur Info \u2013 einige Artikel k\u00f6nnen aus hygienischen Gr\u00fcnden nicht zur\u00fcckgegeben werden.<\/p>\n<h4>Geistiges Eigentum<\/h4>\n<p style=\"padding-left: 30px;\">Der gesamte Inhalt unserer Website (Texte, Grafiken, Logos, Bilder, Audioclips, digitale Downloads, Datenzusammenstellungen) und die von uns verwendete Software geh\u00f6ren The Cozy Lady oder unseren Inhaltsanbietern. Alles ist durch Urheberrechtsgesetze gesch\u00fctzt, also bitte respektiere das.<\/p>\n<h4>Deine Inhalte<\/h4>\n<p style=\"padding-left: 30px;\">Wenn du Kommentare oder Bewertungen auf unserer Seite teilst, gibst du uns die Erlaubnis, diesen Inhalt zu verwenden, zu reproduzieren und zu teilen. Wir vertrauen darauf, dass du die Dinge freundlich und angemessen h\u00e4ltst \u2013 du bist daf\u00fcr verantwortlich, dass dein Inhalt legal und harmlos ist.<\/p>\n<h4>Haftung<\/h4>\n<p style=\"padding-left: 30px;\">Wir geben unser Bestes, um deine Erfahrung gro\u00dfartig zu machen, k\u00f6nnen aber nicht f\u00fcr Sch\u00e4den verantwortlich gemacht werden, die sich aus der Nutzung unserer Website ergeben. Wir bieten unsere Seite &#8220;wie sie ist&#8221; ohne jegliche Garantien an.<\/p>\n<h4>Streitbeilegung<\/h4>\n<p style=\"padding-left: 30px;\">Sollte es jemals Meinungsverschiedenheiten \u00fcber diese Bedingungen geben, lass uns zuerst versuchen, das gemeinsam zu kl\u00e4ren. Wenn wir das nicht k\u00f6nnen, m\u00fcssen wir die zust\u00e4ndigen Gerichte entscheiden lassen.<\/p>\n<h4>G\u00fcltigkeit<\/h4>\n<p style=\"padding-left: 30px;\">Sollte sich herausstellen, dass ein Teil dieser Bedingungen ung\u00fcltig oder nicht durchsetzbar ist, bleibt der Rest bestehen. Wir werden ung\u00fcltige Teile durch etwas \u00c4hnliches ersetzen, das g\u00fcltig und durchsetzbar ist.<\/p>\n<h4>Kontaktiere uns<\/h4>\n<p style=\"padding-left: 30px;\">Hast du Fragen oder Bedenken zu diesen Bedingungen? Wir w\u00fcrden gerne von dir h\u00f6ren! Schreib uns einfach eine Nachricht an hello@thecozylady.com. Wir freuen uns immer, zu plaudern und die Dinge zu kl\u00e4ren.<\/p>\t\t\t\t\t\t<\/div>\n\t\t\t\t<\/div>\n\t\t\t\t\t<\/div>\n\t\t\t\t<\/div>\n\t\t\t\t<\/div>\n\t\t\t\t<\/div>\n\t\t","protected":false},"excerpt":{"rendered":"<p>Allgemeine Gesch\u00e4ftsbedingungen Willkommen in der TheCozyLady-Familie! Wenn du unsere Website nutzt, stimmst du diesen Bedingungen zu. Falls du nicht einverstanden bist, bitten wir dich freundlich, unsere Seite nicht zu verwenden. Wir k\u00f6nnen diese Bedingungen von Zeit zu Zeit ohne Vorank\u00fcndigung aktualisieren, also schau gerne ab und zu mal rein. Dein Konto und Sicherheit Um bei [&hellip;]<\/p>\n","protected":false},"author":1,"featured_media":0,"parent":0,"menu_order":0,"comment_status":"closed","ping_status":"closed","template":"","meta":{"footnotes":""},"class_list":["post-10209","page","type-page","status-publish","hentry"],"_links":{"self":[{"href":"https:\/\/thecozylady.com\/de\/wp-json\/wp\/v2\/pages\/10209","targetHints":{"allow":["GET"]}}],"collection":[{"href":"https:\/\/thecozylady.com\/de\/wp-json\/wp\/v2\/pages"}],"about":[{"href":"https:\/\/thecozylady.com\/de\/wp-json\/wp\/v2\/types\/page"}],"author":[{"embeddable":true,"href":"https:\/\/thecozylady.com\/de\/wp-json\/wp\/v2\/users\/1"}],"replies":[{"embeddable":true,"href":"https:\/\/thecozylady.com\/de\/wp-json\/wp\/v2\/comments?post=10209"}],"version-history":[{"count":5,"href":"https:\/\/thecozylady.com\/de\/wp-json\/wp\/v2\/pages\/10209\/revisions"}],"predecessor-version":[{"id":10260,"href":"https:\/\/thecozylady.com\/de\/wp-json\/wp\/v2\/pages\/10209\/revisions\/10260"}],"wp:attachment":[{"href":"https:\/\/thecozylady.com\/de\/wp-json\/wp\/v2\/media?parent=10209"}],"curies":[{"name":"wp","href":"https:\/\/api.w.org\/{rel}","templated":true}]}}