{"id":10079,"date":"2024-04-10T16:38:56","date_gmt":"2024-04-10T16:38:56","guid":{"rendered":"https:\/\/thecozylady.com\/privacy-policy\/"},"modified":"2024-08-18T01:16:54","modified_gmt":"2024-08-18T01:16:54","slug":"datenschutz-cookies","status":"publish","type":"page","link":"https:\/\/thecozylady.com\/de\/datenschutz-cookies\/","title":{"rendered":"Datenschutz &#038; Cookies"},"content":{"rendered":"\t\t<div data-elementor-type=\"wp-page\" data-elementor-id=\"10079\" class=\"elementor elementor-10079 elementor-3\">\n\t\t\t\t<div class=\"elementor-element elementor-element-34a79b10 e-con-full e-flex e-con e-parent\" data-id=\"34a79b10\" data-element_type=\"container\" data-core-v316-plus=\"true\">\n\t\t<div class=\"elementor-element elementor-element-b771e3e e-flex e-con-boxed e-con e-child\" data-id=\"b771e3e\" data-element_type=\"container\">\n\t\t\t\t\t<div class=\"e-con-inner\">\n\t\t\t\t<div class=\"elementor-element elementor-element-476480b elementor-widget elementor-widget-heading\" data-id=\"476480b\" data-element_type=\"widget\" data-widget_type=\"heading.default\">\n\t\t\t\t<div class=\"elementor-widget-container\">\n\t\t\t<style>\/*! elementor - v3.20.0 - 10-04-2024 *\/\n.elementor-heading-title{padding:0;margin:0;line-height:1}.elementor-widget-heading .elementor-heading-title[class*=elementor-size-]>a{color:inherit;font-size:inherit;line-height:inherit}.elementor-widget-heading .elementor-heading-title.elementor-size-small{font-size:15px}.elementor-widget-heading .elementor-heading-title.elementor-size-medium{font-size:19px}.elementor-widget-heading .elementor-heading-title.elementor-size-large{font-size:29px}.elementor-widget-heading .elementor-heading-title.elementor-size-xl{font-size:39px}.elementor-widget-heading .elementor-heading-title.elementor-size-xxl{font-size:59px}<\/style><h1 class=\"elementor-heading-title elementor-size-default\">Datenschutz &amp; Cookies<\/h1>\t\t<\/div>\n\t\t\t\t<\/div>\n\t\t\t\t\t<\/div>\n\t\t\t\t<\/div>\n\t\t<div class=\"elementor-element elementor-element-e2812c9 e-flex e-con-boxed e-con e-child\" data-id=\"e2812c9\" data-element_type=\"container\">\n\t\t\t\t\t<div class=\"e-con-inner\">\n\t\t\t\t<div class=\"elementor-element elementor-element-c374b65 elementor-widget elementor-widget-text-editor\" data-id=\"c374b65\" data-element_type=\"widget\" data-widget_type=\"text-editor.default\">\n\t\t\t\t<div class=\"elementor-widget-container\">\n\t\t\t<style>\/*! elementor - v3.20.0 - 10-04-2024 *\/\n.elementor-widget-text-editor.elementor-drop-cap-view-stacked .elementor-drop-cap{background-color:#69727d;color:#fff}.elementor-widget-text-editor.elementor-drop-cap-view-framed .elementor-drop-cap{color:#69727d;border:3px solid;background-color:transparent}.elementor-widget-text-editor:not(.elementor-drop-cap-view-default) .elementor-drop-cap{margin-top:8px}.elementor-widget-text-editor:not(.elementor-drop-cap-view-default) .elementor-drop-cap-letter{width:1em;height:1em}.elementor-widget-text-editor .elementor-drop-cap{float:left;text-align:center;line-height:1;font-size:50px}.elementor-widget-text-editor .elementor-drop-cap-letter{display:inline-block}<\/style>\t\t\t\t<h4>Wer wir sind<\/h4>\n<p style=\"padding-left: 30px\">Hallo du! Wir sind The Cozy Lady, deine vertrauensw\u00fcrdige E-Commerce-Plattform, die genau wei\u00df, was moderne Frauen und ihre Lieben brauchen. Unser Ziel ist es, dir mit sorgf\u00e4ltig ausgew\u00e4hlten Produkten Komfort, Stil und Gl\u00fcck zu bringen. Deine Privatsph\u00e4re und deine pers\u00f6nlichen Daten sind uns super wichtig. Lass uns mal dar\u00fcber plaudern, wie wir damit umgehen, wenn du auf unserer Seite unterwegs bist.<\/p>\n<h4>Kommentare<\/h4>\n<p style=\"padding-left: 30px\">Wenn du einen Kommentar bei uns hinterl\u00e4sst, sammeln wir die Daten, die im Kommentarformular angezeigt werden. Wir schnappen uns vielleicht auch deine IP-Adresse und den Browser-User-Agent-String, um Spam zu erkennen. Wenn dein Kommentar freigegeben wird, ist dein Profilbild m\u00f6glicherweise \u00f6ffentlich im Zusammenhang mit deinem Kommentar sichtbar.<\/p>\n<h4>Medien<\/h4>\n<p style=\"padding-left: 30px\">Wenn du Bilder auf unsere Seite hochl\u00e4dst, vermeide am besten solche mit eingebetteten Standortdaten (EXIF GPS). Andere Besucher k\u00f6nnen n\u00e4mlich Standortdaten aus Bildern auf der Website herunterladen und extrahieren. Denk also daran!<\/p>\n<h4>Cookies<\/h4>\n<p style=\"padding-left: 30px\">Wir verwenden Cookies auf unserer Seite \u2013 sie sind wie kleine hilfreiche Wichtel, die sich deine Vorlieben merken und dein Erlebnis verbessern. Wenn du kein Fan davon bist, kannst du sie in deinen Browsereinstellungen ausschalten. Bedenke aber, dass dann einige Teile der Seite vielleicht nicht so reibungslos funktionieren.<\/p>\n<h4>Eingebettete Inhalte von anderen Websites<\/h4>\n<p style=\"padding-left: 30px\">Manchmal binden wir Inhalte von anderen Websites ein (wie Videos oder Bilder). Das ist so, als w\u00fcrdest du die andere Website besuchen. Sie k\u00f6nnten Daten \u00fcber dich sammeln, Cookies verwenden oder deine Interaktion mit dem eingebetteten Inhalt verfolgen, besonders wenn du auf ihrer Seite eingeloggt bist.<\/p>\n<h4>Mit wem wir deine Daten teilen<\/h4>\n<p style=\"padding-left: 30px\">Wir behalten deine pers\u00f6nlichen Daten f\u00fcr uns, au\u00dfer wenn das Gesetz sagt, dass wir sie teilen m\u00fcssen. Wenn du dein Passwort zur\u00fccksetzt, wird deine IP-Adresse in der Reset-E-Mail enthalten sein. Wir k\u00f6nnten auch Daten mit Beh\u00f6rden teilen, wenn es f\u00fcr die Sicherheit der Seite oder rechtliche Verpflichtungen notwendig ist.<\/p>\n<h4>Wie lange wir deine Daten aufbewahren<\/h4>\n<p style=\"padding-left: 30px\">Wenn du einen Kommentar hinterl\u00e4sst, wird er f\u00fcr immer gespeichert (aber keine Sorge, du kannst uns jederzeit bitten, ihn zu entfernen). F\u00fcr Nutzer, die sich auf unserer Website registrieren, speichern wir die pers\u00f6nlichen Informationen, die sie in ihrem Benutzerprofil angeben. Du kannst deine pers\u00f6nlichen Informationen jederzeit einsehen, bearbeiten oder l\u00f6schen (au\u00dfer deinen Benuternamen \u2013 der ist dauerhaft). Newsletter-E-Mails bewahren wir auf, bis du dich abmeldest \u2013 so einfach ist das!<\/p>\n<h4>Welche Rechte du \u00fcber deine Daten hast<\/h4>\n<p style=\"padding-left: 30px\">Du hast die Kontrolle! Wenn du ein Konto hast oder Kommentare hinterlassen hast, kannst du eine exportierte Datei der pers\u00f6nlichen Daten anfordern, die wir \u00fcber dich haben. Du kannst uns auch bitten, alle pers\u00f6nlichen Daten zu l\u00f6schen, die wir \u00fcber dich haben. Das gilt nat\u00fcrlich nicht f\u00fcr Daten, die wir aus administrativen, rechtlichen oder Sicherheitsgr\u00fcnden aufbewahren m\u00fcssen.<\/p>\n<h4>Wohin deine Daten gesendet werden<\/h4>\n<p style=\"padding-left: 30px\">Besucherkommentare k\u00f6nnen durch einen automatisierten Spam-Erkennungsdienst \u00fcberpr\u00fcft werden. Wir geben deine E-Mail-Adresse (von Newsletter-Anmeldungen oder K\u00e4ufen) an niemanden weiter, es sei denn, wir sind gesetzlich oder durch eine gerichtliche Anordnung dazu verpflichtet.<\/p>\n<h4>\u00c4nderungen dieser Datenschutzerkl\u00e4rung<\/h4>\n<p style=\"padding-left: 30px\">Wir k\u00f6nnten diese Richtlinie von Zeit zu Zeit aktualisieren. Wenn wir das tun, ver\u00f6ffentlichen wir die neue Version genau hier. Es ist eine gute Idee, gelegentlich vorbeizuschauen, um auf dem Laufenden zu bleiben. Alle \u00c4nderungen treten sofort in Kraft, nachdem wir sie ver\u00f6ffentlicht haben.<\/p>\n<h4>Kontaktiere uns<\/h4>\n<p style=\"padding-left: 30px\">Hast du Fragen oder Bedenken zu dieser Datenschutzerkl\u00e4rung? Wir sind ganz Ohr! Z\u00f6gere nicht, dich zu melden \u2013 du findest unsere Kontaktdaten auf der Kontaktseite der Website. Wir sind f\u00fcr dich da!<\/p>\t\t\t\t\t\t<\/div>\n\t\t\t\t<\/div>\n\t\t\t\t\t<\/div>\n\t\t\t\t<\/div>\n\t\t\t\t<\/div>\n\t\t\t\t<\/div>\n\t\t","protected":false},"excerpt":{"rendered":"<p>Datenschutz &amp; Cookies Wer wir sind Hallo du! Wir sind The Cozy Lady, deine vertrauensw\u00fcrdige E-Commerce-Plattform, die genau wei\u00df, was moderne Frauen und ihre Lieben brauchen. Unser Ziel ist es, dir mit sorgf\u00e4ltig ausgew\u00e4hlten Produkten Komfort, Stil und Gl\u00fcck zu bringen. Deine Privatsph\u00e4re und deine pers\u00f6nlichen Daten sind uns super wichtig. Lass uns mal dar\u00fcber [&hellip;]<\/p>\n","protected":false},"author":1,"featured_media":0,"parent":0,"menu_order":0,"comment_status":"closed","ping_status":"closed","template":"","meta":{"footnotes":""},"class_list":["post-10079","page","type-page","status-publish","hentry"],"_links":{"self":[{"href":"https:\/\/thecozylady.com\/de\/wp-json\/wp\/v2\/pages\/10079","targetHints":{"allow":["GET"]}}],"collection":[{"href":"https:\/\/thecozylady.com\/de\/wp-json\/wp\/v2\/pages"}],"about":[{"href":"https:\/\/thecozylady.com\/de\/wp-json\/wp\/v2\/types\/page"}],"author":[{"embeddable":true,"href":"https:\/\/thecozylady.com\/de\/wp-json\/wp\/v2\/users\/1"}],"replies":[{"embeddable":true,"href":"https:\/\/thecozylady.com\/de\/wp-json\/wp\/v2\/comments?post=10079"}],"version-history":[{"count":4,"href":"https:\/\/thecozylady.com\/de\/wp-json\/wp\/v2\/pages\/10079\/revisions"}],"predecessor-version":[{"id":10091,"href":"https:\/\/thecozylady.com\/de\/wp-json\/wp\/v2\/pages\/10079\/revisions\/10091"}],"wp:attachment":[{"href":"https:\/\/thecozylady.com\/de\/wp-json\/wp\/v2\/media?parent=10079"}],"curies":[{"name":"wp","href":"https:\/\/api.w.org\/{rel}","templated":true}]}}