{"id":41799,"date":"2024-09-05T20:12:38","date_gmt":"2024-09-05T20:12:38","guid":{"rendered":"https:\/\/thecozylady.com\/?post_type=product&#038;p=41799"},"modified":"2024-09-09T09:47:35","modified_gmt":"2024-09-09T09:47:35","slug":"stylove-ambientni-osvetleni","status":"publish","type":"product","link":"https:\/\/thecozylady.com\/cs\/produkt\/stylove-ambientni-osvetleni\/","title":{"rendered":"Stylov\u00e9 ambientn\u00ed osv\u011btlen\u00ed"},"content":{"rendered":"<h2>Kouzeln\u00fd dotek pro v\u00e1\u0161 domov: Stylov\u00e9 ambientn\u00ed osv\u011btlen\u00ed \ud83c\udf1f<\/h2>\n<p>Mil\u00e1 rodino The Cozy Lady, jste p\u0159ipraveni vn\u00e9st do sv\u00e9ho \u017eivota kouzeln\u00e9 sv\u011btlo? \ud83c\udf08 Na\u0161e stylov\u00e9 ambientn\u00ed osv\u011btlen\u00ed zahal\u00ed ka\u017ed\u00fd kout va\u0161eho domova do okouzluj\u00edc\u00ed atmosf\u00e9ry! Se t\u0159emi r\u016fzn\u00fdmi barevn\u00fdmi mo\u017enostmi a funkc\u00ed stm\u00edv\u00e1n\u00ed bez elektrod m\u016f\u017eete vytvo\u0159it prost\u0159ed\u00ed podle sv\u00e9 n\u00e1lady. Tento sv\u011bteln\u00fd design vyroben\u00fd z hlin\u00edku a akrylu okam\u017eit\u011b zm\u011bn\u00ed atmosf\u00e9ru va\u0161eho pokoje!<\/p>\n<p>Nav\u00edc s \u0161irokou \u0161k\u00e1lou mo\u017enost\u00ed baterie od 2600mAh do 5200mAh nab\u00edz\u00ed mo\u017enost dlouhodob\u00e9ho pou\u017e\u00edv\u00e1n\u00ed podle va\u0161ich pot\u0159eb. S barevn\u00fdmi variantami ve zlat\u00e9, st\u0159\u00edbrn\u00e9 a \u010dern\u00e9 se tato okouzluj\u00edc\u00ed lampa hod\u00ed ke ka\u017ed\u00e9mu stylu a nen\u00ed jen osv\u011btlen\u00edm, ale tak\u00e9 um\u011bleck\u00fdm d\u00edlem! \ud83c\udfa8 Objednejte si ji hned a sta\u0148te se hv\u011bzdou sv\u00e9ho domova! Nenechte si uj\u00edt tuto \u00fa\u017easnou p\u0159\u00edle\u017eitost, dokud jsou z\u00e1soby! \u2728<\/p>\n<p><a href=\"https:\/\/thecozylady.com\/2024\/09\/09\/the-magic-of-light-your-elegant-and-long-lasting-ambiance-lamp\/\">\u010c\u00edst v\u00edce&#8230;<\/a><\/p>\n","protected":false},"excerpt":{"rendered":"<p>Dodejte sv\u00e9mu domovu kouzeln\u00fd dotek! \ud83c\udf1f Na\u0161e elegantn\u00ed ambientn\u00ed osv\u011btlen\u00ed s t\u0159emi r\u016fzn\u00fdmi barvami a funkc\u00ed stm\u00edv\u00e1n\u00ed bez elektrod v\u00e1m umo\u017en\u00ed vytvo\u0159it atmosf\u00e9ru podle va\u0161\u00ed n\u00e1lady. S p\u016fsobiv\u00fdm designem z hlin\u00edku a akrylu a dlouhou \u017eivotnost\u00ed d\u00edky baterii s kapacitou 2600mAh-5200mAh. K dispozici ve zlat\u00e9, st\u0159\u00edbrn\u00e9 nebo \u010dern\u00e9 barv\u011b, aby se hodilo ke ka\u017ed\u00e9mu stylu. Objednejte hned a sta\u0148te se hv\u011bzdou sv\u00e9ho domova! \u2728<\/p>\n","protected":false},"featured_media":33875,"template":"","meta":[],"product_cat":[3597,3598],"product_tag":[],"class_list":{"0":"post-41799","1":"product","2":"type-product","3":"status-publish","4":"has-post-thumbnail","6":"product_cat-domu","7":"product_cat-spotrebic","9":"first","10":"outofstock","11":"taxable","12":"shipping-taxable","13":"purchasable","14":"product-type-variable"},"_links":{"self":[{"href":"https:\/\/thecozylady.com\/cs\/wp-json\/wp\/v2\/product\/41799","targetHints":{"allow":["GET"]}}],"collection":[{"href":"https:\/\/thecozylady.com\/cs\/wp-json\/wp\/v2\/product"}],"about":[{"href":"https:\/\/thecozylady.com\/cs\/wp-json\/wp\/v2\/types\/product"}],"wp:featuredmedia":[{"embeddable":true,"href":"https:\/\/thecozylady.com\/cs\/wp-json\/wp\/v2\/media\/33875"}],"wp:attachment":[{"href":"https:\/\/thecozylady.com\/cs\/wp-json\/wp\/v2\/media?parent=41799"}],"wp:term":[{"taxonomy":"product_cat","embeddable":true,"href":"https:\/\/thecozylady.com\/cs\/wp-json\/wp\/v2\/product_cat?post=41799"},{"taxonomy":"product_tag","embeddable":true,"href":"https:\/\/thecozylady.com\/cs\/wp-json\/wp\/v2\/product_tag?post=41799"}],"curies":[{"name":"wp","href":"https:\/\/api.w.org\/{rel}","templated":true}]}}