{"id":41520,"date":"2024-09-05T17:18:06","date_gmt":"2024-09-05T17:18:06","guid":{"rendered":"https:\/\/thecozylady.com\/?post_type=product&#038;p=41520"},"modified":"2024-09-09T01:39:59","modified_gmt":"2024-09-09T01:39:59","slug":"mekke-pantofle-ve-tvaru-zraloka","status":"publish","type":"product","link":"https:\/\/thecozylady.com\/cs\/produkt\/mekke-pantofle-ve-tvaru-zraloka\/","title":{"rendered":"M\u011bkk\u00e9 pantofle ve tvaru \u017eraloka"},"content":{"rendered":"<p>\ud83e\udd88 Rozmazlete sv\u00e9 nohy na\u0161imi roztomil\u00fdmi papu\u010demi ve tvaru \u017eraloka a vytvo\u0159te ve sv\u00e9m domov\u011b veselou atmosf\u00e9ru! Tyto m\u011bkou\u010dk\u00e9 pantofle v\u00e1m d\u00edky <strong>EVA podr\u00e1\u017ece<\/strong> nab\u00edzej\u00ed <strong>maxim\u00e1ln\u00ed pohodl\u00ed<\/strong> d\u00edky sv\u00e9 <em>lehk\u00e9 a odoln\u00e9<\/em> konstrukci, zat\u00edmco jejich z\u00e1bavn\u00fd design rozz\u00e1\u0159\u00ed v\u00e1\u0161 den. S unisexov\u00fdm proveden\u00edm jsou tyto pantofle ide\u00e1ln\u00ed pro <em>v\u0161echny \u010dleny rodiny<\/em> a d\u00edky r\u016fzn\u00fdm barevn\u00fdm a velikostn\u00edm variant\u00e1m uspokoj\u00ed vkus ka\u017ed\u00e9ho.<\/p>\n<p>\ud83c\udf08 Vyj\u00e1d\u0159ete sv\u016fj osobn\u00ed styl d\u00edky <strong>\u0161irok\u00e9 palet\u011b barev<\/strong> od \u017elut\u00e9 p\u0159es fialovou a\u017e po m\u00e1tov\u011b zelenou a saf\u00edrov\u011b modrou. S velikostn\u00ed \u0161k\u00e1lou <em>od 150 do 220<\/em> a standardn\u00edmi mo\u017enostmi <em>od 36\/37 do 44\/45<\/em> se dokonale p\u0159izp\u016fsob\u00ed ka\u017ed\u00e9 noze. Tyto roztomil\u00e9 pantofle vyroben\u00e9 <strong>vst\u0159ikov\u00e1n\u00edm do formy<\/strong> nab\u00edzej\u00ed <em>dlouhou \u017eivotnost<\/em> a stanou se nepostradatelnou sou\u010d\u00e1st\u00ed va\u0161eho domova. Objednejte si je hned a nechte sv\u00e9 nohy, a\u0165 se pono\u0159\u00ed do <strong>m\u011bkk\u00e9ho \u017eralo\u010d\u00edho objet\u00ed<\/strong>! \ud83c\udfe0\ud83d\udc63<\/p>\n<p><a href=\"https:\/\/thecozylady.com\/2024\/09\/09\/soft-steps-with-shark-slippers-your-homes-new-mascot\/\">\u010c\u00edst v\u00edce&#8230;<\/a><\/p>\n","protected":false},"excerpt":{"rendered":"<p>\ud83e\udd88 Zabalte si nohy do roztomil\u00fdch \u017eralok\u016f! Na\u0161e pantofle s m\u011bkkou, lehkou a odolnou podr\u00e1\u017ekou z EVA nab\u00edzej\u00ed maxim\u00e1ln\u00ed pohodl\u00ed a z\u00e1rove\u0148 p\u0159in\u00e1\u0161ej\u00ed radost do va\u0161eho domova. Tyto unisexov\u00e9 pantofle, kter\u00e9 budou obl\u00edben\u00e9 u ka\u017ed\u00e9ho d\u00edky \u0161irok\u00e9 \u0161k\u00e1le barev a velikost\u00ed, slibuj\u00ed dlouhou \u017eivotnost. Rozmazlete sv\u00e9 nohy a rozza\u0159te sv\u016fj domov! Objednejte hned a nenechte si uj\u00edt toto m\u011bkk\u00e9 \u017eralo\u010d\u00ed objet\u00ed! \ud83c\udfe0\ud83d\udc63<\/p>\n","protected":false},"featured_media":20161,"template":"","meta":[],"product_cat":[1801,4030,4029,1784],"product_tag":[],"class_list":{"0":"post-41520","1":"product","2":"type-product","3":"status-publish","4":"has-post-thumbnail","6":"product_cat-deti","7":"product_cat-muzi","8":"product_cat-neformalni","9":"product_cat-zeny","11":"first","12":"outofstock","13":"taxable","14":"shipping-taxable","15":"purchasable","16":"product-type-variable"},"_links":{"self":[{"href":"https:\/\/thecozylady.com\/cs\/wp-json\/wp\/v2\/product\/41520","targetHints":{"allow":["GET"]}}],"collection":[{"href":"https:\/\/thecozylady.com\/cs\/wp-json\/wp\/v2\/product"}],"about":[{"href":"https:\/\/thecozylady.com\/cs\/wp-json\/wp\/v2\/types\/product"}],"wp:featuredmedia":[{"embeddable":true,"href":"https:\/\/thecozylady.com\/cs\/wp-json\/wp\/v2\/media\/20161"}],"wp:attachment":[{"href":"https:\/\/thecozylady.com\/cs\/wp-json\/wp\/v2\/media?parent=41520"}],"wp:term":[{"taxonomy":"product_cat","embeddable":true,"href":"https:\/\/thecozylady.com\/cs\/wp-json\/wp\/v2\/product_cat?post=41520"},{"taxonomy":"product_tag","embeddable":true,"href":"https:\/\/thecozylady.com\/cs\/wp-json\/wp\/v2\/product_tag?post=41520"}],"curies":[{"name":"wp","href":"https:\/\/api.w.org\/{rel}","templated":true}]}}