{"id":38239,"date":"2024-09-05T14:28:00","date_gmt":"2024-09-05T14:28:00","guid":{"rendered":"https:\/\/thecozylady.com\/?post_type=product&#038;p=38239"},"modified":"2024-09-09T01:14:12","modified_gmt":"2024-09-09T01:14:12","slug":"mini-pruzkumny-mikroskop","status":"publish","type":"product","link":"https:\/\/thecozylady.com\/cs\/produkt\/mini-pruzkumny-mikroskop\/","title":{"rendered":"Mini pr\u016fzkumn\u00fd mikroskop"},"content":{"rendered":"<h2>\ud83d\udd2c Mini v\u00fdzkumn\u00fd mikroskop: Vzru\u0161uj\u00edc\u00ed za\u010d\u00e1tek v\u011bdeck\u00e9 cesty va\u0161eho d\u00edt\u011bte! \ud83d\ude80<\/h2>\n<p>Mil\u00ed rodi\u010de, p\u0159edstavte si zv\u011bdav\u00e9 o\u010di va\u0161eho d\u00edt\u011bte&#8230; Nyn\u00ed jim dejte \u0161anci objevit skryt\u00e9 kr\u00e1sy sv\u011bta! S <strong>Mini v\u00fdzkumn\u00fdm mikroskopem<\/strong> va\u0161e d\u00edt\u011b vstoup\u00ed do kouzeln\u00e9ho sv\u011bta v\u011bdy. Tento kompaktn\u00ed a snadno pou\u017eiteln\u00fd mikroskop je speci\u00e1ln\u011b navr\u017een pro mlad\u00e9 objevitele ve v\u011bku 7-14 let. S pestrobarevn\u00fdmi mo\u017enostmi, kter\u00e9 oslov\u00ed vkus ka\u017ed\u00e9ho d\u00edt\u011bte, se tento \u00fa\u017easn\u00fd n\u00e1stroj stane spole\u010dn\u00edkem, kter\u00e9ho va\u0161e d\u00edt\u011b nebude cht\u00edt pustit z ruky! \ud83c\udf08\ud83d\udc69\u200d\ud83d\udd2c\ud83d\udc68\u200d\ud83d\udd2c<\/p>\n<p>Tento \u00fa\u017easn\u00fd mikroskop, kter\u00fd rozv\u00edj\u00ed inteligenci a kreativitu va\u0161eho d\u00edt\u011bte, je p\u0159ipraven k okam\u017eit\u00e9mu objevov\u00e1n\u00ed se 4 r\u016fzn\u00fdmi vzorky zv\u00ed\u0159at a rostlin! <em>Nav\u00edc tato mini laborato\u0159, kter\u00e1 p\u0159ich\u00e1z\u00ed se dv\u011bma bateriemi AG13, je v\u011bdeck\u00fdm centrem, kter\u00e9 va\u0161e d\u00edt\u011b m\u016f\u017ee nosit st\u00e1le v kapse.<\/em> Ka\u017ed\u00fd kout va\u0161eho domu, ka\u017ed\u00fd list ve va\u0161\u00ed zahrad\u011b je nyn\u00ed oblast\u00ed pro objevov\u00e1n\u00ed! Kupte si tento speci\u00e1ln\u00ed mikroskop je\u0161t\u011b dnes a bu\u010fte sv\u011bdky toho, jak se jiskra zv\u011bdavosti v o\u010d\u00edch va\u0161eho d\u00edt\u011bte prom\u011bn\u00ed v z\u00e1\u0159iv\u00fd plamen v\u011bdy. S <strong>Mini v\u00fdzkumn\u00fdm mikroskopem<\/strong> se v\u011bda st\u00e1v\u00e1 nejbli\u017e\u0161\u00edm p\u0159\u00edtelem va\u0161eho d\u00edt\u011bte! \ud83d\udd0d\ud83c\udf31\ud83d\udc1e<\/p>\n<p><a href=\"https:\/\/thecozylady.com\/2024\/09\/08\/little-hands-big-discoveries-explore-the-world-with-a-childrens-microscope\/\">\u010c\u00edst v\u00edce&#8230;<\/a><\/p>\n","protected":false},"excerpt":{"rendered":"<p>\ud83d\udd2c Prom\u011b\u0148te zv\u011bdavost sv\u00e9ho d\u00edt\u011bte v objevov\u00e1n\u00ed! S Mini Objevitelsk\u00fdm Mikroskopem za\u010d\u00edn\u00e1 vzru\u0161uj\u00edc\u00ed cesta do sv\u011bta v\u011bdy. Ide\u00e1ln\u00ed pro d\u011bti od 7 do 14 let, barevn\u00e9 mo\u017enosti, 4 r\u016fzn\u00e9 vzorky a snadn\u00e9 pou\u017eit\u00ed. Tato kapesn\u00ed laborato\u0159 je okam\u017eit\u011b p\u0159ipravena k pou\u017eit\u00ed s bateriemi AG13. Prom\u011b\u0148te tu jiskru v o\u010d\u00edch va\u0161eho d\u00edt\u011bte v z\u00e1\u0159iv\u00fd plamen v\u011bdy. Za\u010dn\u011bte objevovat hned a podpo\u0159te budouc\u00edho v\u011bdce u\u017e dnes! \ud83d\ude80\ud83d\udc69\u200d\ud83d\udd2c\ud83d\udc68\u200d\ud83d\udd2c<\/p>\n","protected":false},"featured_media":15070,"template":"","meta":[],"product_cat":[1801,1802],"product_tag":[],"class_list":{"0":"post-38239","1":"product","2":"type-product","3":"status-publish","4":"has-post-thumbnail","6":"product_cat-deti","7":"product_cat-hracky","9":"first","10":"outofstock","11":"taxable","12":"shipping-taxable","13":"purchasable","14":"product-type-variable"},"_links":{"self":[{"href":"https:\/\/thecozylady.com\/cs\/wp-json\/wp\/v2\/product\/38239","targetHints":{"allow":["GET"]}}],"collection":[{"href":"https:\/\/thecozylady.com\/cs\/wp-json\/wp\/v2\/product"}],"about":[{"href":"https:\/\/thecozylady.com\/cs\/wp-json\/wp\/v2\/types\/product"}],"wp:featuredmedia":[{"embeddable":true,"href":"https:\/\/thecozylady.com\/cs\/wp-json\/wp\/v2\/media\/15070"}],"wp:attachment":[{"href":"https:\/\/thecozylady.com\/cs\/wp-json\/wp\/v2\/media?parent=38239"}],"wp:term":[{"taxonomy":"product_cat","embeddable":true,"href":"https:\/\/thecozylady.com\/cs\/wp-json\/wp\/v2\/product_cat?post=38239"},{"taxonomy":"product_tag","embeddable":true,"href":"https:\/\/thecozylady.com\/cs\/wp-json\/wp\/v2\/product_tag?post=38239"}],"curies":[{"name":"wp","href":"https:\/\/api.w.org\/{rel}","templated":true}]}}