{"id":11676,"date":"2024-09-03T22:36:03","date_gmt":"2024-09-03T22:36:03","guid":{"rendered":"https:\/\/thecozylady.com\/?post_type=product&#038;p=11676"},"modified":"2024-09-08T13:18:42","modified_gmt":"2024-09-08T13:18:42","slug":"kocici-taska","status":"publish","type":"product","link":"https:\/\/thecozylady.com\/cs\/produkt\/kocici-taska\/","title":{"rendered":"Ko\u010di\u010d\u00ed ta\u0161ka"},"content":{"rendered":"<h2>S ko\u010di\u010d\u00ed ta\u0161kou je roztomilost v\u017edy po va\u0161em boku! \ud83d\udc31\ud83d\udc5c<\/h2>\n<p>Mil\u00ed milovn\u00edci ko\u010dek, jste p\u0159ipraveni vn\u00e9st do sv\u00e9ho \u017eivota <strong>sladkost a styl<\/strong>? \ud83d\ude0d S ko\u010di\u010d\u00ed ta\u0161kou z\u00edsk\u00e1te dopln\u011bk, kter\u00fd je z\u00e1rove\u0148 elegantn\u00ed i z\u00e1bavn\u00fd! Tato <em>m\u011bkou\u010dk\u00e1<\/em> ta\u0161ka vyroben\u00e1 z um\u011bl\u00e9 ko\u017ee\u0161iny je jako ko\u0165\u00e1tko, kter\u00e9 budete cht\u00edt obejmout. D\u00edky zipov\u00e9mu uz\u00e1v\u011bru jsou va\u0161e v\u011bci v bezpe\u010d\u00ed a vy jste neust\u00e1le se sv\u00fdm <strong>roztomil\u00fdm p\u0159\u00edtelem<\/strong>!<\/p>\n<p>Ko\u010di\u010d\u00ed ta\u0161ka, dostupn\u00e1 v mal\u00e9, st\u0159edn\u00ed a velk\u00e9 velikosti, vyhovuje v\u0161em pot\u0159eb\u00e1m a s vzory odr\u00e1\u017eej\u00edc\u00edmi r\u016fzn\u00e1 ko\u010di\u010d\u00ed plemena v\u00e1m umo\u017e\u0148uje <em>vyj\u00e1d\u0159it va\u0161i osobnost<\/em>. A\u0165 u\u017e Britsk\u00e1 kr\u00e1tkosrst\u00e1, Siamsk\u00e1, nebo klasick\u00e1 b\u00edl\u00e1 \u010di \u010dern\u00e1&#8230; <strong>Va\u0161e ko\u010di\u010dka, v\u00e1\u0161 styl!<\/strong> \ud83c\udf1f S touto ta\u0161kou nez\u00edsk\u00e1te jen dopln\u011bk, ale <em>\u017eivotn\u00ed styl<\/em>. Objednejte hned a spojte svou l\u00e1sku ke ko\u010dk\u00e1m se sv\u00fdm stylem! \ud83d\udced\ufe0f<\/p>\n<p><a href=\"https:\/\/thecozylady.com\/2024\/09\/03\/cat-lovers-new-favorite-kitty-bag\/\">\u010c\u00edst v\u00edce&#8230;<\/a><\/p>\n","protected":false},"excerpt":{"rendered":"<p>S kabelkou Ko\u010di\u010dka je roztomilost a styl nyn\u00ed po va\u0161em boku! \ud83d\udc31\ud83d\udc5c Tato m\u011bkou\u010dk\u00e1 kabelka vyroben\u00e1 z um\u011bl\u00e9 ko\u017ee\u0161iny odr\u00e1\u017e\u00ed v\u00e1\u0161 styl v r\u016fzn\u00fdch ko\u010di\u010d\u00edch plemenech a velikostech. Zipov\u00e9 zap\u00edn\u00e1n\u00ed udr\u017e\u00ed va\u0161e v\u011bci v bezpe\u010d\u00ed. Spojte svou l\u00e1sku ke ko\u010dk\u00e1m se sv\u00fdm stylem! Objednejte hned a neopou\u0161t\u011bjte tohoto sladk\u00e9ho spole\u010dn\u00edka. \ud83d\ude0d Kupte nyn\u00ed!<\/p>\n","protected":false},"featured_media":11256,"template":"","meta":[],"product_cat":[1785,1784],"product_tag":[],"class_list":{"0":"post-11676","1":"product","2":"type-product","3":"status-publish","4":"has-post-thumbnail","6":"product_cat-doplnky","7":"product_cat-zeny","9":"first","10":"outofstock","11":"taxable","12":"shipping-taxable","13":"purchasable","14":"product-type-variable"},"_links":{"self":[{"href":"https:\/\/thecozylady.com\/cs\/wp-json\/wp\/v2\/product\/11676","targetHints":{"allow":["GET"]}}],"collection":[{"href":"https:\/\/thecozylady.com\/cs\/wp-json\/wp\/v2\/product"}],"about":[{"href":"https:\/\/thecozylady.com\/cs\/wp-json\/wp\/v2\/types\/product"}],"wp:featuredmedia":[{"embeddable":true,"href":"https:\/\/thecozylady.com\/cs\/wp-json\/wp\/v2\/media\/11256"}],"wp:attachment":[{"href":"https:\/\/thecozylady.com\/cs\/wp-json\/wp\/v2\/media?parent=11676"}],"wp:term":[{"taxonomy":"product_cat","embeddable":true,"href":"https:\/\/thecozylady.com\/cs\/wp-json\/wp\/v2\/product_cat?post=11676"},{"taxonomy":"product_tag","embeddable":true,"href":"https:\/\/thecozylady.com\/cs\/wp-json\/wp\/v2\/product_tag?post=11676"}],"curies":[{"name":"wp","href":"https:\/\/api.w.org\/{rel}","templated":true}]}}