{"id":9898,"date":"2024-04-10T17:47:41","date_gmt":"2024-04-10T17:47:41","guid":{"rendered":"https:\/\/thecozylady.com\/about-us\/"},"modified":"2024-08-17T23:42:46","modified_gmt":"2024-08-17T23:42:46","slug":"o-nas","status":"publish","type":"page","link":"https:\/\/thecozylady.com\/cs\/o-nas\/","title":{"rendered":"O n\u00e1s"},"content":{"rendered":"\t\t<div data-elementor-type=\"wp-page\" data-elementor-id=\"9898\" class=\"elementor elementor-9898 elementor-3717\">\n\t\t\t\t\t\t<section class=\"elementor-section elementor-top-section elementor-element elementor-element-5158b412 elementor-section-boxed elementor-section-height-default elementor-section-height-default\" data-id=\"5158b412\" data-element_type=\"section\">\n\t\t\t\t\t\t<div class=\"elementor-container elementor-column-gap-default\">\n\t\t\t\t\t<div class=\"elementor-column elementor-col-33 elementor-top-column elementor-element elementor-element-11875c9\" data-id=\"11875c9\" data-element_type=\"column\">\n\t\t\t<div class=\"elementor-widget-wrap elementor-element-populated\">\n\t\t\t\t\t\t<div class=\"elementor-element elementor-element-27d8ef86 elementor-widget elementor-widget-heading\" data-id=\"27d8ef86\" data-element_type=\"widget\" data-widget_type=\"heading.default\">\n\t\t\t\t<div class=\"elementor-widget-container\">\n\t\t\t<style>\/*! elementor - v3.20.0 - 10-04-2024 *\/\n.elementor-heading-title{padding:0;margin:0;line-height:1}.elementor-widget-heading .elementor-heading-title[class*=elementor-size-]>a{color:inherit;font-size:inherit;line-height:inherit}.elementor-widget-heading .elementor-heading-title.elementor-size-small{font-size:15px}.elementor-widget-heading .elementor-heading-title.elementor-size-medium{font-size:19px}.elementor-widget-heading .elementor-heading-title.elementor-size-large{font-size:29px}.elementor-widget-heading .elementor-heading-title.elementor-size-xl{font-size:39px}.elementor-widget-heading .elementor-heading-title.elementor-size-xxl{font-size:59px}<\/style><h3 class=\"elementor-heading-title elementor-size-default\">N\u00e1\u0161 p\u0159\u00edb\u011bh<\/h3>\t\t<\/div>\n\t\t\t\t<\/div>\n\t\t\t\t<div class=\"elementor-element elementor-element-6c441c0 elementor-widget elementor-widget-text-editor\" data-id=\"6c441c0\" data-element_type=\"widget\" data-widget_type=\"text-editor.default\">\n\t\t\t\t<div class=\"elementor-widget-container\">\n\t\t\t<style>\/*! elementor - v3.20.0 - 10-04-2024 *\/\n.elementor-widget-text-editor.elementor-drop-cap-view-stacked .elementor-drop-cap{background-color:#69727d;color:#fff}.elementor-widget-text-editor.elementor-drop-cap-view-framed .elementor-drop-cap{color:#69727d;border:3px solid;background-color:transparent}.elementor-widget-text-editor:not(.elementor-drop-cap-view-default) .elementor-drop-cap{margin-top:8px}.elementor-widget-text-editor:not(.elementor-drop-cap-view-default) .elementor-drop-cap-letter{width:1em;height:1em}.elementor-widget-text-editor .elementor-drop-cap{float:left;text-align:center;line-height:1;font-size:50px}.elementor-widget-text-editor .elementor-drop-cap-letter{display:inline-block}<\/style>\t\t\t\t<p class=\"whitespace-pre-wrap break-words\">Jsme t\u00fdm, kter\u00fd rozum\u00ed pot\u0159eb\u00e1m modern\u00edch \u017een a jejich bl\u00edzk\u00fdch. Na\u0161\u00edm c\u00edlem je p\u0159in\u00e1\u0161et pohodl\u00ed, eleganci a \u0161t\u011bst\u00ed prost\u0159ednictv\u00edm pe\u010dliv\u011b vybran\u00fdch produkt\u016f. V\u0161echno to za\u010dalo touhou dotknout se va\u0161eho \u017eivota. Kdy\u017e jsme se vydali na tuto cestu, na\u0161\u00edm c\u00edlem nebylo b\u00fdt jen dal\u0161\u00edm e-shopem, ale st\u00e1t se va\u0161\u00edm v\u0159el\u00fdm p\u0159\u00edtelem, kter\u00fd je s v\u00e1mi v ka\u017ed\u00e9m okam\u017eiku va\u0161eho \u017eivota. Zam\u011b\u0159ili jsme se na to, abychom v\u00e1m p\u0159inesli barvy do \u017eivota kvalitn\u00edmi a kr\u00e1sn\u00fdmi produkty &#8211; od oble\u010den\u00ed p\u0159es bytov\u00e9 dopl\u0148ky a\u017e po pot\u0159eby pro d\u011bti a dom\u00e1c\u00ed mazl\u00ed\u010dky.<\/p><p class=\"whitespace-pre-wrap break-words\">V The Cozy Lady usilovn\u011b pracujeme na tom, abychom v\u00e1m nab\u00eddli produkty, kter\u00e9 odr\u00e1\u017eej\u00ed v\u00e1\u0161 styl, usnad\u0148uj\u00ed a obohacuj\u00ed v\u00e1\u0161 \u017eivot. Sledujeme trendy, ale z\u00e1rove\u0148 vytv\u00e1\u0159\u00edme nad\u010dasov\u00e9 kousky, kter\u00e9 odr\u00e1\u017eej\u00ed v\u00e1\u0161 osobn\u00ed styl a maj\u00ed za c\u00edl si z\u00edskat va\u0161e srdce i srdce va\u0161ich bl\u00edzk\u00fdch. S na\u0161imi inovativn\u00edmi, praktick\u00fdmi a stylov\u00fdmi designy se sna\u017e\u00edme vn\u00e9st barvu do va\u0161eho ka\u017edodenn\u00edho \u017eivota, zat\u00edmco s v\u00e1mi rosteme a vyv\u00edj\u00edme se. Jako rodina The Cozy Lady chceme b\u00fdt spolehliv\u00fdm p\u0159\u00edtelem ve va\u0161em \u017eivot\u011b a doprov\u00e1zet v\u00e1s na v\u0161ech va\u0161ich dobrodru\u017estv\u00edch. Poj\u010fme si spole\u010dn\u011b u\u017e\u00edvat \u017eivota!<\/p>\t\t\t\t\t\t<\/div>\n\t\t\t\t<\/div>\n\t\t\t\t\t<\/div>\n\t\t<\/div>\n\t\t\t\t<div class=\"elementor-column elementor-col-66 elementor-top-column elementor-element elementor-element-4b2de284\" data-id=\"4b2de284\" data-element_type=\"column\">\n\t\t\t<div class=\"elementor-widget-wrap elementor-element-populated\">\n\t\t\t\t\t\t<div class=\"elementor-element elementor-element-c6be04b elementor-widget elementor-widget-wp-widget-nasa_banner_sc\" data-id=\"c6be04b\" data-element_type=\"widget\" data-widget_type=\"wp-widget-nasa_banner_sc.default\">\n\t\t\t\t<div class=\"elementor-widget-container\">\n\t\t\t<div class=\"banner nasa-banner\" data-wow-delay=\"\" style=\"height: 563px;\"><div class=\"banner-image nasa-banner-image ns-banner-bg\" style=\"background-image: url(https:\/\/thecozylady.com\/wp-content\/uploads\/2024\/04\/paper-above-envelope-mockup.jpg);background-position: center center;\" data-height=\"563\" data-width=\"750\"><\/div><\/div>\t\t<\/div>\n\t\t\t\t<\/div>\n\t\t\t\t\t<\/div>\n\t\t<\/div>\n\t\t\t\t\t<\/div>\n\t\t<\/section>\n\t\t\t\t<section class=\"elementor-section elementor-top-section elementor-element elementor-element-20315a4a elementor-section-boxed elementor-section-height-default elementor-section-height-default\" data-id=\"20315a4a\" data-element_type=\"section\">\n\t\t\t\t\t\t<div class=\"elementor-container elementor-column-gap-default\">\n\t\t\t\t\t<div class=\"elementor-column elementor-col-50 elementor-top-column elementor-element elementor-element-484a593e\" data-id=\"484a593e\" data-element_type=\"column\">\n\t\t\t<div class=\"elementor-widget-wrap elementor-element-populated\">\n\t\t\t\t\t\t<div class=\"elementor-element elementor-element-6ebc59ba elementor-widget elementor-widget-heading\" data-id=\"6ebc59ba\" data-element_type=\"widget\" data-widget_type=\"heading.default\">\n\t\t\t\t<div class=\"elementor-widget-container\">\n\t\t\t<h3 class=\"elementor-heading-title elementor-size-default\">Co pro v\u00e1s d\u011bl\u00e1me?<\/h3>\t\t<\/div>\n\t\t\t\t<\/div>\n\t\t\t\t<div class=\"elementor-element elementor-element-1d1a1deb nasa-accordion-df elementor-widget elementor-widget-accordion\" data-id=\"1d1a1deb\" data-element_type=\"widget\" data-widget_type=\"accordion.default\">\n\t\t\t\t<div class=\"elementor-widget-container\">\n\t\t\t<style>\/*! elementor - v3.20.0 - 10-04-2024 *\/\n.elementor-accordion{text-align:left}.elementor-accordion .elementor-accordion-item{border:1px solid #d5d8dc}.elementor-accordion .elementor-accordion-item+.elementor-accordion-item{border-top:none}.elementor-accordion .elementor-tab-title{margin:0;padding:15px 20px;font-weight:700;line-height:1;cursor:pointer;outline:none}.elementor-accordion .elementor-tab-title .elementor-accordion-icon{display:inline-block;width:1.5em}.elementor-accordion .elementor-tab-title .elementor-accordion-icon svg{width:1em;height:1em}.elementor-accordion .elementor-tab-title .elementor-accordion-icon.elementor-accordion-icon-right{float:right;text-align:right}.elementor-accordion .elementor-tab-title .elementor-accordion-icon.elementor-accordion-icon-left{float:left;text-align:left}.elementor-accordion .elementor-tab-title .elementor-accordion-icon .elementor-accordion-icon-closed{display:block}.elementor-accordion .elementor-tab-title .elementor-accordion-icon .elementor-accordion-icon-opened,.elementor-accordion .elementor-tab-title.elementor-active .elementor-accordion-icon-closed{display:none}.elementor-accordion .elementor-tab-title.elementor-active .elementor-accordion-icon-opened{display:block}.elementor-accordion .elementor-tab-content{display:none;padding:15px 20px;border-top:1px solid #d5d8dc}@media (max-width:767px){.elementor-accordion .elementor-tab-title{padding:12px 15px}.elementor-accordion .elementor-tab-title .elementor-accordion-icon{width:1.2em}.elementor-accordion .elementor-tab-content{padding:7px 15px}}.e-con-inner>.elementor-widget-accordion,.e-con>.elementor-widget-accordion{width:var(--container-widget-width);--flex-grow:var(--container-widget-flex-grow)}<\/style>\t\t<div class=\"elementor-accordion\">\n\t\t\t\t\t\t\t<div class=\"elementor-accordion-item\">\n\t\t\t\t\t<div id=\"elementor-tab-title-4881\" class=\"elementor-tab-title\" data-tab=\"1\" role=\"button\" aria-controls=\"elementor-tab-content-4881\" aria-expanded=\"false\">\n\t\t\t\t\t\t\t\t\t\t\t\t\t<span class=\"elementor-accordion-icon elementor-accordion-icon-left\" aria-hidden=\"true\">\n\t\t\t\t\t\t\t\t\t\t\t\t\t\t\t<span class=\"elementor-accordion-icon-closed\"><svg class=\"e-font-icon-svg e-fas-plus\" viewBox=\"0 0 448 512\" xmlns=\"http:\/\/www.w3.org\/2000\/svg\"><path d=\"M416 208H272V64c0-17.67-14.33-32-32-32h-32c-17.67 0-32 14.33-32 32v144H32c-17.67 0-32 14.33-32 32v32c0 17.67 14.33 32 32 32h144v144c0 17.67 14.33 32 32 32h32c17.67 0 32-14.33 32-32V304h144c17.67 0 32-14.33 32-32v-32c0-17.67-14.33-32-32-32z\"><\/path><\/svg><\/span>\n\t\t\t\t\t\t\t\t<span class=\"elementor-accordion-icon-opened\"><svg class=\"e-font-icon-svg e-fas-minus\" viewBox=\"0 0 448 512\" xmlns=\"http:\/\/www.w3.org\/2000\/svg\"><path d=\"M416 208H32c-17.67 0-32 14.33-32 32v32c0 17.67 14.33 32 32 32h384c17.67 0 32-14.33 32-32v-32c0-17.67-14.33-32-32-32z\"><\/path><\/svg><\/span>\n\t\t\t\t\t\t\t\t\t\t\t\t\t\t<\/span>\n\t\t\t\t\t\t\t\t\t\t\t\t<a class=\"elementor-accordion-title\" tabindex=\"0\">Pe\u010dliv\u011b vybran\u00e9 kolekce: Produkty, kter\u00e9 odr\u00e1\u017eej\u00ed v\u00e1\u0161 styl<\/a>\n\t\t\t\t\t<\/div>\n\t\t\t\t\t<div id=\"elementor-tab-content-4881\" class=\"elementor-tab-content elementor-clearfix\" data-tab=\"1\" role=\"region\" aria-labelledby=\"elementor-tab-title-4881\"><p class=\"whitespace-pre-wrap break-words\">Mil\u00ed p\u0159\u00e1tel\u00e9, ka\u017ed\u00fd produkt, kter\u00fd v\u00e1m nab\u00edz\u00edme, pe\u010dliv\u011b vyb\u00edr\u00e1me. P\u0159i vytv\u00e1\u0159en\u00ed na\u0161ich kolekc\u00ed je na\u0161\u00ed prioritou nab\u00eddnout v\u00e1m kousky, kter\u00e9 odr\u00e1\u017eej\u00ed v\u00e1\u0161 styl a doprov\u00e1zej\u00ed v\u00e1s v ka\u017ed\u00e9m okam\u017eiku va\u0161eho \u017eivota. Sledujeme nejnov\u011bj\u0161\u00ed trendy, ale z\u00e1rove\u0148 klademe d\u016fraz na nad\u010dasov\u00e9 a kvalitn\u00ed designy. D\u00edky tomu se ka\u017ed\u00fd produkt The Cozy Lady st\u00e1v\u00e1 kouskem, kter\u00fd budete s radost\u00ed pou\u017e\u00edvat po dlouh\u00e1 l\u00e9ta.<\/p><p class=\"whitespace-pre-wrap break-words\">P\u0159i v\u00fdb\u011bru na\u0161ich produkt\u016f bereme v \u00favahu va\u0161e zp\u011btn\u00e9 vazby a pot\u0159eby. Sna\u017e\u00edme se nab\u00eddnout \u0161irokou \u0161k\u00e1lu mo\u017enost\u00ed, kter\u00e9 oslov\u00ed r\u016fzn\u00e9 styly a vkusy. D\u00edky tomu m\u016f\u017eete v kolekc\u00edch The Cozy Lady naj\u00edt ty nejlep\u0161\u00ed kousky pro sebe i sv\u00e9 bl\u00edzk\u00e9.<\/p><\/div>\n\t\t\t\t<\/div>\n\t\t\t\t\t\t\t<div class=\"elementor-accordion-item\">\n\t\t\t\t\t<div id=\"elementor-tab-title-4882\" class=\"elementor-tab-title\" data-tab=\"2\" role=\"button\" aria-controls=\"elementor-tab-content-4882\" aria-expanded=\"false\">\n\t\t\t\t\t\t\t\t\t\t\t\t\t<span class=\"elementor-accordion-icon elementor-accordion-icon-left\" aria-hidden=\"true\">\n\t\t\t\t\t\t\t\t\t\t\t\t\t\t\t<span class=\"elementor-accordion-icon-closed\"><svg class=\"e-font-icon-svg e-fas-plus\" viewBox=\"0 0 448 512\" xmlns=\"http:\/\/www.w3.org\/2000\/svg\"><path d=\"M416 208H272V64c0-17.67-14.33-32-32-32h-32c-17.67 0-32 14.33-32 32v144H32c-17.67 0-32 14.33-32 32v32c0 17.67 14.33 32 32 32h144v144c0 17.67 14.33 32 32 32h32c17.67 0 32-14.33 32-32V304h144c17.67 0 32-14.33 32-32v-32c0-17.67-14.33-32-32-32z\"><\/path><\/svg><\/span>\n\t\t\t\t\t\t\t\t<span class=\"elementor-accordion-icon-opened\"><svg class=\"e-font-icon-svg e-fas-minus\" viewBox=\"0 0 448 512\" xmlns=\"http:\/\/www.w3.org\/2000\/svg\"><path d=\"M416 208H32c-17.67 0-32 14.33-32 32v32c0 17.67 14.33 32 32 32h384c17.67 0 32-14.33 32-32v-32c0-17.67-14.33-32-32-32z\"><\/path><\/svg><\/span>\n\t\t\t\t\t\t\t\t\t\t\t\t\t\t<\/span>\n\t\t\t\t\t\t\t\t\t\t\t\t<a class=\"elementor-accordion-title\" tabindex=\"0\">V\u011brnostn\u00ed program: Speci\u00e1ln\u00ed v\u00fdhody a p\u0159ekvapen\u00ed jen pro v\u00e1s<\/a>\n\t\t\t\t\t<\/div>\n\t\t\t\t\t<div id=\"elementor-tab-content-4882\" class=\"elementor-tab-content elementor-clearfix\" data-tab=\"2\" role=\"region\" aria-labelledby=\"elementor-tab-title-4882\"><p class=\"whitespace-pre-wrap break-words\">Mil\u00ed p\u0159\u00e1tel\u00e9, va\u0161e d\u016fv\u011bra a loajalita jsou pro n\u00e1s nesm\u00edrn\u011b cenn\u00e9. Proto v\u00e1m prost\u0159ednictv\u00edm na\u0161eho v\u011brnostn\u00edho programu nab\u00edz\u00edme speci\u00e1ln\u00ed v\u00fdhody a p\u0159ekvapen\u00ed. Sta\u010d\u00ed s n\u00e1mi z\u016fstat a budete si u\u017e\u00edvat r\u016fzn\u00e9 nab\u00eddky a slevy.<\/p><p class=\"whitespace-pre-wrap break-words\">Ka\u017ed\u00fd, kdo se p\u0159ihl\u00e1s\u00ed k odb\u011bru na\u0161eho newsletteru, se automaticky st\u00e1v\u00e1 sou\u010d\u00e1st\u00ed na\u0161eho v\u011brnostn\u00edho programu a z\u00edsk\u00e1v\u00e1 slevov\u00fd kup\u00f3n 10 %. Nav\u00edc v\u00e1m podle \u00farovn\u011b va\u0161\u00ed v\u011brnosti nab\u00edz\u00edme speci\u00e1ln\u00ed slevy, p\u0159ednostn\u00ed p\u0159\u00edstup a nab\u00eddky.<\/p><p class=\"whitespace-pre-wrap break-words\">Nejlep\u0161\u00ed na na\u0161em v\u011brnostn\u00edm programu je, \u017ee v\u00e1s dok\u00e1\u017ee p\u0159ekvapit. Na va\u0161e narozeniny, p\u0159i speci\u00e1ln\u00edch p\u0159\u00edle\u017eitostech nebo ve chv\u00edli, kdy to nejm\u00e9n\u011b \u010dek\u00e1te, v\u00e1s pot\u011b\u0161\u00edme d\u00e1rky a slevami. Proto\u017ee vy jste nejcenn\u011bj\u0161\u00edmi \u010dleny rodiny The Cozy Lady a my v\u00e1s chceme v\u017edy nechat c\u00edtit se v\u00fdjime\u010dn\u011b. P\u0159ipojte se k na\u0161emu v\u011brnostn\u00edmu programu a u\u017eijte si v\u0161echny v\u00fdhody!<\/p><\/div>\n\t\t\t\t<\/div>\n\t\t\t\t\t\t\t<div class=\"elementor-accordion-item\">\n\t\t\t\t\t<div id=\"elementor-tab-title-4883\" class=\"elementor-tab-title\" data-tab=\"3\" role=\"button\" aria-controls=\"elementor-tab-content-4883\" aria-expanded=\"false\">\n\t\t\t\t\t\t\t\t\t\t\t\t\t<span class=\"elementor-accordion-icon elementor-accordion-icon-left\" aria-hidden=\"true\">\n\t\t\t\t\t\t\t\t\t\t\t\t\t\t\t<span class=\"elementor-accordion-icon-closed\"><svg class=\"e-font-icon-svg e-fas-plus\" viewBox=\"0 0 448 512\" xmlns=\"http:\/\/www.w3.org\/2000\/svg\"><path d=\"M416 208H272V64c0-17.67-14.33-32-32-32h-32c-17.67 0-32 14.33-32 32v144H32c-17.67 0-32 14.33-32 32v32c0 17.67 14.33 32 32 32h144v144c0 17.67 14.33 32 32 32h32c17.67 0 32-14.33 32-32V304h144c17.67 0 32-14.33 32-32v-32c0-17.67-14.33-32-32-32z\"><\/path><\/svg><\/span>\n\t\t\t\t\t\t\t\t<span class=\"elementor-accordion-icon-opened\"><svg class=\"e-font-icon-svg e-fas-minus\" viewBox=\"0 0 448 512\" xmlns=\"http:\/\/www.w3.org\/2000\/svg\"><path d=\"M416 208H32c-17.67 0-32 14.33-32 32v32c0 17.67 14.33 32 32 32h384c17.67 0 32-14.33 32-32v-32c0-17.67-14.33-32-32-32z\"><\/path><\/svg><\/span>\n\t\t\t\t\t\t\t\t\t\t\t\t\t\t<\/span>\n\t\t\t\t\t\t\t\t\t\t\t\t<a class=\"elementor-accordion-title\" tabindex=\"0\">Blog: M\u00f3da, \u017eivotn\u00ed styl a inspirativn\u00ed obsah<\/a>\n\t\t\t\t\t<\/div>\n\t\t\t\t\t<div id=\"elementor-tab-content-4883\" class=\"elementor-tab-content elementor-clearfix\" data-tab=\"3\" role=\"region\" aria-labelledby=\"elementor-tab-title-4883\"><p class=\"whitespace-pre-wrap break-words\">V The Cozy Lady nenab\u00edz\u00edme jen produkty; na\u0161\u00edm c\u00edlem je tak\u00e9 obohatit v\u00e1\u0161 \u017eivot inspirativn\u00edm obsahem. Na na\u0161em blogu najdete \u0161irokou \u0161k\u00e1lu t\u00e9mat od m\u00f3dn\u00edch trend\u016f p\u0159es n\u00e1pady na dekoraci, tipy na cestov\u00e1n\u00ed a\u017e po rady pro zdrav\u00fd \u017eivotn\u00ed styl. N\u00e1\u0161 t\u00fdm a host\u00e9-bloge\u0159i pro v\u00e1s pe\u010dliv\u011b p\u0159ipravuj\u00ed origin\u00e1ln\u00ed a informativn\u00ed \u010dl\u00e1nky. P\u0159i n\u00e1v\u0161t\u011bv\u011b na\u0161eho blogu se budete c\u00edtit pohodln\u011b a p\u0159\u00edjemn\u011b. P\u0159i \u010dten\u00ed na\u0161ich p\u0159\u00edsp\u011bvk\u016f objev\u00edte n\u00e1pady, kter\u00e9 vnesou barvu do va\u0161eho ka\u017edodenn\u00edho \u017eivota, najdete inspiraci a l\u00e9pe pozn\u00e1te sami sebe. Nav\u00edc m\u016f\u017eete sv\u016fj n\u00e1kupn\u00ed z\u00e1\u017eitek zp\u0159\u00edjemnit podrobn\u00fdmi informacemi o na\u0161ich kolekc\u00edch a produktech, kter\u00e9 na blogu najdete. P\u0159ipojte se k blogov\u00e9 rodin\u011b Cozy Lady, poj\u010fme se spole\u010dn\u011b u\u010dit, objevovat a inspirovat!<\/p><\/div>\n\t\t\t\t<\/div>\n\t\t\t\t\t\t\t<div class=\"elementor-accordion-item\">\n\t\t\t\t\t<div id=\"elementor-tab-title-4884\" class=\"elementor-tab-title\" data-tab=\"4\" role=\"button\" aria-controls=\"elementor-tab-content-4884\" aria-expanded=\"false\">\n\t\t\t\t\t\t\t\t\t\t\t\t\t<span class=\"elementor-accordion-icon elementor-accordion-icon-left\" aria-hidden=\"true\">\n\t\t\t\t\t\t\t\t\t\t\t\t\t\t\t<span class=\"elementor-accordion-icon-closed\"><svg class=\"e-font-icon-svg e-fas-plus\" viewBox=\"0 0 448 512\" xmlns=\"http:\/\/www.w3.org\/2000\/svg\"><path d=\"M416 208H272V64c0-17.67-14.33-32-32-32h-32c-17.67 0-32 14.33-32 32v144H32c-17.67 0-32 14.33-32 32v32c0 17.67 14.33 32 32 32h144v144c0 17.67 14.33 32 32 32h32c17.67 0 32-14.33 32-32V304h144c17.67 0 32-14.33 32-32v-32c0-17.67-14.33-32-32-32z\"><\/path><\/svg><\/span>\n\t\t\t\t\t\t\t\t<span class=\"elementor-accordion-icon-opened\"><svg class=\"e-font-icon-svg e-fas-minus\" viewBox=\"0 0 448 512\" xmlns=\"http:\/\/www.w3.org\/2000\/svg\"><path d=\"M416 208H32c-17.67 0-32 14.33-32 32v32c0 17.67 14.33 32 32 32h384c17.67 0 32-14.33 32-32v-32c0-17.67-14.33-32-32-32z\"><\/path><\/svg><\/span>\n\t\t\t\t\t\t\t\t\t\t\t\t\t\t<\/span>\n\t\t\t\t\t\t\t\t\t\t\t\t<a class=\"elementor-accordion-title\" tabindex=\"0\">Nakupov\u00e1n\u00ed u Cozy Lady je bezpe\u010dn\u00e9: 30denn\u00ed z\u00e1ruka vr\u00e1cen\u00ed pen\u011bz!<\/a>\n\t\t\t\t\t<\/div>\n\t\t\t\t\t<div id=\"elementor-tab-content-4884\" class=\"elementor-tab-content elementor-clearfix\" data-tab=\"4\" role=\"region\" aria-labelledby=\"elementor-tab-title-4884\"><p class=\"whitespace-pre-wrap break-words\">Mil\u00ed p\u0159\u00e1tel\u00e9, na\u0161\u00ed nejv\u011bt\u0161\u00ed prioritou je nab\u00eddnout v\u00e1m ty nejlep\u0161\u00ed a nejkvalitn\u011bj\u0161\u00ed produkty. Ka\u017ed\u00fd produkt pe\u010dliv\u011b vyb\u00edr\u00e1me tak, aby vyhovoval va\u0161emu stylu a pot\u0159eb\u00e1m. V\u00edme v\u0161ak, \u017ee p\u0159i online nakupov\u00e1n\u00ed nem\u00e1te v\u017edy mo\u017enost produkt si osahat a vyzkou\u0161et. A pr\u00e1v\u011b tady p\u0159ich\u00e1z\u00ed na \u0159adu na\u0161e 30denn\u00ed z\u00e1ruka vr\u00e1cen\u00ed pen\u011bz, kter\u00e1 v\u00e1m zajist\u00ed bezpe\u010dn\u00fd a p\u0159\u00edjemn\u00fd n\u00e1kupn\u00ed z\u00e1\u017eitek.<\/p><p class=\"whitespace-pre-wrap break-words\">Pokud vybran\u00fd produkt nespln\u00ed va\u0161e o\u010dek\u00e1v\u00e1n\u00ed nebo s n\u00edm nebudete z jak\u00e9hokoli d\u016fvodu spokojeni, nen\u00ed to \u017e\u00e1dn\u00fd probl\u00e9m. Sta\u010d\u00ed n\u00e1m d\u00e1t v\u011bd\u011bt do 30 dn\u016f. Va\u0161e spokojenost je pro n\u00e1s velmi d\u016fle\u017eit\u00e1, proto jsme proces vr\u00e1cen\u00ed zbo\u017e\u00ed co nejv\u00edce zjednodu\u0161ili. Sta\u010d\u00ed n\u00e1m produkt vr\u00e1tit v p\u016fvodn\u00edm stavu. Okam\u017eit\u011b v\u00e1m vr\u00e1t\u00edme celou \u010d\u00e1stku bez jak\u00fdchkoli ot\u00e1zek.<\/p><p class=\"whitespace-pre-wrap break-words\">P\u0159i nakupov\u00e1n\u00ed u The Cozy Lady si m\u016f\u017eete v pohodl\u00ed domova vyb\u00edrat a b\u00fdt v klidu. Jsme tu pro va\u0161e \u0161t\u011bst\u00ed a spokojenost a s radost\u00ed v\u00e1s budeme doprov\u00e1zet na ka\u017ed\u00e9m kroku.<\/p><\/div>\n\t\t\t\t<\/div>\n\t\t\t\t\t\t\t\t<\/div>\n\t\t\t\t<\/div>\n\t\t\t\t<\/div>\n\t\t\t\t\t<\/div>\n\t\t<\/div>\n\t\t\t\t<div class=\"elementor-column elementor-col-25 elementor-top-column elementor-element elementor-element-2058690d\" data-id=\"2058690d\" data-element_type=\"column\">\n\t\t\t<div class=\"elementor-widget-wrap\">\n\t\t\t\t\t\t\t<\/div>\n\t\t<\/div>\n\t\t\t\t<div class=\"elementor-column elementor-col-25 elementor-top-column elementor-element elementor-element-43d90edd\" data-id=\"43d90edd\" data-element_type=\"column\">\n\t\t\t<div class=\"elementor-widget-wrap elementor-element-populated\">\n\t\t\t\t\t\t<div class=\"elementor-element elementor-element-431034c5 elementor-widget elementor-widget-heading\" data-id=\"431034c5\" data-element_type=\"widget\" data-widget_type=\"heading.default\">\n\t\t\t\t<div class=\"elementor-widget-container\">\n\t\t\t<h3 class=\"elementor-heading-title elementor-size-default\">Otev\u00edrac\u00ed doba<\/h3>\t\t<\/div>\n\t\t\t\t<\/div>\n\t\t\t\t<div class=\"elementor-element elementor-element-1c4d2456 elementor-widget elementor-widget-text-editor\" data-id=\"1c4d2456\" data-element_type=\"widget\" data-widget_type=\"text-editor.default\">\n\t\t\t\t<div class=\"elementor-widget-container\">\n\t\t\t\t\t\t\t<table style=\"font-weight: 600;\"><tbody><tr><td>Pond\u011bl\u00ed:<\/td><td class=\"text-right\">09:00 &#8211; 18-00<\/td><\/tr><tr><td>\u00dater\u00fd:<\/td><td class=\"text-right\">09:00 &#8211; 18-00<\/td><\/tr><tr><td>St\u0159eda:<\/td><td class=\"text-right\">09:00 &#8211; 18-00<\/td><\/tr><tr><td>\u010ctvrtek:<\/td><td class=\"text-right\">09:00 &#8211; 18-00<\/td><\/tr><tr><td>P\u00e1tek:<\/td><td class=\"text-right\">09:00 &#8211; 18-00<\/td><\/tr><tr><td>Sobota:<\/td><td class=\"text-right\">09:00 &#8211; 12-00<\/td><\/tr><tr><td>Ned\u011ble:<\/td><td class=\"text-right\">Zav\u0159eno<\/td><\/tr><\/tbody><\/table>\t\t\t\t\t\t<\/div>\n\t\t\t\t<\/div>\n\t\t\t\t<div class=\"elementor-element elementor-element-426cd003 elementor-widget elementor-widget-heading\" data-id=\"426cd003\" data-element_type=\"widget\" data-widget_type=\"heading.default\">\n\t\t\t\t<div class=\"elementor-widget-container\">\n\t\t\t<h3 class=\"elementor-heading-title elementor-size-default\">Kari\u00e9ra<\/h3>\t\t<\/div>\n\t\t\t\t<\/div>\n\t\t\t\t<div class=\"elementor-element elementor-element-699b95de elementor-widget elementor-widget-text-editor\" data-id=\"699b95de\" data-element_type=\"widget\" data-widget_type=\"text-editor.default\">\n\t\t\t\t<div class=\"elementor-widget-container\">\n\t\t\t\t\t\t\t<p>Pokud jste nad\u0161en\u00ed z kari\u00e9rn\u00edch p\u0159\u00edle\u017eitost\u00ed v TheCozyLady, poj\u010fme se sezn\u00e1mit:<\/p><p><a href=\"mailto:hello@thecozylady.com\">hello@thecozylady.com<\/a><\/p>\t\t\t\t\t\t<\/div>\n\t\t\t\t<\/div>\n\t\t\t\t\t<\/div>\n\t\t<\/div>\n\t\t\t\t\t<\/div>\n\t\t<\/section>\n\t\t\t\t<\/div>\n\t\t","protected":false},"excerpt":{"rendered":"<p>N\u00e1\u0161 p\u0159\u00edb\u011bh Jsme t\u00fdm, kter\u00fd rozum\u00ed pot\u0159eb\u00e1m modern\u00edch \u017een a jejich bl\u00edzk\u00fdch. Na\u0161\u00edm c\u00edlem je p\u0159in\u00e1\u0161et pohodl\u00ed, eleganci a \u0161t\u011bst\u00ed prost\u0159ednictv\u00edm pe\u010dliv\u011b vybran\u00fdch produkt\u016f. V\u0161echno to za\u010dalo touhou dotknout se va\u0161eho \u017eivota. Kdy\u017e jsme se vydali na tuto cestu, na\u0161\u00edm c\u00edlem nebylo b\u00fdt jen dal\u0161\u00edm e-shopem, ale st\u00e1t se va\u0161\u00edm v\u0159el\u00fdm p\u0159\u00edtelem, kter\u00fd je s [&hellip;]<\/p>\n","protected":false},"author":1,"featured_media":0,"parent":0,"menu_order":0,"comment_status":"closed","ping_status":"closed","template":"","meta":{"footnotes":""},"class_list":["post-9898","page","type-page","status-publish","hentry"],"_links":{"self":[{"href":"https:\/\/thecozylady.com\/cs\/wp-json\/wp\/v2\/pages\/9898","targetHints":{"allow":["GET"]}}],"collection":[{"href":"https:\/\/thecozylady.com\/cs\/wp-json\/wp\/v2\/pages"}],"about":[{"href":"https:\/\/thecozylady.com\/cs\/wp-json\/wp\/v2\/types\/page"}],"author":[{"embeddable":true,"href":"https:\/\/thecozylady.com\/cs\/wp-json\/wp\/v2\/users\/1"}],"replies":[{"embeddable":true,"href":"https:\/\/thecozylady.com\/cs\/wp-json\/wp\/v2\/comments?post=9898"}],"version-history":[{"count":5,"href":"https:\/\/thecozylady.com\/cs\/wp-json\/wp\/v2\/pages\/9898\/revisions"}],"predecessor-version":[{"id":9979,"href":"https:\/\/thecozylady.com\/cs\/wp-json\/wp\/v2\/pages\/9898\/revisions\/9979"}],"wp:attachment":[{"href":"https:\/\/thecozylady.com\/cs\/wp-json\/wp\/v2\/media?parent=9898"}],"curies":[{"name":"wp","href":"https:\/\/api.w.org\/{rel}","templated":true}]}}