{"id":5282,"date":"2017-09-27T17:17:24","date_gmt":"2017-09-27T17:17:24","guid":{"rendered":"https:\/\/thecozylady.com\/cart\/"},"modified":"2024-08-18T11:06:08","modified_gmt":"2024-08-18T11:06:08","slug":"muj-kosik","status":"publish","type":"page","link":"https:\/\/thecozylady.com\/cs\/muj-kosik\/","title":{"rendered":"M\u016fj ko\u0161\u00edk"},"content":{"rendered":"<div  class=\"section-element\"><div class=\"row\"><div class=\"large-12 margin-bottom-30 nasa-col columns\"><div  class=\"wpb_text_column wpb_content_element\">\n<\/div><\/div><\/div><\/div>\n","protected":false},"excerpt":{"rendered":"","protected":false},"author":1,"featured_media":0,"parent":0,"menu_order":0,"comment_status":"closed","ping_status":"closed","template":"page-shopping-cart.php","meta":{"footnotes":""},"class_list":["post-5282","page","type-page","status-publish","hentry"],"_links":{"self":[{"href":"https:\/\/thecozylady.com\/cs\/wp-json\/wp\/v2\/pages\/5282","targetHints":{"allow":["GET"]}}],"collection":[{"href":"https:\/\/thecozylady.com\/cs\/wp-json\/wp\/v2\/pages"}],"about":[{"href":"https:\/\/thecozylady.com\/cs\/wp-json\/wp\/v2\/types\/page"}],"author":[{"embeddable":true,"href":"https:\/\/thecozylady.com\/cs\/wp-json\/wp\/v2\/users\/1"}],"replies":[{"embeddable":true,"href":"https:\/\/thecozylady.com\/cs\/wp-json\/wp\/v2\/comments?post=5282"}],"version-history":[{"count":1,"href":"https:\/\/thecozylady.com\/cs\/wp-json\/wp\/v2\/pages\/5282\/revisions"}],"predecessor-version":[{"id":10581,"href":"https:\/\/thecozylady.com\/cs\/wp-json\/wp\/v2\/pages\/5282\/revisions\/10581"}],"wp:attachment":[{"href":"https:\/\/thecozylady.com\/cs\/wp-json\/wp\/v2\/media?parent=5282"}],"curies":[{"name":"wp","href":"https:\/\/api.w.org\/{rel}","templated":true}]}}