{"id":43030,"date":"2019-08-02T09:34:08","date_gmt":"2019-08-02T09:34:08","guid":{"rendered":"https:\/\/thecozylady.com\/order-tracking\/"},"modified":"2024-09-13T01:13:38","modified_gmt":"2024-09-13T01:13:38","slug":"sledovani-objednavky","status":"publish","type":"page","link":"https:\/\/thecozylady.com\/cs\/sledovani-objednavky\/","title":{"rendered":"Sledov\u00e1n\u00ed objedn\u00e1vky"},"content":{"rendered":"<div  class=\"section-element margin-top-80 margin-bottom-80 mobile-margin-top-30 mobile-margin-bottom-10\"><div class=\"row\"><div class=\"large-2 nasa-min-height nasa-col columns\"><\/div><div class=\"large-8 nasa-col columns\"><div class=\"woocommerce\"><\/div><\/div><div class=\"large-2 nasa-min-height nasa-col columns\"><\/div><\/div><\/div>\n","protected":false},"excerpt":{"rendered":"","protected":false},"author":1,"featured_media":0,"parent":0,"menu_order":0,"comment_status":"closed","ping_status":"closed","template":"page-visual-composer.php","meta":{"footnotes":""},"class_list":["post-43030","page","type-page","status-publish","hentry"],"_links":{"self":[{"href":"https:\/\/thecozylady.com\/cs\/wp-json\/wp\/v2\/pages\/43030","targetHints":{"allow":["GET"]}}],"collection":[{"href":"https:\/\/thecozylady.com\/cs\/wp-json\/wp\/v2\/pages"}],"about":[{"href":"https:\/\/thecozylady.com\/cs\/wp-json\/wp\/v2\/types\/page"}],"author":[{"embeddable":true,"href":"https:\/\/thecozylady.com\/cs\/wp-json\/wp\/v2\/users\/1"}],"replies":[{"embeddable":true,"href":"https:\/\/thecozylady.com\/cs\/wp-json\/wp\/v2\/comments?post=43030"}],"version-history":[{"count":1,"href":"https:\/\/thecozylady.com\/cs\/wp-json\/wp\/v2\/pages\/43030\/revisions"}],"predecessor-version":[{"id":43042,"href":"https:\/\/thecozylady.com\/cs\/wp-json\/wp\/v2\/pages\/43030\/revisions\/43042"}],"wp:attachment":[{"href":"https:\/\/thecozylady.com\/cs\/wp-json\/wp\/v2\/media?parent=43030"}],"curies":[{"name":"wp","href":"https:\/\/api.w.org\/{rel}","templated":true}]}}