{"id":10420,"date":"2024-04-12T01:35:38","date_gmt":"2024-04-12T01:35:38","guid":{"rendered":"https:\/\/thecozylady.com\/distance-sales-agreement\/"},"modified":"2024-08-18T09:35:26","modified_gmt":"2024-08-18T09:35:26","slug":"smlouva-o-prodeji-na-dalku","status":"publish","type":"page","link":"https:\/\/thecozylady.com\/cs\/smlouva-o-prodeji-na-dalku\/","title":{"rendered":"Smlouva o prodeji na d\u00e1lku"},"content":{"rendered":"\t\t<div data-elementor-type=\"wp-page\" data-elementor-id=\"10420\" class=\"elementor elementor-10420 elementor-5848\">\n\t\t\t\t<div class=\"elementor-element elementor-element-647db548 e-con-full e-flex e-con e-parent\" data-id=\"647db548\" data-element_type=\"container\" data-core-v316-plus=\"true\">\n\t\t<header class=\"elementor-element elementor-element-6464531 e-con-full e-flex e-con e-child\" data-id=\"6464531\" data-element_type=\"container\">\n\t\t\t\t<div class=\"elementor-element elementor-element-cdeea6e elementor-widget elementor-widget-heading\" data-id=\"cdeea6e\" data-element_type=\"widget\" data-widget_type=\"heading.default\">\n\t\t\t\t<div class=\"elementor-widget-container\">\n\t\t\t<style>\/*! elementor - v3.20.0 - 10-04-2024 *\/\n.elementor-heading-title{padding:0;margin:0;line-height:1}.elementor-widget-heading .elementor-heading-title[class*=elementor-size-]>a{color:inherit;font-size:inherit;line-height:inherit}.elementor-widget-heading .elementor-heading-title.elementor-size-small{font-size:15px}.elementor-widget-heading .elementor-heading-title.elementor-size-medium{font-size:19px}.elementor-widget-heading .elementor-heading-title.elementor-size-large{font-size:29px}.elementor-widget-heading .elementor-heading-title.elementor-size-xl{font-size:39px}.elementor-widget-heading .elementor-heading-title.elementor-size-xxl{font-size:59px}<\/style><h1 class=\"elementor-heading-title elementor-size-default\">Smlouva o prodeji na d\u00e1lku<\/h1>\t\t<\/div>\n\t\t\t\t<\/div>\n\t\t\t\t<\/header>\n\t\t<div class=\"elementor-element elementor-element-4a4d6b8 e-flex e-con-boxed e-con e-child\" data-id=\"4a4d6b8\" data-element_type=\"container\">\n\t\t\t\t\t<div class=\"e-con-inner\">\n\t\t\t\t<div class=\"elementor-element elementor-element-bcd562a elementor-widget elementor-widget-text-editor\" data-id=\"bcd562a\" data-element_type=\"widget\" data-widget_type=\"text-editor.default\">\n\t\t\t\t<div class=\"elementor-widget-container\">\n\t\t\t<style>\/*! elementor - v3.20.0 - 10-04-2024 *\/\n.elementor-widget-text-editor.elementor-drop-cap-view-stacked .elementor-drop-cap{background-color:#69727d;color:#fff}.elementor-widget-text-editor.elementor-drop-cap-view-framed .elementor-drop-cap{color:#69727d;border:3px solid;background-color:transparent}.elementor-widget-text-editor:not(.elementor-drop-cap-view-default) .elementor-drop-cap{margin-top:8px}.elementor-widget-text-editor:not(.elementor-drop-cap-view-default) .elementor-drop-cap-letter{width:1em;height:1em}.elementor-widget-text-editor .elementor-drop-cap{float:left;text-align:center;line-height:1;font-size:50px}.elementor-widget-text-editor .elementor-drop-cap-letter{display:inline-block}<\/style>\t\t\t\t<p>Ahoj, mil\u00e1 Cozy Lady rodino! V\u00edme, \u017ee pr\u00e1vn\u00ed v\u011bci mohou b\u00fdt trochu nudn\u00e9, ale je d\u016fle\u017eit\u00e9, abychom byli na stejn\u00e9 vln\u011b. Tak co kdybychom si to spolu pro\u0161li?<\/p>\n<h4>1. Kdo je kdo<\/h4>\n<p style=\"padding-left: 30px;\">Tato smlouva je mezi n\u00e1mi (to jsme my, TheCozyLady, v\u00e1\u0161 p\u0159\u00e1telsk\u00fd online obchod ze sousedstv\u00ed) a v\u00e1mi (na\u0161\u00edm \u00fa\u017easn\u00fdm z\u00e1kazn\u00edkem). Od te\u010f si budeme \u0159\u00edkat &#8216;Prod\u00e1vaj\u00edc\u00ed&#8217; a v\u00e1m &#8216;Kupuj\u00edc\u00ed&#8217;, jen aby bylo v\u0161e jasn\u00e9.<\/p>\n<h4>2. O co tady jde?<\/h4>\n<p style=\"padding-left: 30px;\">Jednodu\u0161e \u0159e\u010deno, tato smlouva se t\u00fdk\u00e1 v\u011bc\u00ed, kter\u00e9 si koup\u00edte na na\u0161em webu. Jde o to, abychom byli oba chr\u00e1n\u011bni podle spot\u0159ebitelsk\u00fdch z\u00e1kon\u016f, zejm\u00e9na kdy\u017e jde o online nakupov\u00e1n\u00ed.<\/p>\n<h4>3. Zbo\u017e\u00ed<\/h4>\n<p style=\"padding-left: 30px;\">V\u0161echny \u0161\u0165avnat\u00e9 detaily o na\u0161ich produktech &#8211; jak vypadaj\u00ed, kolik stoj\u00ed, jak zaplatit a jak v\u00e1m je doru\u010d\u00edme &#8211; najdete p\u0159\u00edmo na na\u0161em webu. Jen upozorn\u011bn\u00ed: ob\u010das m\u016f\u017eeme upravit ceny nebo detaily produkt\u016f.<\/p>\n<h4>4. Uzav\u0159en\u00ed dohody<\/h4>\n<p style=\"padding-left: 30px;\">Jakmile kliknete na tla\u010d\u00edtko &#8216;Koupit&#8217; a va\u0161e platba projde, m\u00e1me dohodu! Objedn\u00e1n\u00edm n\u00e1m d\u00e1v\u00e1te palec nahoru, \u017ee jste si p\u0159e\u010detli a pochopili v\u0161echny d\u016fle\u017eit\u00e9 v\u011bci o produktu, doru\u010den\u00ed a vr\u00e1cen\u00ed.<\/p>\n<h4>5. Uka\u017e mi pen\u00edze<\/h4>\n<p style=\"padding-left: 30px;\">M\u016f\u017eete zaplatit jakoukoli metodou, kterou jsme na na\u0161em webu nastavili. Jen nezapome\u0148te, \u017ee pot\u0159ebujeme plnou platbu (v\u010detn\u011b n\u00e1klad\u016f na dopravu), ne\u017e m\u016f\u017eeme va\u0161e dobroty poslat na cestu.<\/p>\n<h4>6. Doru\u010den\u00ed va\u0161ich dobrot<\/h4>\n<p style=\"padding-left: 30px;\">Slibujeme, \u017ee v\u00e1m objedn\u00e1vku doru\u010d\u00edme maxim\u00e1ln\u011b do 30 dn\u016f. Po\u0161leme ji tam, kam jste n\u00e1m \u0159ekli v objedn\u00e1vkov\u00e9m formul\u00e1\u0159i. Jak dlouho to bude trvat, se m\u016f\u017ee li\u0161it podle toho, co jste si objednali a jakou doru\u010dovac\u00ed slu\u017ebu pou\u017eijeme.<\/p>\n<h4>7. Rozmysleli jste si to?<\/h4>\n<p style=\"padding-left: 30px;\">\u017d\u00e1dn\u00fd probl\u00e9m! M\u00e1te 14 dn\u00ed od obdr\u017een\u00ed zbo\u017e\u00ed na to, abyste n\u00e1m dali v\u011bd\u011bt, \u017ee ho chcete vr\u00e1tit. Nemus\u00edte n\u00e1m ud\u00e1vat d\u016fvod &#8211; sta\u010d\u00ed n\u00e1m to v t\u00e9to lh\u016ft\u011b p\u00edsemn\u011b ozn\u00e1mit.<\/p>\n<h4>8. Pos\u00edl\u00e1n\u00ed zp\u011bt<\/h4>\n<p style=\"padding-left: 30px;\">Pokud se rozhodnete n\u011bco vr\u00e1tit, ujist\u011bte se, \u017ee je to nepou\u017eit\u00e9, v p\u016fvodn\u00edm obalu a st\u00e1le v perfektn\u00edm stavu. Budete muset uhradit n\u00e1klady na zasl\u00e1n\u00ed zp\u011bt k n\u00e1m. Jakmile obdr\u017e\u00edme va\u0161e ozn\u00e1men\u00ed o vr\u00e1cen\u00ed, vr\u00e1t\u00edme v\u00e1m pen\u00edze do 14 dn\u016f.<\/p>\n<h4>9. N\u00e1\u0161 slib<\/h4>\n<p style=\"padding-left: 30px;\">V\u0161echny na\u0161e produkty maj\u00ed z\u00e1ruku v\u00fdrobce. Pokud n\u011bco nen\u00ed v po\u0159\u00e1dku, dejte n\u00e1m v\u011bd\u011bt a my to vy\u0159e\u0161\u00edme podle z\u00e1ru\u010dn\u00edch podm\u00ednek.<\/p>\n<h4>10. Va\u0161e soukrom\u00ed je d\u016fle\u017eit\u00e9<\/h4>\n<p style=\"padding-left: 30px;\">Va\u0161e soukrom\u00ed bereme v\u00e1\u017en\u011b. Va\u0161e osobn\u00ed \u00fadaje uchov\u00e1me v bezpe\u010d\u00ed a nikomu je nep\u0159ed\u00e1me, pokud to po n\u00e1s nebude vy\u017eadovat z\u00e1kon. V\u017edy dodr\u017eujeme nejnov\u011bj\u0161\u00ed z\u00e1kony o ochran\u011b osobn\u00edch \u00fadaj\u016f.<\/p>\n<h4>11. Kdy\u017e se n\u011bco pokaz\u00ed<\/h4>\n<p style=\"padding-left: 30px;\">Douf\u00e1me, \u017ee se to nestane, ale pokud naraz\u00edme na n\u011bjak\u00fd probl\u00e9m, vy\u0159e\u0161\u00edme to podle p\u0159\u00edslu\u0161n\u00fdch z\u00e1kon\u016f. V p\u0159\u00edpad\u011b pot\u0159eby n\u00e1m s \u0159e\u0161en\u00edm probl\u00e9m\u016f pomohou p\u0159\u00edslu\u0161n\u00e9 soudy.<\/p>\n<h4>12. Jak dlouho to plat\u00ed?<\/h4>\n<p style=\"padding-left: 30px;\">Tato smlouva plat\u00ed, dokud se jeden z n\u00e1s nerozhodne ji ukon\u010dit. \u010cas od \u010dasu m\u016f\u017eeme podm\u00ednky aktualizovat, ale v\u017edy v\u00e1m to d\u00e1me v\u011bd\u011bt zve\u0159ejn\u011bn\u00edm zm\u011bn na na\u0161em webu.<\/p>\t\t\t\t\t\t<\/div>\n\t\t\t\t<\/div>\n\t\t\t\t\t<\/div>\n\t\t\t\t<\/div>\n\t\t\t\t<\/div>\n\t\t\t\t<\/div>\n\t\t","protected":false},"excerpt":{"rendered":"<p>Smlouva o prodeji na d\u00e1lku Ahoj, mil\u00e1 Cozy Lady rodino! V\u00edme, \u017ee pr\u00e1vn\u00ed v\u011bci mohou b\u00fdt trochu nudn\u00e9, ale je d\u016fle\u017eit\u00e9, abychom byli na stejn\u00e9 vln\u011b. Tak co kdybychom si to spolu pro\u0161li? 1. Kdo je kdo Tato smlouva je mezi n\u00e1mi (to jsme my, TheCozyLady, v\u00e1\u0161 p\u0159\u00e1telsk\u00fd online obchod ze sousedstv\u00ed) a v\u00e1mi (na\u0161\u00edm [&hellip;]<\/p>\n","protected":false},"author":1,"featured_media":0,"parent":0,"menu_order":0,"comment_status":"closed","ping_status":"closed","template":"","meta":{"footnotes":""},"class_list":["post-10420","page","type-page","status-publish","hentry"],"_links":{"self":[{"href":"https:\/\/thecozylady.com\/cs\/wp-json\/wp\/v2\/pages\/10420","targetHints":{"allow":["GET"]}}],"collection":[{"href":"https:\/\/thecozylady.com\/cs\/wp-json\/wp\/v2\/pages"}],"about":[{"href":"https:\/\/thecozylady.com\/cs\/wp-json\/wp\/v2\/types\/page"}],"author":[{"embeddable":true,"href":"https:\/\/thecozylady.com\/cs\/wp-json\/wp\/v2\/users\/1"}],"replies":[{"embeddable":true,"href":"https:\/\/thecozylady.com\/cs\/wp-json\/wp\/v2\/comments?post=10420"}],"version-history":[{"count":5,"href":"https:\/\/thecozylady.com\/cs\/wp-json\/wp\/v2\/pages\/10420\/revisions"}],"predecessor-version":[{"id":10469,"href":"https:\/\/thecozylady.com\/cs\/wp-json\/wp\/v2\/pages\/10420\/revisions\/10469"}],"wp:attachment":[{"href":"https:\/\/thecozylady.com\/cs\/wp-json\/wp\/v2\/media?parent=10420"}],"curies":[{"name":"wp","href":"https:\/\/api.w.org\/{rel}","templated":true}]}}