{"id":10207,"date":"2024-04-12T03:50:35","date_gmt":"2024-04-12T03:50:35","guid":{"rendered":"https:\/\/thecozylady.com\/terms-and-condition\/"},"modified":"2024-08-18T02:26:47","modified_gmt":"2024-08-18T02:26:47","slug":"smluvni-podminky","status":"publish","type":"page","link":"https:\/\/thecozylady.com\/cs\/smluvni-podminky\/","title":{"rendered":"Smluvn\u00ed podm\u00ednky"},"content":{"rendered":"\t\t<div data-elementor-type=\"wp-page\" data-elementor-id=\"10207\" class=\"elementor elementor-10207 elementor-5903\">\n\t\t\t\t<div class=\"elementor-element elementor-element-fca4eb6 e-con-full e-flex e-con e-parent\" data-id=\"fca4eb6\" data-element_type=\"container\" data-core-v316-plus=\"true\">\n\t\t<div class=\"elementor-element elementor-element-cfb7e68 e-con-full e-flex e-con e-child\" data-id=\"cfb7e68\" data-element_type=\"container\">\n\t\t\t\t<div class=\"elementor-element elementor-element-4ae612e elementor-widget elementor-widget-heading\" data-id=\"4ae612e\" data-element_type=\"widget\" data-widget_type=\"heading.default\">\n\t\t\t\t<div class=\"elementor-widget-container\">\n\t\t\t<style>\/*! elementor - v3.20.0 - 10-04-2024 *\/\n.elementor-heading-title{padding:0;margin:0;line-height:1}.elementor-widget-heading .elementor-heading-title[class*=elementor-size-]>a{color:inherit;font-size:inherit;line-height:inherit}.elementor-widget-heading .elementor-heading-title.elementor-size-small{font-size:15px}.elementor-widget-heading .elementor-heading-title.elementor-size-medium{font-size:19px}.elementor-widget-heading .elementor-heading-title.elementor-size-large{font-size:29px}.elementor-widget-heading .elementor-heading-title.elementor-size-xl{font-size:39px}.elementor-widget-heading .elementor-heading-title.elementor-size-xxl{font-size:59px}<\/style><h1 class=\"elementor-heading-title elementor-size-default\">Smluvn\u00ed podm\u00ednky<\/h1>\t\t<\/div>\n\t\t\t\t<\/div>\n\t\t\t\t<\/div>\n\t\t<div class=\"elementor-element elementor-element-7231c30 e-flex e-con-boxed e-con e-child\" data-id=\"7231c30\" data-element_type=\"container\">\n\t\t\t\t\t<div class=\"e-con-inner\">\n\t\t\t\t<div class=\"elementor-element elementor-element-381e8d2 elementor-widget elementor-widget-text-editor\" data-id=\"381e8d2\" data-element_type=\"widget\" data-widget_type=\"text-editor.default\">\n\t\t\t\t<div class=\"elementor-widget-container\">\n\t\t\t<style>\/*! elementor - v3.20.0 - 10-04-2024 *\/\n.elementor-widget-text-editor.elementor-drop-cap-view-stacked .elementor-drop-cap{background-color:#69727d;color:#fff}.elementor-widget-text-editor.elementor-drop-cap-view-framed .elementor-drop-cap{color:#69727d;border:3px solid;background-color:transparent}.elementor-widget-text-editor:not(.elementor-drop-cap-view-default) .elementor-drop-cap{margin-top:8px}.elementor-widget-text-editor:not(.elementor-drop-cap-view-default) .elementor-drop-cap-letter{width:1em;height:1em}.elementor-widget-text-editor .elementor-drop-cap{float:left;text-align:center;line-height:1;font-size:50px}.elementor-widget-text-editor .elementor-drop-cap-letter{display:inline-block}<\/style>\t\t\t\t<p>V\u00edtejte v rodin\u011b TheCozyLady! Pou\u017e\u00edv\u00e1n\u00edm na\u0161eho webu souhlas\u00edte s t\u011bmito podm\u00ednkami. Pokud s nimi nesouhlas\u00edte, pros\u00edme v\u00e1s, abyste n\u00e1\u0161 web nepou\u017e\u00edvali. Tyto podm\u00ednky m\u016f\u017eeme \u010das od \u010dasu aktualizovat bez upozorn\u011bn\u00ed, tak\u017ee se k nim klidn\u011b ob\u010das vra\u0165te.<\/p>\n<h4>V\u00e1\u0161 \u00fa\u010det a bezpe\u010dnost<\/h4>\n<p style=\"padding-left: 30px;\">Pro n\u00e1kup u n\u00e1s si mo\u017en\u00e1 budete muset vytvo\u0159it \u00fa\u010det. V\u011b\u0159\u00edme, \u017ee budete udr\u017eovat sv\u00e9 \u00fadaje v bezpe\u010d\u00ed. Pokud si v\u0161imnete n\u011b\u010deho podez\u0159el\u00e9ho na sv\u00e9m \u00fa\u010dtu, dejte n\u00e1m pros\u00edm hned v\u011bd\u011bt \u2013 jsme tu, abychom v\u00e1m pomohli!<\/p>\n<h4>Na\u0161e produkty a ceny<\/h4>\n<p style=\"padding-left: 30px;\">Sna\u017e\u00edme se udr\u017eovat v\u0161e aktu\u00e1ln\u00ed, ale n\u011bkdy se ceny a dostupnost zbo\u017e\u00ed mohou zm\u011bnit bez varov\u00e1n\u00ed. Pokud ud\u011bl\u00e1me chybu v cen\u00e1ch nebo popisech produkt\u016f (jsme jen lid\u00e9!), vyhrazujeme si pr\u00e1vo va\u0161i objedn\u00e1vku zru\u0161it nebo upravit. Pamatujte, \u017ee v\u0161echny na\u0161e kr\u00e1sn\u00e9 produkty podl\u00e9haj\u00ed dostupnosti.<\/p>\n<h4>Objedn\u00e1vky a platby<\/h4>\n<p style=\"padding-left: 30px;\">Kdy\u017e dokon\u010d\u00edte objedn\u00e1vku, d\u011bl\u00e1te nab\u00eddku ke koupi. Jakmile va\u0161i objedn\u00e1vku potvrd\u00edme, je to hotov\u00e1 v\u011bc! V\u011b\u0159\u00edme, \u017ee poskytnete p\u0159esn\u00e9 platebn\u00ed \u00fadaje. Nebojte se \u2013 pou\u017e\u00edv\u00e1me SSL \u0161ifrov\u00e1n\u00ed, abychom udr\u017eeli va\u0161e platebn\u00ed \u00fadaje v bezpe\u010d\u00ed.<\/p>\n<h4>Doru\u010den\u00ed a vr\u00e1cen\u00ed zbo\u017e\u00ed<\/h4>\n<p style=\"padding-left: 30px;\">Doba doru\u010den\u00ed se m\u016f\u017ee li\u0161it v z\u00e1vislosti na produktu a va\u0161\u00ed lokalit\u011b. Pro v\u0161echny podrobnosti o vr\u00e1cen\u00ed a v\u00fdm\u011bn\u011b zbo\u017e\u00ed se pod\u00edvejte na na\u0161i str\u00e1nku Z\u00e1sady vr\u00e1cen\u00ed zbo\u017e\u00ed. Jen upozor\u0148ujeme \u2013 n\u011bkter\u00e9 polo\u017eky nelze vr\u00e1tit z hygienick\u00fdch d\u016fvod\u016f.<\/p>\n<h4>Du\u0161evn\u00ed vlastnictv\u00ed<\/h4>\n<p style=\"padding-left: 30px;\">Ve\u0161ker\u00fd obsah na na\u0161em webu (text, grafika, loga, obr\u00e1zky, zvukov\u00e9 klipy, digit\u00e1ln\u00ed stahov\u00e1n\u00ed, kompilace dat) a software, kter\u00fd pou\u017e\u00edv\u00e1me, pat\u0159\u00ed The Cozy Lady nebo na\u0161im poskytovatel\u016fm obsahu. V\u0161e je chr\u00e1n\u011bno autorsk\u00fdmi pr\u00e1vy, tak\u017ee to pros\u00edm respektujte.<\/p>\n<h4>V\u00e1\u0161 obsah<\/h4>\n<p style=\"padding-left: 30px;\">Kdy\u017e sd\u00edl\u00edte koment\u00e1\u0159e nebo recenze na na\u0161em webu, d\u00e1v\u00e1te n\u00e1m svolen\u00ed tento obsah pou\u017e\u00edvat, reprodukovat a sd\u00edlet. V\u011b\u0159\u00edme, \u017ee budete udr\u017eovat v\u011bci p\u0159\u00e1telsk\u00e9 a vhodn\u00e9 \u2013 jste zodpov\u011bdn\u00ed za to, \u017ee v\u00e1\u0161 obsah je leg\u00e1ln\u00ed a ne\u0161kodn\u00fd.<\/p>\n<h4>Odpov\u011bdnost<\/h4>\n<p style=\"padding-left: 30px;\">D\u011bl\u00e1me v\u0161e pro to, aby va\u0161e zku\u0161enost byla skv\u011bl\u00e1, ale nem\u016f\u017eeme b\u00fdt zodpov\u011bdn\u00ed za jak\u00e9koli \u0161kody vypl\u00fdvaj\u00edc\u00ed z pou\u017e\u00edv\u00e1n\u00ed na\u0161eho webu. Nab\u00edz\u00edme n\u00e1\u0161 web &#8220;tak, jak je&#8221; bez jak\u00fdchkoli z\u00e1ruk.<\/p>\n<h4>\u0158e\u0161en\u00ed spor\u016f<\/h4>\n<p style=\"padding-left: 30px;\">Pokud by n\u011bkdy do\u0161lo k neshod\u011b ohledn\u011b t\u011bchto podm\u00ednek, poj\u010fme se nejprve pokusit vy\u0159e\u0161it to spolu. Pokud nem\u016f\u017eeme, budeme muset nechat p\u0159\u00edslu\u0161n\u00e9 soudy, aby to vy\u0159e\u0161ily.<\/p>\n<h4>Platnost<\/h4>\n<p style=\"padding-left: 30px;\">Pokud se uk\u00e1\u017ee, \u017ee n\u011bkter\u00e1 \u010d\u00e1st t\u011bchto podm\u00ednek je neplatn\u00e1 nebo nevymahateln\u00e1, zbytek z\u016fstane v platnosti. Nahrad\u00edme neplatn\u00e9 \u010d\u00e1sti n\u011b\u010d\u00edm podobn\u00fdm, co je platn\u00e9 a vymahateln\u00e9.<\/p>\n<h4>Kontaktujte n\u00e1s<\/h4>\n<p style=\"padding-left: 30px;\">M\u00e1te n\u011bjak\u00e9 ot\u00e1zky nebo obavy ohledn\u011b t\u011bchto podm\u00ednek? R\u00e1di od v\u00e1s usly\u0161\u00edme! Sta\u010d\u00ed n\u00e1m napsat na hello@thecozylady.com. V\u017edy r\u00e1di pokec\u00e1me a vyjasn\u00edme v\u011bci.<\/p>\t\t\t\t\t\t<\/div>\n\t\t\t\t<\/div>\n\t\t\t\t\t<\/div>\n\t\t\t\t<\/div>\n\t\t\t\t<\/div>\n\t\t\t\t<\/div>\n\t\t","protected":false},"excerpt":{"rendered":"<p>Smluvn\u00ed podm\u00ednky V\u00edtejte v rodin\u011b TheCozyLady! Pou\u017e\u00edv\u00e1n\u00edm na\u0161eho webu souhlas\u00edte s t\u011bmito podm\u00ednkami. Pokud s nimi nesouhlas\u00edte, pros\u00edme v\u00e1s, abyste n\u00e1\u0161 web nepou\u017e\u00edvali. Tyto podm\u00ednky m\u016f\u017eeme \u010das od \u010dasu aktualizovat bez upozorn\u011bn\u00ed, tak\u017ee se k nim klidn\u011b ob\u010das vra\u0165te. V\u00e1\u0161 \u00fa\u010det a bezpe\u010dnost Pro n\u00e1kup u n\u00e1s si mo\u017en\u00e1 budete muset vytvo\u0159it \u00fa\u010det. V\u011b\u0159\u00edme, \u017ee [&hellip;]<\/p>\n","protected":false},"author":1,"featured_media":0,"parent":0,"menu_order":0,"comment_status":"closed","ping_status":"closed","template":"","meta":{"footnotes":""},"class_list":["post-10207","page","type-page","status-publish","hentry"],"_links":{"self":[{"href":"https:\/\/thecozylady.com\/cs\/wp-json\/wp\/v2\/pages\/10207","targetHints":{"allow":["GET"]}}],"collection":[{"href":"https:\/\/thecozylady.com\/cs\/wp-json\/wp\/v2\/pages"}],"about":[{"href":"https:\/\/thecozylady.com\/cs\/wp-json\/wp\/v2\/types\/page"}],"author":[{"embeddable":true,"href":"https:\/\/thecozylady.com\/cs\/wp-json\/wp\/v2\/users\/1"}],"replies":[{"embeddable":true,"href":"https:\/\/thecozylady.com\/cs\/wp-json\/wp\/v2\/comments?post=10207"}],"version-history":[{"count":5,"href":"https:\/\/thecozylady.com\/cs\/wp-json\/wp\/v2\/pages\/10207\/revisions"}],"predecessor-version":[{"id":10264,"href":"https:\/\/thecozylady.com\/cs\/wp-json\/wp\/v2\/pages\/10207\/revisions\/10264"}],"wp:attachment":[{"href":"https:\/\/thecozylady.com\/cs\/wp-json\/wp\/v2\/media?parent=10207"}],"curies":[{"name":"wp","href":"https:\/\/api.w.org\/{rel}","templated":true}]}}